{"id":195916,"date":"2026-04-01T18:35:02","date_gmt":"2026-04-01T18:35:02","guid":{"rendered":"https:\/\/modesthanim.com\/product\/velro-b6fx-haki-erkek-bebek-sabo-terlik\/"},"modified":"2026-04-04T18:13:46","modified_gmt":"2026-04-04T18:13:46","slug":"velro-b6fx-haki-erkek-bebek-sabo-terlik","status":"publish","type":"product","link":"https:\/\/mod.wisdar.net\/tr\/urun\/velro-b6fx-haki-erkek-bebek-sabo-terlik\/","title":{"rendered":"VELRO.B6FX Haki Erkek Bebek Sabo Terlik"},"content":{"rendered":"<p>Polaris VELRO.B6FX Haki Erkek Bebek Sabo Terlik size \u00f6zel indirim, taksit ve kap\u0131da \u00f6deme avantajlar\u0131yla LCW&#8217;de! Hemen online al\u0131\u015fveri\u015f yap, \u00fcr\u00fcn kap\u0131na gelsin! \u2013 S000526446-18547<\/p>\n","protected":false},"excerpt":{"rendered":"<p>Polaris VELRO.B6FX Haki Erkek Bebek Sabo Terlik size \u00f6zel indirim, taksit ve kap\u0131da \u00f6deme avantajlar\u0131yla LCW&#8217;de! Hemen online al\u0131\u015fveri\u015f yap, \u00fcr\u00fcn kap\u0131na gelsin! \u2013 S000526446-18547<\/p>\n","protected":false},"featured_media":195908,"comment_status":"open","ping_status":"closed","template":"","meta":[],"product_brand":[],"product_cat":[8694,8697,8700],"product_tag":[],"class_list":{"0":"post-195916","1":"product","2":"type-product","3":"status-publish","4":"has-post-thumbnail","6":"product_cat-cocuklar","7":"product_cat-yenidogan-0-12-ay","8":"product_cat-yenidogan-giyim","9":"pa_brand-polaris","10":"pa_color-haki","11":"pa_size-10715","12":"pa_size-10720","13":"pa_size-10726","14":"pa_size-7851","16":"first","17":"instock","18":"sale","19":"shipping-taxable","20":"purchasable","21":"product-type-variable"},"_links":{"self":[{"href":"https:\/\/mod.wisdar.net\/tr\/wp-json\/wp\/v2\/product\/195916","targetHints":{"allow":["GET"]}}],"collection":[{"href":"https:\/\/mod.wisdar.net\/tr\/wp-json\/wp\/v2\/product"}],"about":[{"href":"https:\/\/mod.wisdar.net\/tr\/wp-json\/wp\/v2\/types\/product"}],"replies":[{"embeddable":true,"href":"https:\/\/mod.wisdar.net\/tr\/wp-json\/wp\/v2\/comments?post=195916"}],"wp:featuredmedia":[{"embeddable":true,"href":"https:\/\/mod.wisdar.net\/tr\/wp-json\/wp\/v2\/media\/195908"}],"wp:attachment":[{"href":"https:\/\/mod.wisdar.net\/tr\/wp-json\/wp\/v2\/media?parent=195916"}],"wp:term":[{"taxonomy":"product_brand","embeddable":true,"href":"https:\/\/mod.wisdar.net\/tr\/wp-json\/wp\/v2\/product_brand?post=195916"},{"taxonomy":"product_cat","embeddable":true,"href":"https:\/\/mod.wisdar.net\/tr\/wp-json\/wp\/v2\/product_cat?post=195916"},{"taxonomy":"product_tag","embeddable":true,"href":"https:\/\/mod.wisdar.net\/tr\/wp-json\/wp\/v2\/product_tag?post=195916"}],"curies":[{"name":"wp","href":"https:\/\/api.w.org\/{rel}","templated":true}]}}