{"id":195970,"date":"2026-04-01T18:36:14","date_gmt":"2026-04-01T18:36:14","guid":{"rendered":"https:\/\/modesthanim.com\/product\/erkek-bebek-cirt-bantli-ilkadim-gri-ayakkabi\/"},"modified":"2026-04-01T18:36:42","modified_gmt":"2026-04-01T18:36:42","slug":"erkek-bebek-cirt-bantli-ilkadim-gri-ayakkabi","status":"publish","type":"product","link":"https:\/\/mod.wisdar.net\/tr\/urun\/erkek-bebek-cirt-bantli-ilkadim-gri-ayakkabi\/","title":{"rendered":"Erkek Bebek C\u0131rt Bantl\u0131 \u0130lkad\u0131m Gri Ayakkab\u0131"},"content":{"rendered":"<p>Pan\u00e7o Erkek Bebek C\u0131rt Bantl\u0131 \u0130lkad\u0131m Gri Ayakkab\u0131 size \u00f6zel indirim, taksit ve kap\u0131da \u00f6deme avantajlar\u0131yla LCW&#8217;de! Hemen online al\u0131\u015fveri\u015f yap, \u00fcr\u00fcn kap\u0131na gelsin! \u2013 S000524116-20600<\/p>\n","protected":false},"excerpt":{"rendered":"<p>Pan\u00e7o Erkek Bebek C\u0131rt Bantl\u0131 \u0130lkad\u0131m Gri Ayakkab\u0131 size \u00f6zel indirim, taksit ve kap\u0131da \u00f6deme avantajlar\u0131yla LCW&#8217;de! Hemen online al\u0131\u015fveri\u015f yap, \u00fcr\u00fcn kap\u0131na gelsin! \u2013 S000524116-20600<\/p>\n","protected":false},"featured_media":195967,"comment_status":"open","ping_status":"closed","template":"","meta":[],"product_brand":[],"product_cat":[8694,8697,8700],"product_tag":[],"class_list":{"0":"post-195970","1":"product","2":"type-product","3":"status-publish","4":"has-post-thumbnail","6":"product_cat-cocuklar","7":"product_cat-yenidogan-0-12-ay","8":"product_cat-yenidogan-giyim","9":"pa_brand-panco","10":"pa_color-gri","11":"pa_size-10715","12":"pa_size-10720","13":"pa_size-10726","15":"first","16":"instock","17":"sale","18":"shipping-taxable","19":"purchasable","20":"product-type-variable"},"_links":{"self":[{"href":"https:\/\/mod.wisdar.net\/tr\/wp-json\/wp\/v2\/product\/195970","targetHints":{"allow":["GET"]}}],"collection":[{"href":"https:\/\/mod.wisdar.net\/tr\/wp-json\/wp\/v2\/product"}],"about":[{"href":"https:\/\/mod.wisdar.net\/tr\/wp-json\/wp\/v2\/types\/product"}],"replies":[{"embeddable":true,"href":"https:\/\/mod.wisdar.net\/tr\/wp-json\/wp\/v2\/comments?post=195970"}],"wp:featuredmedia":[{"embeddable":true,"href":"https:\/\/mod.wisdar.net\/tr\/wp-json\/wp\/v2\/media\/195967"}],"wp:attachment":[{"href":"https:\/\/mod.wisdar.net\/tr\/wp-json\/wp\/v2\/media?parent=195970"}],"wp:term":[{"taxonomy":"product_brand","embeddable":true,"href":"https:\/\/mod.wisdar.net\/tr\/wp-json\/wp\/v2\/product_brand?post=195970"},{"taxonomy":"product_cat","embeddable":true,"href":"https:\/\/mod.wisdar.net\/tr\/wp-json\/wp\/v2\/product_cat?post=195970"},{"taxonomy":"product_tag","embeddable":true,"href":"https:\/\/mod.wisdar.net\/tr\/wp-json\/wp\/v2\/product_tag?post=195970"}],"curies":[{"name":"wp","href":"https:\/\/api.w.org\/{rel}","templated":true}]}}