{"id":195986,"date":"2026-04-01T18:36:20","date_gmt":"2026-04-01T18:36:20","guid":{"rendered":"https:\/\/modesthanim.com\/product\/posse-jr-6fx-beyaz-erkek-bebek-sneaker\/"},"modified":"2026-04-11T20:00:39","modified_gmt":"2026-04-11T20:00:39","slug":"posse-jr-6fx-beyaz-erkek-bebek-sneaker","status":"publish","type":"product","link":"https:\/\/mod.wisdar.net\/tr\/urun\/posse-jr-6fx-beyaz-erkek-bebek-sneaker\/","title":{"rendered":"POSSE JR 6FX Beyaz Erkek Bebek Sneaker"},"content":{"rendered":"<p>U.S. POLO ASSN. POSSE JR 6FX Beyaz Erkek Bebek Sneaker size \u00f6zel indirim, taksit ve kap\u0131da \u00f6deme avantajlar\u0131yla LCW&#8217;de! Hemen online al\u0131\u015fveri\u015f yap, \u00fcr\u00fcn kap\u0131na gelsin! \u2013 S000524163-37<\/p>\n","protected":false},"excerpt":{"rendered":"<p>U.S. POLO ASSN. POSSE JR 6FX Beyaz Erkek Bebek Sneaker size \u00f6zel indirim, taksit ve kap\u0131da \u00f6deme avantajlar\u0131yla LCW&#8217;de! Hemen online al\u0131\u015fveri\u015f yap, \u00fcr\u00fcn kap\u0131na gelsin! \u2013 S000524163-37<\/p>\n","protected":false},"featured_media":195976,"comment_status":"open","ping_status":"closed","template":"","meta":[],"product_brand":[],"product_cat":[8694,8697,8700],"product_tag":[9483,12409,9033,9497,12410],"class_list":{"0":"post-195986","1":"product","2":"type-product","3":"status-publish","4":"has-post-thumbnail","6":"product_cat-cocuklar","7":"product_cat-yenidogan-0-12-ay","8":"product_cat-yenidogan-giyim","9":"product_tag-baby-shoes","10":"product_tag-boys-footwear-2","11":"product_tag-infant-fashion","12":"product_tag-sneakers","13":"product_tag-u-s-polo-assn","14":"pa_brand-u-s-polo-assn","15":"pa_color-beyaz-lacivert-kirmizi","16":"pa_size-10715","17":"pa_size-10720","18":"pa_size-10726","19":"pa_size-7851","20":"pa_size-10734","22":"first","23":"instock","24":"sale","25":"shipping-taxable","26":"purchasable","27":"product-type-variable"},"_links":{"self":[{"href":"https:\/\/mod.wisdar.net\/tr\/wp-json\/wp\/v2\/product\/195986","targetHints":{"allow":["GET"]}}],"collection":[{"href":"https:\/\/mod.wisdar.net\/tr\/wp-json\/wp\/v2\/product"}],"about":[{"href":"https:\/\/mod.wisdar.net\/tr\/wp-json\/wp\/v2\/types\/product"}],"replies":[{"embeddable":true,"href":"https:\/\/mod.wisdar.net\/tr\/wp-json\/wp\/v2\/comments?post=195986"}],"wp:featuredmedia":[{"embeddable":true,"href":"https:\/\/mod.wisdar.net\/tr\/wp-json\/wp\/v2\/media\/195976"}],"wp:attachment":[{"href":"https:\/\/mod.wisdar.net\/tr\/wp-json\/wp\/v2\/media?parent=195986"}],"wp:term":[{"taxonomy":"product_brand","embeddable":true,"href":"https:\/\/mod.wisdar.net\/tr\/wp-json\/wp\/v2\/product_brand?post=195986"},{"taxonomy":"product_cat","embeddable":true,"href":"https:\/\/mod.wisdar.net\/tr\/wp-json\/wp\/v2\/product_cat?post=195986"},{"taxonomy":"product_tag","embeddable":true,"href":"https:\/\/mod.wisdar.net\/tr\/wp-json\/wp\/v2\/product_tag?post=195986"}],"curies":[{"name":"wp","href":"https:\/\/api.w.org\/{rel}","templated":true}]}}