{"id":196087,"date":"2026-04-01T18:38:19","date_gmt":"2026-04-01T18:38:19","guid":{"rendered":"https:\/\/modesthanim.com\/product\/ramela-boy-b-6fx-gri-erkek-bebek-spor-ayakkabi\/"},"modified":"2026-04-11T20:51:18","modified_gmt":"2026-04-11T20:51:18","slug":"ramela-boy-b-6fx-gri-erkek-bebek-spor-ayakkabi","status":"publish","type":"product","link":"https:\/\/mod.wisdar.net\/tr\/urun\/ramela-boy-b-6fx-gri-erkek-bebek-spor-ayakkabi\/","title":{"rendered":"RAMELA BOY B 6FX Gri Erkek Bebek Spor Ayakkab\u0131"},"content":{"rendered":"<p>Kinetix RAMELA BOY B 6FX Gri Erkek Bebek Spor Ayakkab\u0131 size \u00f6zel indirim, taksit ve kap\u0131da \u00f6deme avantajlar\u0131yla LCW&#8217;de! Hemen online al\u0131\u015fveri\u015f yap, \u00fcr\u00fcn kap\u0131na gelsin! \u2013 S000529557-37281<\/p>\n","protected":false},"excerpt":{"rendered":"<p>Kinetix RAMELA BOY B 6FX Gri Erkek Bebek Spor Ayakkab\u0131 size \u00f6zel indirim, taksit ve kap\u0131da \u00f6deme avantajlar\u0131yla LCW&#8217;de! Hemen online al\u0131\u015fveri\u015f yap, \u00fcr\u00fcn kap\u0131na gelsin! \u2013 S000529557-37281<\/p>\n","protected":false},"featured_media":196079,"comment_status":"open","ping_status":"closed","template":"","meta":[],"product_brand":[],"product_cat":[8694,8697,8700],"product_tag":[],"class_list":{"0":"post-196087","1":"product","2":"type-product","3":"status-publish","4":"has-post-thumbnail","6":"product_cat-cocuklar","7":"product_cat-yenidogan-0-12-ay","8":"product_cat-yenidogan-giyim","9":"pa_brand-kinetix","10":"pa_color-gri-lacivert","11":"pa_size-10715","12":"pa_size-10720","13":"pa_size-10726","14":"pa_size-7851","15":"pa_size-10734","17":"first","18":"instock","19":"sale","20":"shipping-taxable","21":"purchasable","22":"product-type-variable"},"_links":{"self":[{"href":"https:\/\/mod.wisdar.net\/tr\/wp-json\/wp\/v2\/product\/196087","targetHints":{"allow":["GET"]}}],"collection":[{"href":"https:\/\/mod.wisdar.net\/tr\/wp-json\/wp\/v2\/product"}],"about":[{"href":"https:\/\/mod.wisdar.net\/tr\/wp-json\/wp\/v2\/types\/product"}],"replies":[{"embeddable":true,"href":"https:\/\/mod.wisdar.net\/tr\/wp-json\/wp\/v2\/comments?post=196087"}],"wp:featuredmedia":[{"embeddable":true,"href":"https:\/\/mod.wisdar.net\/tr\/wp-json\/wp\/v2\/media\/196079"}],"wp:attachment":[{"href":"https:\/\/mod.wisdar.net\/tr\/wp-json\/wp\/v2\/media?parent=196087"}],"wp:term":[{"taxonomy":"product_brand","embeddable":true,"href":"https:\/\/mod.wisdar.net\/tr\/wp-json\/wp\/v2\/product_brand?post=196087"},{"taxonomy":"product_cat","embeddable":true,"href":"https:\/\/mod.wisdar.net\/tr\/wp-json\/wp\/v2\/product_cat?post=196087"},{"taxonomy":"product_tag","embeddable":true,"href":"https:\/\/mod.wisdar.net\/tr\/wp-json\/wp\/v2\/product_tag?post=196087"}],"curies":[{"name":"wp","href":"https:\/\/api.w.org\/{rel}","templated":true}]}}