{"id":196169,"date":"2026-04-01T18:43:04","date_gmt":"2026-04-01T18:43:04","guid":{"rendered":"https:\/\/modesthanim.com\/product\/beyaz-bagcik-ve-cirt-cirtli-kiz-cocuk-spor-ayakkabi-2\/"},"modified":"2026-04-11T20:50:55","modified_gmt":"2026-04-11T20:50:55","slug":"beyaz-bagcik-ve-cirt-cirtli-kiz-cocuk-spor-ayakkabi-2","status":"publish","type":"product","link":"https:\/\/mod.wisdar.net\/tr\/urun\/beyaz-bagcik-ve-cirt-cirtli-kiz-cocuk-spor-ayakkabi-2\/","title":{"rendered":"Beyaz Ba\u011fc\u0131k Ve C\u0131rt C\u0131rtl\u0131 K\u0131z \u00c7ocuk Spor Ayakkab\u0131"},"content":{"rendered":"<p>LCW STEPS Beyaz Ba\u011fc\u0131k ve C\u0131rt C\u0131rtl\u0131 K\u0131z \u00c7ocuk Spor Ayakkab\u0131 size \u00f6zel indirim, taksit ve kap\u0131da \u00f6deme avantajlar\u0131yla LCW&#8217;de! Hemen online al\u0131\u015fveri\u015f yap, \u00fcr\u00fcn kap\u0131na gelsin! \u2013 S6J924Z4-Q6K<\/p>\n<p>\u2014 Technical Details \u2014<br \/>\nDesen: Desenli<br \/>\nBurun \u015eekli: Yuvarlak Burun<br \/>\nAyakkab\u0131 Kapanma \u015eekli: Ba\u011fc\u0131k ve C\u0131rt C\u0131rt<\/p>\n","protected":false},"excerpt":{"rendered":"<p>LCW STEPS Beyaz Ba\u011fc\u0131k ve C\u0131rt C\u0131rtl\u0131 K\u0131z \u00c7ocuk Spor Ayakkab\u0131 size \u00f6zel indirim, taksit ve kap\u0131da \u00f6deme avantajlar\u0131yla LCW&#8217;de! Hemen online al\u0131\u015fveri\u015f yap, \u00fcr\u00fcn kap\u0131na gelsin! \u2013 S6J924Z4-Q6K \u2014 Technical Details \u2014 Desen: Desenli Burun \u015eekli: Yuvarlak Burun Ayakkab\u0131 Kapanma \u015eekli: Ba\u011fc\u0131k ve C\u0131rt C\u0131rt<\/p>\n","protected":false},"featured_media":196163,"comment_status":"open","ping_status":"closed","template":"","meta":[],"product_brand":[],"product_cat":[8736,8715,8694],"product_tag":[10350,10359,10365,10356,9489,10405],"class_list":{"0":"post-196169","1":"product","2":"type-product","3":"status-publish","4":"has-post-thumbnail","6":"product_cat-ayakkabilar","7":"product_cat-kiz-cocuklari-2-14-yas","8":"product_cat-cocuklar","9":"product_tag-athletic-shoes","10":"product_tag-childrens-footwear","11":"product_tag-girls-sneakers-2","12":"product_tag-lace-up-shoes","13":"product_tag-velcro-shoes","14":"product_tag-white-sneakers","15":"pa_brand-lcw-steps","16":"pa_color-beyaz","17":"pa_size-7842","18":"pa_size-10738","19":"pa_size-7846","20":"pa_size-10739","21":"pa_size-4698","22":"pa_size-10742","23":"pa_size-4701","25":"first","26":"instock","27":"sale","28":"shipping-taxable","29":"purchasable","30":"product-type-variable"},"_links":{"self":[{"href":"https:\/\/mod.wisdar.net\/tr\/wp-json\/wp\/v2\/product\/196169","targetHints":{"allow":["GET"]}}],"collection":[{"href":"https:\/\/mod.wisdar.net\/tr\/wp-json\/wp\/v2\/product"}],"about":[{"href":"https:\/\/mod.wisdar.net\/tr\/wp-json\/wp\/v2\/types\/product"}],"replies":[{"embeddable":true,"href":"https:\/\/mod.wisdar.net\/tr\/wp-json\/wp\/v2\/comments?post=196169"}],"wp:featuredmedia":[{"embeddable":true,"href":"https:\/\/mod.wisdar.net\/tr\/wp-json\/wp\/v2\/media\/196163"}],"wp:attachment":[{"href":"https:\/\/mod.wisdar.net\/tr\/wp-json\/wp\/v2\/media?parent=196169"}],"wp:term":[{"taxonomy":"product_brand","embeddable":true,"href":"https:\/\/mod.wisdar.net\/tr\/wp-json\/wp\/v2\/product_brand?post=196169"},{"taxonomy":"product_cat","embeddable":true,"href":"https:\/\/mod.wisdar.net\/tr\/wp-json\/wp\/v2\/product_cat?post=196169"},{"taxonomy":"product_tag","embeddable":true,"href":"https:\/\/mod.wisdar.net\/tr\/wp-json\/wp\/v2\/product_tag?post=196169"}],"curies":[{"name":"wp","href":"https:\/\/api.w.org\/{rel}","templated":true}]}}