{"id":196261,"date":"2026-04-01T18:45:35","date_gmt":"2026-04-01T18:45:35","guid":{"rendered":"https:\/\/modesthanim.com\/product\/bej-kiz-cocuk-babet\/"},"modified":"2026-04-11T20:52:21","modified_gmt":"2026-04-11T20:52:21","slug":"bej-kiz-cocuk-babet","status":"publish","type":"product","link":"https:\/\/mod.wisdar.net\/tr\/urun\/bej-kiz-cocuk-babet\/","title":{"rendered":"Bej K\u0131z \u00c7ocuk Babet"},"content":{"rendered":"<p>LCW STEPS Bej K\u0131z \u00c7ocuk Babet size \u00f6zel indirim, taksit ve kap\u0131da \u00f6deme avantajlar\u0131yla LCW&#8217;de! Hemen online al\u0131\u015fveri\u015f yap, \u00fcr\u00fcn kap\u0131na gelsin! \u2013 S6H351Z1-FPT<\/p>\n<p>\u2014 Technical Details \u2014<br \/>\nMen\u015fei: Turk\u0131ye<br \/>\nSat\u0131c\u0131: LC Waikiki<br \/>\nMarka: LCW STEPS<br \/>\n\u00dcr\u00fcn Tipi: Babet<br \/>\nCinsiyet: K\u0131z \u00c7ocuk<br \/>\nDesen: Nak\u0131\u015fl\u0131<br \/>\nBurun \u015eekli: Oval Burun<br \/>\nAyakkab\u0131 Kapanma \u015eekli: Tokal\u0131<\/p>\n","protected":false},"excerpt":{"rendered":"<p>LCW STEPS Bej K\u0131z \u00c7ocuk Babet size \u00f6zel indirim, taksit ve kap\u0131da \u00f6deme avantajlar\u0131yla LCW&#8217;de! Hemen online al\u0131\u015fveri\u015f yap, \u00fcr\u00fcn kap\u0131na gelsin! \u2013 S6H351Z1-FPT \u2014 Technical Details \u2014 Men\u015fei: Turk\u0131ye Sat\u0131c\u0131: LC Waikiki Marka: LCW STEPS \u00dcr\u00fcn Tipi: Babet Cinsiyet: K\u0131z \u00c7ocuk Desen: Nak\u0131\u015fl\u0131 Burun \u015eekli: Oval Burun Ayakkab\u0131 Kapanma \u015eekli: Tokal\u0131<\/p>\n","protected":false},"featured_media":196254,"comment_status":"open","ping_status":"closed","template":"","meta":[],"product_brand":[],"product_cat":[8736,8715,8694],"product_tag":[6753],"class_list":{"0":"post-196261","1":"product","2":"type-product","3":"status-publish","4":"has-post-thumbnail","6":"product_cat-ayakkabilar","7":"product_cat-kiz-cocuklari-2-14-yas","8":"product_cat-cocuklar","9":"product_tag-bej","10":"pa_brand-lcw-steps","11":"pa_color-bej","12":"pa_size-10726","13":"pa_size-7851","14":"pa_size-10734","15":"pa_size-7843","16":"pa_size-10735","17":"pa_size-7841","18":"pa_size-7842","20":"first","21":"instock","22":"sale","23":"shipping-taxable","24":"purchasable","25":"product-type-variable"},"_links":{"self":[{"href":"https:\/\/mod.wisdar.net\/tr\/wp-json\/wp\/v2\/product\/196261","targetHints":{"allow":["GET"]}}],"collection":[{"href":"https:\/\/mod.wisdar.net\/tr\/wp-json\/wp\/v2\/product"}],"about":[{"href":"https:\/\/mod.wisdar.net\/tr\/wp-json\/wp\/v2\/types\/product"}],"replies":[{"embeddable":true,"href":"https:\/\/mod.wisdar.net\/tr\/wp-json\/wp\/v2\/comments?post=196261"}],"wp:featuredmedia":[{"embeddable":true,"href":"https:\/\/mod.wisdar.net\/tr\/wp-json\/wp\/v2\/media\/196254"}],"wp:attachment":[{"href":"https:\/\/mod.wisdar.net\/tr\/wp-json\/wp\/v2\/media?parent=196261"}],"wp:term":[{"taxonomy":"product_brand","embeddable":true,"href":"https:\/\/mod.wisdar.net\/tr\/wp-json\/wp\/v2\/product_brand?post=196261"},{"taxonomy":"product_cat","embeddable":true,"href":"https:\/\/mod.wisdar.net\/tr\/wp-json\/wp\/v2\/product_cat?post=196261"},{"taxonomy":"product_tag","embeddable":true,"href":"https:\/\/mod.wisdar.net\/tr\/wp-json\/wp\/v2\/product_tag?post=196261"}],"curies":[{"name":"wp","href":"https:\/\/api.w.org\/{rel}","templated":true}]}}