{"id":196357,"date":"2026-04-01T18:47:32","date_gmt":"2026-04-01T18:47:32","guid":{"rendered":"https:\/\/modesthanim.com\/product\/ekru-kiz-cocuk-nakisli-babet\/"},"modified":"2026-04-01T18:48:23","modified_gmt":"2026-04-01T18:48:23","slug":"ekru-kiz-cocuk-nakisli-babet","status":"publish","type":"product","link":"https:\/\/mod.wisdar.net\/tr\/urun\/ekru-kiz-cocuk-nakisli-babet\/","title":{"rendered":"Ekru K\u0131z \u00c7ocuk Nak\u0131\u015fl\u0131 Babet"},"content":{"rendered":"<p>LCW STEPS Ekru K\u0131z \u00c7ocuk Nak\u0131\u015fl\u0131 Babet size \u00f6zel indirim, taksit ve kap\u0131da \u00f6deme avantajlar\u0131yla LCW&#8217;de! Hemen online al\u0131\u015fveri\u015f yap, \u00fcr\u00fcn kap\u0131na gelsin! \u2013 S6H350Z4-FDU<\/p>\n<p>\u2014 Technical Details \u2014<br \/>\nDesen: Nak\u0131\u015fl\u0131<br \/>\nBurun \u015eekli: Yuvarlak Burun<br \/>\nAyakkab\u0131 Kapanma \u015eekli: Tokal\u0131<\/p>\n","protected":false},"excerpt":{"rendered":"<p>LCW STEPS Ekru K\u0131z \u00c7ocuk Nak\u0131\u015fl\u0131 Babet size \u00f6zel indirim, taksit ve kap\u0131da \u00f6deme avantajlar\u0131yla LCW&#8217;de! Hemen online al\u0131\u015fveri\u015f yap, \u00fcr\u00fcn kap\u0131na gelsin! \u2013 S6H350Z4-FDU \u2014 Technical Details \u2014 Desen: Nak\u0131\u015fl\u0131 Burun \u015eekli: Yuvarlak Burun Ayakkab\u0131 Kapanma \u015eekli: Tokal\u0131<\/p>\n","protected":false},"featured_media":196347,"comment_status":"open","ping_status":"closed","template":"","meta":[],"product_brand":[],"product_cat":[8736,8715,8694],"product_tag":[10363,10328,10359,12414,9510],"class_list":{"0":"post-196357","1":"product","2":"type-product","3":"status-publish","4":"has-post-thumbnail","6":"product_cat-ayakkabilar","7":"product_cat-kiz-cocuklari-2-14-yas","8":"product_cat-cocuklar","9":"product_tag-ballet-flats","10":"product_tag-casual-shoes","11":"product_tag-childrens-footwear","12":"product_tag-embroidered-shoes","13":"product_tag-girls-shoes","14":"pa_brand-lcw-steps","15":"pa_color-ekru","16":"pa_size-10738","17":"pa_size-7846","18":"pa_size-10739","19":"pa_size-4698","20":"pa_size-10742","21":"pa_size-4701","22":"pa_size-10745","23":"pa_size-4706","25":"first","26":"instock","27":"sale","28":"shipping-taxable","29":"purchasable","30":"product-type-variable"},"_links":{"self":[{"href":"https:\/\/mod.wisdar.net\/tr\/wp-json\/wp\/v2\/product\/196357","targetHints":{"allow":["GET"]}}],"collection":[{"href":"https:\/\/mod.wisdar.net\/tr\/wp-json\/wp\/v2\/product"}],"about":[{"href":"https:\/\/mod.wisdar.net\/tr\/wp-json\/wp\/v2\/types\/product"}],"replies":[{"embeddable":true,"href":"https:\/\/mod.wisdar.net\/tr\/wp-json\/wp\/v2\/comments?post=196357"}],"wp:featuredmedia":[{"embeddable":true,"href":"https:\/\/mod.wisdar.net\/tr\/wp-json\/wp\/v2\/media\/196347"}],"wp:attachment":[{"href":"https:\/\/mod.wisdar.net\/tr\/wp-json\/wp\/v2\/media?parent=196357"}],"wp:term":[{"taxonomy":"product_brand","embeddable":true,"href":"https:\/\/mod.wisdar.net\/tr\/wp-json\/wp\/v2\/product_brand?post=196357"},{"taxonomy":"product_cat","embeddable":true,"href":"https:\/\/mod.wisdar.net\/tr\/wp-json\/wp\/v2\/product_cat?post=196357"},{"taxonomy":"product_tag","embeddable":true,"href":"https:\/\/mod.wisdar.net\/tr\/wp-json\/wp\/v2\/product_tag?post=196357"}],"curies":[{"name":"wp","href":"https:\/\/api.w.org\/{rel}","templated":true}]}}