{"id":196388,"date":"2026-04-01T18:48:03","date_gmt":"2026-04-01T18:48:03","guid":{"rendered":"https:\/\/modesthanim.com\/product\/kahverengi-suet-gorunumlu-kiz-cocuk-babet\/"},"modified":"2026-04-11T21:01:28","modified_gmt":"2026-04-11T21:01:28","slug":"kahverengi-suet-gorunumlu-kiz-cocuk-babet","status":"publish","type":"product","link":"https:\/\/mod.wisdar.net\/tr\/urun\/kahverengi-suet-gorunumlu-kiz-cocuk-babet\/","title":{"rendered":"Kahverengi S\u00fcet G\u00f6r\u00fcn\u00fcml\u00fc K\u0131z \u00c7ocuk Babet"},"content":{"rendered":"<p>LCW STEPS Kahverengi S\u00fcet G\u00f6r\u00fcn\u00fcml\u00fc K\u0131z \u00c7ocuk Babet size \u00f6zel indirim, taksit ve kap\u0131da \u00f6deme avantajlar\u0131yla LCW&#8217;de! Hemen online al\u0131\u015fveri\u015f yap, \u00fcr\u00fcn kap\u0131na gelsin! \u2013 S6C791Z4-DJ7<\/p>\n<p>\u2014 Technical Details \u2014<br \/>\nDesen: D\u00fcz<br \/>\nBurun \u015eekli: Oval Burun<br \/>\nAyakkab\u0131 Kapanma \u015eekli: Tokal\u0131<br \/>\nKuma\u015f: S\u00fcet G\u00f6r\u00fcn\u00fcml\u00fc<br \/>\nCinsiyet: K\u0131z \u00c7ocuk<br \/>\n\u00dcr\u00fcn Tipi: Babet<\/p>\n","protected":false},"excerpt":{"rendered":"<p>LCW STEPS Kahverengi S\u00fcet G\u00f6r\u00fcn\u00fcml\u00fc K\u0131z \u00c7ocuk Babet size \u00f6zel indirim, taksit ve kap\u0131da \u00f6deme avantajlar\u0131yla LCW&#8217;de! Hemen online al\u0131\u015fveri\u015f yap, \u00fcr\u00fcn kap\u0131na gelsin! \u2013 S6C791Z4-DJ7 \u2014 Technical Details \u2014 Desen: D\u00fcz Burun \u015eekli: Oval Burun Ayakkab\u0131 Kapanma \u015eekli: Tokal\u0131 Kuma\u015f: S\u00fcet G\u00f6r\u00fcn\u00fcml\u00fc Cinsiyet: K\u0131z \u00c7ocuk \u00dcr\u00fcn Tipi: Babet<\/p>\n","protected":false},"featured_media":196383,"comment_status":"open","ping_status":"closed","template":"","meta":[],"product_brand":[],"product_cat":[8736,8715,8694],"product_tag":[12418,9509,10359,12416,12417],"class_list":{"0":"post-196388","1":"product","2":"type-product","3":"status-publish","4":"has-post-thumbnail","6":"product_cat-ayakkabilar","7":"product_cat-kiz-cocuklari-2-14-yas","8":"product_cat-cocuklar","9":"product_tag-ballerina-flats","10":"product_tag-brown-shoes","11":"product_tag-childrens-footwear","12":"product_tag-girls-flats","13":"product_tag-suede-look-shoes","14":"pa_brand-lcw-steps","15":"pa_color-kahverengi","16":"pa_size-7842","17":"pa_size-10738","18":"pa_size-7846","19":"pa_size-10739","20":"pa_size-4698","21":"pa_size-10742","22":"pa_size-4701","23":"pa_size-10745","25":"first","26":"instock","27":"sale","28":"shipping-taxable","29":"purchasable","30":"product-type-variable"},"_links":{"self":[{"href":"https:\/\/mod.wisdar.net\/tr\/wp-json\/wp\/v2\/product\/196388","targetHints":{"allow":["GET"]}}],"collection":[{"href":"https:\/\/mod.wisdar.net\/tr\/wp-json\/wp\/v2\/product"}],"about":[{"href":"https:\/\/mod.wisdar.net\/tr\/wp-json\/wp\/v2\/types\/product"}],"replies":[{"embeddable":true,"href":"https:\/\/mod.wisdar.net\/tr\/wp-json\/wp\/v2\/comments?post=196388"}],"wp:featuredmedia":[{"embeddable":true,"href":"https:\/\/mod.wisdar.net\/tr\/wp-json\/wp\/v2\/media\/196383"}],"wp:attachment":[{"href":"https:\/\/mod.wisdar.net\/tr\/wp-json\/wp\/v2\/media?parent=196388"}],"wp:term":[{"taxonomy":"product_brand","embeddable":true,"href":"https:\/\/mod.wisdar.net\/tr\/wp-json\/wp\/v2\/product_brand?post=196388"},{"taxonomy":"product_cat","embeddable":true,"href":"https:\/\/mod.wisdar.net\/tr\/wp-json\/wp\/v2\/product_cat?post=196388"},{"taxonomy":"product_tag","embeddable":true,"href":"https:\/\/mod.wisdar.net\/tr\/wp-json\/wp\/v2\/product_tag?post=196388"}],"curies":[{"name":"wp","href":"https:\/\/api.w.org\/{rel}","templated":true}]}}