{"id":196448,"date":"2026-04-01T18:49:37","date_gmt":"2026-04-01T18:49:37","guid":{"rendered":"https:\/\/modesthanim.com\/product\/siyah-fiyonk-detayli-kiz-cocuk-babet\/"},"modified":"2026-04-11T21:02:23","modified_gmt":"2026-04-11T21:02:23","slug":"siyah-fiyonk-detayli-kiz-cocuk-babet","status":"publish","type":"product","link":"https:\/\/mod.wisdar.net\/tr\/urun\/siyah-fiyonk-detayli-kiz-cocuk-babet\/","title":{"rendered":"Siyah Fiyonk Detayl\u0131 K\u0131z \u00c7ocuk Babet"},"content":{"rendered":"<p>LCW STEPS Siyah Fiyonk Detayl\u0131 K\u0131z \u00c7ocuk Babet size \u00f6zel indirim, taksit ve kap\u0131da \u00f6deme avantajlar\u0131yla LCW&#8217;de! Hemen online al\u0131\u015fveri\u015f yap, \u00fcr\u00fcn kap\u0131na gelsin! \u2013 S6H662Z4-HUC<\/p>\n<p>\u2014 Technical Details \u2014<br \/>\nSat\u0131c\u0131: LC Waikiki<br \/>\nMarka: LCW STEPS<br \/>\n\u00dcr\u00fcn Tipi: Babet<br \/>\nCinsiyet: K\u0131z \u00c7ocuk<br \/>\nDesen: Desenli<br \/>\nBurun \u015eekli: Oval Burun<br \/>\nAyakkab\u0131 Kapanma \u015eekli: Tokal\u0131<br \/>\nKoleksiyon: 23 Nisan<\/p>\n","protected":false},"excerpt":{"rendered":"<p>LCW STEPS Siyah Fiyonk Detayl\u0131 K\u0131z \u00c7ocuk Babet size \u00f6zel indirim, taksit ve kap\u0131da \u00f6deme avantajlar\u0131yla LCW&#8217;de! Hemen online al\u0131\u015fveri\u015f yap, \u00fcr\u00fcn kap\u0131na gelsin! \u2013 S6H662Z4-HUC \u2014 Technical Details \u2014 Sat\u0131c\u0131: LC Waikiki Marka: LCW STEPS \u00dcr\u00fcn Tipi: Babet Cinsiyet: K\u0131z \u00c7ocuk Desen: Desenli Burun \u015eekli: Oval Burun Ayakkab\u0131 Kapanma \u015eekli: Tokal\u0131 Koleksiyon: 23 Nisan<\/p>\n","protected":false},"featured_media":196436,"comment_status":"open","ping_status":"closed","template":"","meta":[],"product_brand":[],"product_cat":[8736,8715,8694],"product_tag":[],"class_list":{"0":"post-196448","1":"product","2":"type-product","3":"status-publish","4":"has-post-thumbnail","6":"product_cat-ayakkabilar","7":"product_cat-kiz-cocuklari-2-14-yas","8":"product_cat-cocuklar","9":"pa_brand-lcw-steps","10":"pa_color-siyah","11":"pa_size-7843","12":"pa_size-10735","13":"pa_size-7841","14":"pa_size-7842","15":"pa_size-10738","17":"first","18":"instock","19":"sale","20":"shipping-taxable","21":"purchasable","22":"product-type-variable"},"_links":{"self":[{"href":"https:\/\/mod.wisdar.net\/tr\/wp-json\/wp\/v2\/product\/196448","targetHints":{"allow":["GET"]}}],"collection":[{"href":"https:\/\/mod.wisdar.net\/tr\/wp-json\/wp\/v2\/product"}],"about":[{"href":"https:\/\/mod.wisdar.net\/tr\/wp-json\/wp\/v2\/types\/product"}],"replies":[{"embeddable":true,"href":"https:\/\/mod.wisdar.net\/tr\/wp-json\/wp\/v2\/comments?post=196448"}],"wp:featuredmedia":[{"embeddable":true,"href":"https:\/\/mod.wisdar.net\/tr\/wp-json\/wp\/v2\/media\/196436"}],"wp:attachment":[{"href":"https:\/\/mod.wisdar.net\/tr\/wp-json\/wp\/v2\/media?parent=196448"}],"wp:term":[{"taxonomy":"product_brand","embeddable":true,"href":"https:\/\/mod.wisdar.net\/tr\/wp-json\/wp\/v2\/product_brand?post=196448"},{"taxonomy":"product_cat","embeddable":true,"href":"https:\/\/mod.wisdar.net\/tr\/wp-json\/wp\/v2\/product_cat?post=196448"},{"taxonomy":"product_tag","embeddable":true,"href":"https:\/\/mod.wisdar.net\/tr\/wp-json\/wp\/v2\/product_tag?post=196448"}],"curies":[{"name":"wp","href":"https:\/\/api.w.org\/{rel}","templated":true}]}}