{"id":196572,"date":"2026-04-01T19:06:07","date_gmt":"2026-04-01T19:06:07","guid":{"rendered":"https:\/\/modesthanim.com\/product\/ekru-bisiklet-yaka-kisa-kollu-kiz-bebek-citcitli-body-2li\/"},"modified":"2026-04-01T19:06:39","modified_gmt":"2026-04-01T19:06:39","slug":"ekru-bisiklet-yaka-kisa-kollu-kiz-bebek-citcitli-body-2li","status":"publish","type":"product","link":"https:\/\/mod.wisdar.net\/tr\/urun\/ekru-bisiklet-yaka-kisa-kollu-kiz-bebek-citcitli-body-2li\/","title":{"rendered":"Ekru Bisiklet Yaka K\u0131sa Kollu K\u0131z Bebek \u00c7\u0131t\u00e7\u0131tl\u0131 Body 2&#8217;li"},"content":{"rendered":"<p>LCW baby Ekru Bisiklet Yaka K\u0131sa Kollu K\u0131z Bebek \u00c7\u0131t\u00e7\u0131tl\u0131 Body 2&#8217;li size \u00f6zel indirim, taksit ve kap\u0131da \u00f6deme avantajlar\u0131yla LCW&#8217;de! Hemen online al\u0131\u015fveri\u015f yap, \u00fcr\u00fcn kap\u0131na gelsin! \u2013 S6D970Z1-LRA<\/p>\n<p>\u2014 Technical Details \u2014<br \/>\nSat\u0131c\u0131: LC Waikiki<br \/>\nMarka: LCW baby<br \/>\n\u00dcr\u00fcn Tipi: \u00c7\u0131t\u00e7\u0131tl\u0131 Body<br \/>\nCinsiyet: K\u0131z Bebek<br \/>\nKal\u0131p: Dar &amp; Slim<br \/>\nDesen: \u00c7i\u00e7ekli<br \/>\nYaka: Bisiklet Yaka<br \/>\nKol Boyu: K\u0131sa Kollu<br \/>\nMalzeme: %100 Pamuk<br \/>\nPaket \u0130\u00e7eri\u011fi: 2&#8217;li Paket<br \/>\nKoleksiyon: Yenido\u011fan<br \/>\nPar\u00e7a Say\u0131s\u0131: 2 Par\u00e7a<\/p>\n","protected":false},"excerpt":{"rendered":"<p>LCW baby Ekru Bisiklet Yaka K\u0131sa Kollu K\u0131z Bebek \u00c7\u0131t\u00e7\u0131tl\u0131 Body 2&#8217;li size \u00f6zel indirim, taksit ve kap\u0131da \u00f6deme avantajlar\u0131yla LCW&#8217;de! Hemen online al\u0131\u015fveri\u015f yap, \u00fcr\u00fcn kap\u0131na gelsin! \u2013 S6D970Z1-LRA \u2014 Technical Details \u2014 Sat\u0131c\u0131: LC Waikiki Marka: LCW baby \u00dcr\u00fcn Tipi: \u00c7\u0131t\u00e7\u0131tl\u0131 Body Cinsiyet: K\u0131z Bebek Kal\u0131p: Dar &amp; Slim Desen: \u00c7i\u00e7ekli Yaka: Bisiklet [&hellip;]<\/p>\n","protected":false},"featured_media":196565,"comment_status":"open","ping_status":"closed","template":"","meta":[],"product_brand":[],"product_cat":[8709,8694,8697],"product_tag":[8950,8924,8945,3519,8856,12420,3279],"class_list":{"0":"post-196572","1":"product","2":"type-product","3":"status-publish","4":"has-post-thumbnail","6":"product_cat-bodyler-tulumlar","7":"product_cat-cocuklar","8":"product_cat-yenidogan-0-12-ay","9":"product_tag-2-pack","10":"product_tag-baby-bodysuit","11":"product_tag-cotton-bodysuit","12":"product_tag-floral-pattern","13":"product_tag-girls-clothing","14":"product_tag-newborn-outfits","15":"product_tag-snap-button","16":"pa_brand-lcw-baby","17":"pa_color-ekru","18":"pa_size-1-3-ay","19":"pa_size-12-18-ay","20":"pa_size-18-24-ay","21":"pa_size-24-36-ay","22":"pa_size-3-4-yas","23":"pa_size-3-6-ay","24":"pa_size-6-9-ay","25":"pa_size-9-12-ay","27":"first","28":"instock","29":"sale","30":"shipping-taxable","31":"purchasable","32":"product-type-variable"},"_links":{"self":[{"href":"https:\/\/mod.wisdar.net\/tr\/wp-json\/wp\/v2\/product\/196572","targetHints":{"allow":["GET"]}}],"collection":[{"href":"https:\/\/mod.wisdar.net\/tr\/wp-json\/wp\/v2\/product"}],"about":[{"href":"https:\/\/mod.wisdar.net\/tr\/wp-json\/wp\/v2\/types\/product"}],"replies":[{"embeddable":true,"href":"https:\/\/mod.wisdar.net\/tr\/wp-json\/wp\/v2\/comments?post=196572"}],"wp:featuredmedia":[{"embeddable":true,"href":"https:\/\/mod.wisdar.net\/tr\/wp-json\/wp\/v2\/media\/196565"}],"wp:attachment":[{"href":"https:\/\/mod.wisdar.net\/tr\/wp-json\/wp\/v2\/media?parent=196572"}],"wp:term":[{"taxonomy":"product_brand","embeddable":true,"href":"https:\/\/mod.wisdar.net\/tr\/wp-json\/wp\/v2\/product_brand?post=196572"},{"taxonomy":"product_cat","embeddable":true,"href":"https:\/\/mod.wisdar.net\/tr\/wp-json\/wp\/v2\/product_cat?post=196572"},{"taxonomy":"product_tag","embeddable":true,"href":"https:\/\/mod.wisdar.net\/tr\/wp-json\/wp\/v2\/product_tag?post=196572"}],"curies":[{"name":"wp","href":"https:\/\/api.w.org\/{rel}","templated":true}]}}