{"id":196612,"date":"2026-04-01T19:06:43","date_gmt":"2026-04-01T19:06:43","guid":{"rendered":"https:\/\/modesthanim.com\/product\/pembe-ispanyol-paca-fitilli-kiz-bebek-triko-tayt\/"},"modified":"2026-04-11T21:51:07","modified_gmt":"2026-04-11T21:51:07","slug":"pembe-ispanyol-paca-fitilli-kiz-bebek-triko-tayt","status":"publish","type":"product","link":"https:\/\/mod.wisdar.net\/tr\/urun\/pembe-ispanyol-paca-fitilli-kiz-bebek-triko-tayt\/","title":{"rendered":"Pembe \u0130spanyol Pa\u00e7a Fitilli  K\u0131z Bebek Triko Tayt"},"content":{"rendered":"<p>LCW baby Pembe \u0130spanyol Pa\u00e7a Fitilli  K\u0131z Bebek Triko Tayt size \u00f6zel indirim, taksit ve kap\u0131da \u00f6deme avantajlar\u0131yla LCW&#8217;de! Hemen online al\u0131\u015fveri\u015f yap, \u00fcr\u00fcn kap\u0131na gelsin! \u2013 S6D837Z1-G4V<\/p>\n<p>\u2014 Technical Details \u2014<br \/>\nSat\u0131c\u0131: LC Waikiki<br \/>\nMarka: LCW baby<br \/>\n\u00dcr\u00fcn Tipi: Tayt<br \/>\nCinsiyet: K\u0131z Bebek<br \/>\nKal\u0131p: S\u00fcper Skinny &amp; Ekstra Dar<br \/>\nKuma\u015f: Ka\u015fkorse<br \/>\nDesen: D\u00fcz<br \/>\nPa\u00e7a Fiti: \u0130spanyol Pa\u00e7a<br \/>\nMalzeme: Y\u00fcksek Pamuk \u0130\u00e7erir<br \/>\nKoleksiyon: Yenido\u011fan<br \/>\nBel Fiti: Beli Lastikli<\/p>\n","protected":false},"excerpt":{"rendered":"<p>LCW baby Pembe \u0130spanyol Pa\u00e7a Fitilli K\u0131z Bebek Triko Tayt size \u00f6zel indirim, taksit ve kap\u0131da \u00f6deme avantajlar\u0131yla LCW&#8217;de! Hemen online al\u0131\u015fveri\u015f yap, \u00fcr\u00fcn kap\u0131na gelsin! \u2013 S6D837Z1-G4V \u2014 Technical Details \u2014 Sat\u0131c\u0131: LC Waikiki Marka: LCW baby \u00dcr\u00fcn Tipi: Tayt Cinsiyet: K\u0131z Bebek Kal\u0131p: S\u00fcper Skinny &amp; Ekstra Dar Kuma\u015f: Ka\u015fkorse Desen: D\u00fcz Pa\u00e7a [&hellip;]<\/p>\n","protected":false},"featured_media":196610,"comment_status":"open","ping_status":"closed","template":"","meta":[],"product_brand":[],"product_cat":[8694,8697,8700],"product_tag":[7467,10031],"class_list":{"0":"post-196612","1":"product","2":"type-product","3":"status-publish","4":"has-post-thumbnail","6":"product_cat-cocuklar","7":"product_cat-yenidogan-0-12-ay","8":"product_cat-yenidogan-giyim","9":"product_tag-ispanyol-paca","10":"product_tag-pink-baby-clothes","11":"pa_brand-lcw-baby","12":"pa_color-pembe","13":"pa_size-12-18-ay","14":"pa_size-18-24-ay","15":"pa_size-2-3-yas","16":"pa_size-3-4-yas","17":"pa_size-9-12-ay","19":"first","20":"instock","21":"sale","22":"shipping-taxable","23":"purchasable","24":"product-type-variable"},"_links":{"self":[{"href":"https:\/\/mod.wisdar.net\/tr\/wp-json\/wp\/v2\/product\/196612","targetHints":{"allow":["GET"]}}],"collection":[{"href":"https:\/\/mod.wisdar.net\/tr\/wp-json\/wp\/v2\/product"}],"about":[{"href":"https:\/\/mod.wisdar.net\/tr\/wp-json\/wp\/v2\/types\/product"}],"replies":[{"embeddable":true,"href":"https:\/\/mod.wisdar.net\/tr\/wp-json\/wp\/v2\/comments?post=196612"}],"wp:featuredmedia":[{"embeddable":true,"href":"https:\/\/mod.wisdar.net\/tr\/wp-json\/wp\/v2\/media\/196610"}],"wp:attachment":[{"href":"https:\/\/mod.wisdar.net\/tr\/wp-json\/wp\/v2\/media?parent=196612"}],"wp:term":[{"taxonomy":"product_brand","embeddable":true,"href":"https:\/\/mod.wisdar.net\/tr\/wp-json\/wp\/v2\/product_brand?post=196612"},{"taxonomy":"product_cat","embeddable":true,"href":"https:\/\/mod.wisdar.net\/tr\/wp-json\/wp\/v2\/product_cat?post=196612"},{"taxonomy":"product_tag","embeddable":true,"href":"https:\/\/mod.wisdar.net\/tr\/wp-json\/wp\/v2\/product_tag?post=196612"}],"curies":[{"name":"wp","href":"https:\/\/api.w.org\/{rel}","templated":true}]}}