{"id":196748,"date":"2026-04-01T20:43:08","date_gmt":"2026-04-01T20:43:08","guid":{"rendered":"https:\/\/modesthanim.com\/product\/ekru-bisiklet-yaka-mickey-mouse-baskili-erkek-bebek-tisort\/"},"modified":"2026-04-01T20:43:33","modified_gmt":"2026-04-01T20:43:33","slug":"ekru-bisiklet-yaka-mickey-mouse-baskili-erkek-bebek-tisort","status":"publish","type":"product","link":"https:\/\/mod.wisdar.net\/tr\/urun\/ekru-bisiklet-yaka-mickey-mouse-baskili-erkek-bebek-tisort\/","title":{"rendered":"Ekru Bisiklet Yaka Mickey Mouse Bask\u0131l\u0131 Erkek Bebek Ti\u015f\u00f6rt"},"content":{"rendered":"<p>LCW baby Ekru Bisiklet Yaka Mickey Mouse Bask\u0131l\u0131 Erkek Bebek Ti\u015f\u00f6rt size \u00f6zel indirim, taksit ve kap\u0131da \u00f6deme avantajlar\u0131yla LCW&#8217;de! Hemen online al\u0131\u015fveri\u015f yap, \u00fcr\u00fcn kap\u0131na gelsin! \u2013 S6I827Z1-LFC<\/p>\n<p>\u2014 Technical Details \u2014<br \/>\nMen\u015fei: Hindistan,Turk\u0131ye<br \/>\nSat\u0131c\u0131: LC Waikiki<br \/>\nMarka: LCW baby<br \/>\n\u00dcr\u00fcn Tipi: Ti\u015f\u00f6rt<br \/>\nCinsiyet: Erkek Bebek<br \/>\nKal\u0131p: Standart &amp; Regular<br \/>\nYaka: Bisiklet Yaka<br \/>\nDesen: Bask\u0131l\u0131<br \/>\nKuma\u015f: Penye<br \/>\nKal\u0131nl\u0131k: \u0130nce<br \/>\nKol Boyu: K\u0131sa Kollu<br \/>\nLisans: Mickey Mouse<br \/>\nMalzeme: %100 Pamuk<br \/>\nKoleksiyon: Yenido\u011fan<\/p>\n","protected":false},"excerpt":{"rendered":"<p>LCW baby Ekru Bisiklet Yaka Mickey Mouse Bask\u0131l\u0131 Erkek Bebek Ti\u015f\u00f6rt size \u00f6zel indirim, taksit ve kap\u0131da \u00f6deme avantajlar\u0131yla LCW&#8217;de! Hemen online al\u0131\u015fveri\u015f yap, \u00fcr\u00fcn kap\u0131na gelsin! \u2013 S6I827Z1-LFC \u2014 Technical Details \u2014 Men\u015fei: Hindistan,Turk\u0131ye Sat\u0131c\u0131: LC Waikiki Marka: LCW baby \u00dcr\u00fcn Tipi: Ti\u015f\u00f6rt Cinsiyet: Erkek Bebek Kal\u0131p: Standart &amp; Regular Yaka: Bisiklet Yaka Desen: [&hellip;]<\/p>\n","protected":false},"featured_media":196745,"comment_status":"open","ping_status":"closed","template":"","meta":[],"product_brand":[],"product_cat":[8694,8697,8700],"product_tag":[8022,8110,7488],"class_list":{"0":"post-196748","1":"product","2":"type-product","3":"status-publish","4":"has-post-thumbnail","6":"product_cat-cocuklar","7":"product_cat-yenidogan-0-12-ay","8":"product_cat-yenidogan-giyim","9":"product_tag-baskili-2","10":"product_tag-bisiklet-yaka-2","11":"product_tag-pamuk","12":"pa_brand-lcw-baby","13":"pa_color-ekru","14":"pa_size-12-18-ay","15":"pa_size-18-24-ay","16":"pa_size-2-3-yas","17":"pa_size-3-4-yas","18":"pa_size-9-12-ay","20":"first","21":"instock","22":"sale","23":"shipping-taxable","24":"purchasable","25":"product-type-variable"},"_links":{"self":[{"href":"https:\/\/mod.wisdar.net\/tr\/wp-json\/wp\/v2\/product\/196748","targetHints":{"allow":["GET"]}}],"collection":[{"href":"https:\/\/mod.wisdar.net\/tr\/wp-json\/wp\/v2\/product"}],"about":[{"href":"https:\/\/mod.wisdar.net\/tr\/wp-json\/wp\/v2\/types\/product"}],"replies":[{"embeddable":true,"href":"https:\/\/mod.wisdar.net\/tr\/wp-json\/wp\/v2\/comments?post=196748"}],"wp:featuredmedia":[{"embeddable":true,"href":"https:\/\/mod.wisdar.net\/tr\/wp-json\/wp\/v2\/media\/196745"}],"wp:attachment":[{"href":"https:\/\/mod.wisdar.net\/tr\/wp-json\/wp\/v2\/media?parent=196748"}],"wp:term":[{"taxonomy":"product_brand","embeddable":true,"href":"https:\/\/mod.wisdar.net\/tr\/wp-json\/wp\/v2\/product_brand?post=196748"},{"taxonomy":"product_cat","embeddable":true,"href":"https:\/\/mod.wisdar.net\/tr\/wp-json\/wp\/v2\/product_cat?post=196748"},{"taxonomy":"product_tag","embeddable":true,"href":"https:\/\/mod.wisdar.net\/tr\/wp-json\/wp\/v2\/product_tag?post=196748"}],"curies":[{"name":"wp","href":"https:\/\/api.w.org\/{rel}","templated":true}]}}