{"id":196824,"date":"2026-04-01T20:45:46","date_gmt":"2026-04-01T20:45:46","guid":{"rendered":"https:\/\/modesthanim.com\/product\/bej-cicekli-kiz-bebek-bluz-ve-pantolon\/"},"modified":"2026-04-01T20:46:16","modified_gmt":"2026-04-01T20:46:16","slug":"bej-cicekli-kiz-bebek-bluz-ve-pantolon","status":"publish","type":"product","link":"https:\/\/mod.wisdar.net\/tr\/urun\/bej-cicekli-kiz-bebek-bluz-ve-pantolon\/","title":{"rendered":"Bej \u00c7i\u00e7ekli K\u0131z Bebek Bluz ve Pantolon"},"content":{"rendered":"<p>LCW baby Bej \u00c7i\u00e7ekli K\u0131z Bebek Bluz ve Pantolon size \u00f6zel indirim, taksit ve kap\u0131da \u00f6deme avantajlar\u0131yla LCW&#8217;de! Hemen online al\u0131\u015fveri\u015f yap, \u00fcr\u00fcn kap\u0131na gelsin! \u2013 S6BE35Z1-LQA<\/p>\n<p>\u2014 Technical Details \u2014<br \/>\nMen\u015fei: Turk\u0131ye<br \/>\nSat\u0131c\u0131: LC Waikiki<br \/>\nMarka: LCW baby<br \/>\n\u00dcr\u00fcn Tipi: Tak\u0131m<br \/>\nCinsiyet: K\u0131z Bebek<br \/>\nKal\u0131p: Standart &amp; Regular<br \/>\nKuma\u015f: Poplin<br \/>\nBel Fiti: Beli Lastikli<br \/>\nDesen: \u00c7i\u00e7ekli<br \/>\nYaka: Bisiklet Yaka<br \/>\nPa\u00e7a Fiti: Geni\u015f Pa\u00e7a<br \/>\nKal\u0131nl\u0131k: \u0130nce<br \/>\nKol Boyu: Kolsuz<br \/>\nMalzeme: %100 Pamuk<br \/>\nKoleksiyon: Yenido\u011fan<br \/>\nPar\u00e7a Say\u0131s\u0131: 2 Par\u00e7a<\/p>\n","protected":false},"excerpt":{"rendered":"<p>LCW baby Bej \u00c7i\u00e7ekli K\u0131z Bebek Bluz ve Pantolon size \u00f6zel indirim, taksit ve kap\u0131da \u00f6deme avantajlar\u0131yla LCW&#8217;de! Hemen online al\u0131\u015fveri\u015f yap, \u00fcr\u00fcn kap\u0131na gelsin! \u2013 S6BE35Z1-LQA \u2014 Technical Details \u2014 Men\u015fei: Turk\u0131ye Sat\u0131c\u0131: LC Waikiki Marka: LCW baby \u00dcr\u00fcn Tipi: Tak\u0131m Cinsiyet: K\u0131z Bebek Kal\u0131p: Standart &amp; Regular Kuma\u015f: Poplin Bel Fiti: Beli Lastikli [&hellip;]<\/p>\n","protected":false},"featured_media":196806,"comment_status":"open","ping_status":"closed","template":"","meta":[],"product_brand":[],"product_cat":[8703,8694,8697],"product_tag":[8989,12424,5163,12423,8834,8937],"class_list":{"0":"post-196824","1":"product","2":"type-product","3":"status-publish","4":"has-post-thumbnail","6":"product_cat-bebek-setleri","7":"product_cat-cocuklar","8":"product_cat-yenidogan-0-12-ay","9":"product_tag-baby-girl-clothes","10":"product_tag-blouse-and-pants","11":"product_tag-cotton-clothing","12":"product_tag-floral-set","13":"product_tag-lcw-baby","14":"product_tag-newborn-outfit","15":"pa_brand-lcw-baby","16":"pa_color-bej","17":"pa_size-12-18-ay","18":"pa_size-18-24-ay","19":"pa_size-2-3-yas","20":"pa_size-3-4-yas","21":"pa_size-6-9-ay","22":"pa_size-9-12-ay","24":"first","25":"instock","26":"sale","27":"shipping-taxable","28":"purchasable","29":"product-type-variable"},"_links":{"self":[{"href":"https:\/\/mod.wisdar.net\/tr\/wp-json\/wp\/v2\/product\/196824","targetHints":{"allow":["GET"]}}],"collection":[{"href":"https:\/\/mod.wisdar.net\/tr\/wp-json\/wp\/v2\/product"}],"about":[{"href":"https:\/\/mod.wisdar.net\/tr\/wp-json\/wp\/v2\/types\/product"}],"replies":[{"embeddable":true,"href":"https:\/\/mod.wisdar.net\/tr\/wp-json\/wp\/v2\/comments?post=196824"}],"wp:featuredmedia":[{"embeddable":true,"href":"https:\/\/mod.wisdar.net\/tr\/wp-json\/wp\/v2\/media\/196806"}],"wp:attachment":[{"href":"https:\/\/mod.wisdar.net\/tr\/wp-json\/wp\/v2\/media?parent=196824"}],"wp:term":[{"taxonomy":"product_brand","embeddable":true,"href":"https:\/\/mod.wisdar.net\/tr\/wp-json\/wp\/v2\/product_brand?post=196824"},{"taxonomy":"product_cat","embeddable":true,"href":"https:\/\/mod.wisdar.net\/tr\/wp-json\/wp\/v2\/product_cat?post=196824"},{"taxonomy":"product_tag","embeddable":true,"href":"https:\/\/mod.wisdar.net\/tr\/wp-json\/wp\/v2\/product_tag?post=196824"}],"curies":[{"name":"wp","href":"https:\/\/api.w.org\/{rel}","templated":true}]}}