{"id":196898,"date":"2026-04-01T20:47:37","date_gmt":"2026-04-01T20:47:37","guid":{"rendered":"https:\/\/modesthanim.com\/product\/ekru-erkek-bebek-cizgili-patik-corap-5li-2\/"},"modified":"2026-04-01T20:48:32","modified_gmt":"2026-04-01T20:48:32","slug":"ekru-erkek-bebek-cizgili-patik-corap-5li-2","status":"publish","type":"product","link":"https:\/\/mod.wisdar.net\/tr\/urun\/ekru-erkek-bebek-cizgili-patik-corap-5li-2\/","title":{"rendered":"Ekru Erkek Bebek \u00c7izgili Patik \u00c7orap 5&#8217;li"},"content":{"rendered":"<p>LCW baby Ekru Erkek Bebek \u00c7izgili Patik \u00c7orap 5&#8217;li size \u00f6zel indirim, taksit ve kap\u0131da \u00f6deme avantajlar\u0131yla LCW&#8217;de! Hemen online al\u0131\u015fveri\u015f yap, \u00fcr\u00fcn kap\u0131na gelsin! \u2013 S6BR72Z1-FDU<\/p>\n<p>\u2014 Technical Details \u2014<br \/>\nMen\u015fei: \u00c7in,Turk\u0131ye<br \/>\nSat\u0131c\u0131: LC Waikiki<br \/>\nMarka: LCW baby<br \/>\n\u00dcr\u00fcn Tipi: Patik \u00c7orap<br \/>\nCinsiyet: Erkek Bebek<br \/>\nDesen: \u00c7izgili<br \/>\nPaket \u0130\u00e7eri\u011fi: 5&#8217;li Paket<br \/>\nKal\u0131nl\u0131k: Orta Kal\u0131nl\u0131k<br \/>\nMalzeme: Y\u00fcksek Pamuk \u0130\u00e7erir<br \/>\nKoleksiyon: Yenido\u011fan<br \/>\nPar\u00e7a Say\u0131s\u0131: 5 Par\u00e7a<br \/>\nFonksiyonel \u00d6zellik: Kayd\u0131rmaz Taban<\/p>\n","protected":false},"excerpt":{"rendered":"<p>LCW baby Ekru Erkek Bebek \u00c7izgili Patik \u00c7orap 5&#8217;li size \u00f6zel indirim, taksit ve kap\u0131da \u00f6deme avantajlar\u0131yla LCW&#8217;de! Hemen online al\u0131\u015fveri\u015f yap, \u00fcr\u00fcn kap\u0131na gelsin! \u2013 S6BR72Z1-FDU \u2014 Technical Details \u2014 Men\u015fei: \u00c7in,Turk\u0131ye Sat\u0131c\u0131: LC Waikiki Marka: LCW baby \u00dcr\u00fcn Tipi: Patik \u00c7orap Cinsiyet: Erkek Bebek Desen: \u00c7izgili Paket \u0130\u00e7eri\u011fi: 5&#8217;li Paket Kal\u0131nl\u0131k: Orta Kal\u0131nl\u0131k [&hellip;]<\/p>\n","protected":false},"featured_media":196893,"comment_status":"open","ping_status":"closed","template":"","meta":[],"product_brand":[],"product_cat":[8694,8697,8700],"product_tag":[9523,9954,9530,8851,12279,9960,12426],"class_list":{"0":"post-196898","1":"product","2":"type-product","3":"status-publish","4":"has-post-thumbnail","6":"product_cat-cocuklar","7":"product_cat-yenidogan-0-12-ay","8":"product_cat-yenidogan-giyim","9":"product_tag-5-pack","10":"product_tag-baby-boy-socks","11":"product_tag-cotton-socks","12":"product_tag-newborn","13":"product_tag-non-slip","14":"product_tag-slipper-socks","15":"product_tag-striped-socks","16":"pa_brand-lcw-baby","17":"pa_color-ekru","18":"pa_size-14-16-1-6-ay","19":"pa_size-17-18-6-12-ay","20":"pa_size-19-22-12-24-ay","21":"pa_size-22-24-24-36-ay","22":"pa_size-23-26-3-4-yas","23":"pa_size-5-6-yas","25":"first","26":"instock","27":"sale","28":"shipping-taxable","29":"purchasable","30":"product-type-variable"},"_links":{"self":[{"href":"https:\/\/mod.wisdar.net\/tr\/wp-json\/wp\/v2\/product\/196898","targetHints":{"allow":["GET"]}}],"collection":[{"href":"https:\/\/mod.wisdar.net\/tr\/wp-json\/wp\/v2\/product"}],"about":[{"href":"https:\/\/mod.wisdar.net\/tr\/wp-json\/wp\/v2\/types\/product"}],"replies":[{"embeddable":true,"href":"https:\/\/mod.wisdar.net\/tr\/wp-json\/wp\/v2\/comments?post=196898"}],"wp:featuredmedia":[{"embeddable":true,"href":"https:\/\/mod.wisdar.net\/tr\/wp-json\/wp\/v2\/media\/196893"}],"wp:attachment":[{"href":"https:\/\/mod.wisdar.net\/tr\/wp-json\/wp\/v2\/media?parent=196898"}],"wp:term":[{"taxonomy":"product_brand","embeddable":true,"href":"https:\/\/mod.wisdar.net\/tr\/wp-json\/wp\/v2\/product_brand?post=196898"},{"taxonomy":"product_cat","embeddable":true,"href":"https:\/\/mod.wisdar.net\/tr\/wp-json\/wp\/v2\/product_cat?post=196898"},{"taxonomy":"product_tag","embeddable":true,"href":"https:\/\/mod.wisdar.net\/tr\/wp-json\/wp\/v2\/product_tag?post=196898"}],"curies":[{"name":"wp","href":"https:\/\/api.w.org\/{rel}","templated":true}]}}