{"id":197006,"date":"2026-04-01T21:05:55","date_gmt":"2026-04-01T21:05:55","guid":{"rendered":"https:\/\/modesthanim.com\/product\/ekru-kiz-bebek-pantolon-2li\/"},"modified":"2026-04-01T21:06:15","modified_gmt":"2026-04-01T21:06:15","slug":"ekru-kiz-bebek-pantolon-2li","status":"publish","type":"product","link":"https:\/\/mod.wisdar.net\/tr\/urun\/ekru-kiz-bebek-pantolon-2li\/","title":{"rendered":"Ekru K\u0131z Bebek Pantolon 2&#8217;li"},"content":{"rendered":"<p>LCW baby Ekru K\u0131z Bebek Pantolon 2&#8217;li size \u00f6zel indirim, taksit ve kap\u0131da \u00f6deme avantajlar\u0131yla LCW&#8217;de! Hemen online al\u0131\u015fveri\u015f yap, \u00fcr\u00fcn kap\u0131na gelsin! \u2013 S6F774Z1-LRB<\/p>\n<p>\u2014 Technical Details \u2014<br \/>\nMen\u015fei: Turk\u0131ye<br \/>\nSat\u0131c\u0131: LC Waikiki<br \/>\nMarka: LCW baby<br \/>\n\u00dcr\u00fcn Tipi: Pantolon<br \/>\nCinsiyet: K\u0131z Bebek<br \/>\nKal\u0131p: Standart &amp; Regular<br \/>\nKuma\u015f: \u0130nterlok<br \/>\nBel Fiti: Beli Lastikli<br \/>\nDesen: Desenli<br \/>\nKal\u0131nl\u0131k: Orta Kal\u0131nl\u0131k<br \/>\nMalzeme: %100 Pamuk<br \/>\nKoleksiyon: Yenido\u011fan<br \/>\nPar\u00e7a Say\u0131s\u0131: 2 Par\u00e7a<br \/>\nPatik \u00d6zelli\u011fi: 0-12 Ay Patikli, 12 Ay+ Patiksiz<br \/>\nPaket \u0130\u00e7eri\u011fi: 2&#8217;li Paket<br \/>\nKol Boyu: K\u0131sa Kollu<\/p>\n","protected":false},"excerpt":{"rendered":"<p>LCW baby Ekru K\u0131z Bebek Pantolon 2&#8217;li size \u00f6zel indirim, taksit ve kap\u0131da \u00f6deme avantajlar\u0131yla LCW&#8217;de! Hemen online al\u0131\u015fveri\u015f yap, \u00fcr\u00fcn kap\u0131na gelsin! \u2013 S6F774Z1-LRB \u2014 Technical Details \u2014 Men\u015fei: Turk\u0131ye Sat\u0131c\u0131: LC Waikiki Marka: LCW baby \u00dcr\u00fcn Tipi: Pantolon Cinsiyet: K\u0131z Bebek Kal\u0131p: Standart &amp; Regular Kuma\u015f: \u0130nterlok Bel Fiti: Beli Lastikli Desen: Desenli [&hellip;]<\/p>\n","protected":false},"featured_media":197001,"comment_status":"open","ping_status":"closed","template":"","meta":[],"product_brand":[],"product_cat":[8694,8697,8700],"product_tag":[7469,6765],"class_list":{"0":"post-197006","1":"product","2":"type-product","3":"status-publish","4":"has-post-thumbnail","6":"product_cat-cocuklar","7":"product_cat-yenidogan-0-12-ay","8":"product_cat-yenidogan-giyim","9":"product_tag-interlock-kumas","10":"product_tag-lastikli-bel","11":"pa_brand-lcw-baby","12":"pa_color-ekru","13":"pa_size-0-1-ay","14":"pa_size-1-3-ay","15":"pa_size-3-6-ay","16":"pa_size-6-9-ay","18":"first","19":"instock","20":"sale","21":"shipping-taxable","22":"purchasable","23":"product-type-variable"},"_links":{"self":[{"href":"https:\/\/mod.wisdar.net\/tr\/wp-json\/wp\/v2\/product\/197006","targetHints":{"allow":["GET"]}}],"collection":[{"href":"https:\/\/mod.wisdar.net\/tr\/wp-json\/wp\/v2\/product"}],"about":[{"href":"https:\/\/mod.wisdar.net\/tr\/wp-json\/wp\/v2\/types\/product"}],"replies":[{"embeddable":true,"href":"https:\/\/mod.wisdar.net\/tr\/wp-json\/wp\/v2\/comments?post=197006"}],"wp:featuredmedia":[{"embeddable":true,"href":"https:\/\/mod.wisdar.net\/tr\/wp-json\/wp\/v2\/media\/197001"}],"wp:attachment":[{"href":"https:\/\/mod.wisdar.net\/tr\/wp-json\/wp\/v2\/media?parent=197006"}],"wp:term":[{"taxonomy":"product_brand","embeddable":true,"href":"https:\/\/mod.wisdar.net\/tr\/wp-json\/wp\/v2\/product_brand?post=197006"},{"taxonomy":"product_cat","embeddable":true,"href":"https:\/\/mod.wisdar.net\/tr\/wp-json\/wp\/v2\/product_cat?post=197006"},{"taxonomy":"product_tag","embeddable":true,"href":"https:\/\/mod.wisdar.net\/tr\/wp-json\/wp\/v2\/product_tag?post=197006"}],"curies":[{"name":"wp","href":"https:\/\/api.w.org\/{rel}","templated":true}]}}