{"id":197218,"date":"2026-04-01T21:39:58","date_gmt":"2026-04-01T21:39:58","guid":{"rendered":"https:\/\/modesthanim.com\/product\/bej-kisa-kollu-emzirme-bolmeli-esnek-elastanli-viskoz-soft-hamile-sabahlik-gecelik-takim-19417\/"},"modified":"2026-04-01T21:41:49","modified_gmt":"2026-04-01T21:41:49","slug":"bej-kisa-kollu-emzirme-bolmeli-esnek-elastanli-viskoz-soft-hamile-sabahlik-gecelik-takim-19417","status":"publish","type":"product","link":"https:\/\/mod.wisdar.net\/tr\/urun\/bej-kisa-kollu-emzirme-bolmeli-esnek-elastanli-viskoz-soft-hamile-sabahlik-gecelik-takim-19417\/","title":{"rendered":"Bej K\u0131sa Kollu Emzirme B\u00f6lmeli Esnek Elastanl\u0131 Viskoz Soft Hamile Sabahl\u0131k Gecelik Tak\u0131m 19417"},"content":{"rendered":"<p>Art\u0131\u015f Bej K\u0131sa Kollu Emzirme B\u00f6lmeli Esnek Elastanl\u0131 Viskoz Soft Hamile Sabahl\u0131k Gecelik Tak\u0131m 19417 size \u00f6zel indirim, taksit ve kap\u0131da \u00f6deme avantajlar\u0131yla LCW&#8217;de! Hemen online al\u0131\u015fveri\u015f yap, \u00fcr\u00fcn kap\u0131na gelsin! \u2013 S000517315-19928<\/p>\n<p>\u2014 Technical Details \u2014<br \/>\nDesen: D\u00fcz<br \/>\nKol Boyu: K\u0131sa Kollu<br \/>\nYaka: V Yaka<br \/>\nKuma\u015f: Viskon<br \/>\nKal\u0131nl\u0131k: Orta Kal\u0131nl\u0131k<br \/>\nKal\u0131p: Rahat &amp; Relax<br \/>\nPar\u00e7a Say\u0131s\u0131: 2 Par\u00e7a<br \/>\nUzunluk: K\u0131sa<br \/>\nCinsiyet: Kad\u0131n<br \/>\n\u00dcr\u00fcn Tipi: Gecelik<\/p>\n","protected":false},"excerpt":{"rendered":"<p>Art\u0131\u015f Bej K\u0131sa Kollu Emzirme B\u00f6lmeli Esnek Elastanl\u0131 Viskoz Soft Hamile Sabahl\u0131k Gecelik Tak\u0131m 19417 size \u00f6zel indirim, taksit ve kap\u0131da \u00f6deme avantajlar\u0131yla LCW&#8217;de! Hemen online al\u0131\u015fveri\u015f yap, \u00fcr\u00fcn kap\u0131na gelsin! \u2013 S000517315-19928 \u2014 Technical Details \u2014 Desen: D\u00fcz Kol Boyu: K\u0131sa Kollu Yaka: V Yaka Kuma\u015f: Viskon Kal\u0131nl\u0131k: Orta Kal\u0131nl\u0131k Kal\u0131p: Rahat &amp; Relax [&hellip;]<\/p>\n","protected":false},"featured_media":197206,"comment_status":"open","ping_status":"closed","template":"","meta":[],"product_brand":[],"product_cat":[8763,8772],"product_tag":[7724,6751],"class_list":{"0":"post-197218","1":"product","2":"type-product","3":"status-publish","4":"has-post-thumbnail","6":"product_cat-hamilelik-urunleri","7":"product_cat-pijama-takimlari","8":"product_tag-ev-giyimi","9":"product_tag-rahat","10":"pa_brand-artis","11":"pa_color-bej","12":"pa_size-l","13":"pa_size-m","14":"pa_size-s","15":"pa_size-xl","17":"first","18":"instock","19":"sale","20":"shipping-taxable","21":"purchasable","22":"product-type-variable"},"_links":{"self":[{"href":"https:\/\/mod.wisdar.net\/tr\/wp-json\/wp\/v2\/product\/197218","targetHints":{"allow":["GET"]}}],"collection":[{"href":"https:\/\/mod.wisdar.net\/tr\/wp-json\/wp\/v2\/product"}],"about":[{"href":"https:\/\/mod.wisdar.net\/tr\/wp-json\/wp\/v2\/types\/product"}],"replies":[{"embeddable":true,"href":"https:\/\/mod.wisdar.net\/tr\/wp-json\/wp\/v2\/comments?post=197218"}],"wp:featuredmedia":[{"embeddable":true,"href":"https:\/\/mod.wisdar.net\/tr\/wp-json\/wp\/v2\/media\/197206"}],"wp:attachment":[{"href":"https:\/\/mod.wisdar.net\/tr\/wp-json\/wp\/v2\/media?parent=197218"}],"wp:term":[{"taxonomy":"product_brand","embeddable":true,"href":"https:\/\/mod.wisdar.net\/tr\/wp-json\/wp\/v2\/product_brand?post=197218"},{"taxonomy":"product_cat","embeddable":true,"href":"https:\/\/mod.wisdar.net\/tr\/wp-json\/wp\/v2\/product_cat?post=197218"},{"taxonomy":"product_tag","embeddable":true,"href":"https:\/\/mod.wisdar.net\/tr\/wp-json\/wp\/v2\/product_tag?post=197218"}],"curies":[{"name":"wp","href":"https:\/\/api.w.org\/{rel}","templated":true}]}}