{"id":197261,"date":"2026-04-01T21:40:31","date_gmt":"2026-04-01T21:40:31","guid":{"rendered":"https:\/\/modesthanim.com\/product\/gri-kacik-yaka-civciv-baskili-hamile-gecelik\/"},"modified":"2026-04-01T21:40:58","modified_gmt":"2026-04-01T21:40:58","slug":"gri-kacik-yaka-civciv-baskili-hamile-gecelik","status":"publish","type":"product","link":"https:\/\/mod.wisdar.net\/tr\/urun\/gri-kacik-yaka-civciv-baskili-hamile-gecelik\/","title":{"rendered":"Gri Ka\u00e7\u0131k Yaka Civciv Bask\u0131l\u0131 Hamile Gecelik"},"content":{"rendered":"<p>LCW DREAM Gri Ka\u00e7\u0131k Yaka Civciv Bask\u0131l\u0131 Hamile Gecelik size \u00f6zel indirim, taksit ve kap\u0131da \u00f6deme avantajlar\u0131yla LCW&#8217;de! Hemen online al\u0131\u015fveri\u015f yap, \u00fcr\u00fcn kap\u0131na gelsin! \u2013 S6HJ40Z8-998<\/p>\n<p>\u2014 Technical Details \u2014<br \/>\nMen\u015fei: Banglade\u015f,Turk\u0131ye<br \/>\nSat\u0131c\u0131: LC Waikiki<br \/>\nMarka: LCW DREAM<br \/>\n\u00dcr\u00fcn Tipi: Gecelik<br \/>\nCinsiyet: Kad\u0131n<br \/>\nKal\u0131p: Standart &amp; Regular<br \/>\nKuma\u015f: Penye<br \/>\nDesen: Bask\u0131l\u0131<br \/>\nYaka: Ka\u00e7\u0131k Yaka<br \/>\nStil: Hamilelik D\u00f6nemi ve Sonras\u0131<br \/>\nKol Boyu: K\u0131sa Kollu<br \/>\nEk \u00d6zellik: D\u00fc\u011fmeli<\/p>\n","protected":false},"excerpt":{"rendered":"<p>LCW DREAM Gri Ka\u00e7\u0131k Yaka Civciv Bask\u0131l\u0131 Hamile Gecelik size \u00f6zel indirim, taksit ve kap\u0131da \u00f6deme avantajlar\u0131yla LCW&#8217;de! Hemen online al\u0131\u015fveri\u015f yap, \u00fcr\u00fcn kap\u0131na gelsin! \u2013 S6HJ40Z8-998 \u2014 Technical Details \u2014 Men\u015fei: Banglade\u015f,Turk\u0131ye Sat\u0131c\u0131: LC Waikiki Marka: LCW DREAM \u00dcr\u00fcn Tipi: Gecelik Cinsiyet: Kad\u0131n Kal\u0131p: Standart &amp; Regular Kuma\u015f: Penye Desen: Bask\u0131l\u0131 Yaka: Ka\u00e7\u0131k Yaka [&hellip;]<\/p>\n","protected":false},"featured_media":197255,"comment_status":"open","ping_status":"closed","template":"","meta":[],"product_brand":[],"product_cat":[8766,8763],"product_tag":[9367,12435,9554,9592,3595],"class_list":{"0":"post-197261","1":"product","2":"type-product","3":"status-publish","4":"has-post-thumbnail","6":"product_cat-hamile-elbiseleri","7":"product_cat-hamilelik-urunleri","8":"product_tag-comfortable-sleepwear","9":"product_tag-hen-print","10":"product_tag-maternity-nightgown","11":"product_tag-postpartum-clothing","12":"product_tag-v-neck","13":"pa_brand-lcw-dream","14":"pa_color-gri","15":"pa_size-2xl","16":"pa_size-3xl","17":"pa_size-l","18":"pa_size-m","19":"pa_size-s","20":"pa_size-xl","22":"first","23":"instock","24":"shipping-taxable","25":"purchasable","26":"product-type-variable"},"_links":{"self":[{"href":"https:\/\/mod.wisdar.net\/tr\/wp-json\/wp\/v2\/product\/197261","targetHints":{"allow":["GET"]}}],"collection":[{"href":"https:\/\/mod.wisdar.net\/tr\/wp-json\/wp\/v2\/product"}],"about":[{"href":"https:\/\/mod.wisdar.net\/tr\/wp-json\/wp\/v2\/types\/product"}],"replies":[{"embeddable":true,"href":"https:\/\/mod.wisdar.net\/tr\/wp-json\/wp\/v2\/comments?post=197261"}],"wp:featuredmedia":[{"embeddable":true,"href":"https:\/\/mod.wisdar.net\/tr\/wp-json\/wp\/v2\/media\/197255"}],"wp:attachment":[{"href":"https:\/\/mod.wisdar.net\/tr\/wp-json\/wp\/v2\/media?parent=197261"}],"wp:term":[{"taxonomy":"product_brand","embeddable":true,"href":"https:\/\/mod.wisdar.net\/tr\/wp-json\/wp\/v2\/product_brand?post=197261"},{"taxonomy":"product_cat","embeddable":true,"href":"https:\/\/mod.wisdar.net\/tr\/wp-json\/wp\/v2\/product_cat?post=197261"},{"taxonomy":"product_tag","embeddable":true,"href":"https:\/\/mod.wisdar.net\/tr\/wp-json\/wp\/v2\/product_tag?post=197261"}],"curies":[{"name":"wp","href":"https:\/\/api.w.org\/{rel}","templated":true}]}}