{"id":197321,"date":"2026-04-01T21:50:19","date_gmt":"2026-04-01T21:50:19","guid":{"rendered":"https:\/\/modesthanim.com\/product\/pembe-cizgili-sabahlikli-emzirmeye-uygun-hamile-ve-lohusa-pijama-takimi\/"},"modified":"2026-04-01T21:50:43","modified_gmt":"2026-04-01T21:50:43","slug":"pembe-cizgili-sabahlikli-emzirmeye-uygun-hamile-ve-lohusa-pijama-takimi","status":"publish","type":"product","link":"https:\/\/mod.wisdar.net\/tr\/urun\/pembe-cizgili-sabahlikli-emzirmeye-uygun-hamile-ve-lohusa-pijama-takimi\/","title":{"rendered":"Pembe \u00c7izgili Sabahl\u0131kl\u0131 Emzirmeye Uygun Hamile ve Lohusa Pijama Tak\u0131m\u0131"},"content":{"rendered":"<p>M\u0130SS D\u00dcNYA L\u0130SSA Pembe \u00c7izgili Sabahl\u0131kl\u0131 Emzirmeye Uygun Hamile ve Lohusa Pijama Tak\u0131m\u0131 size \u00f6zel indirim, taksit ve kap\u0131da \u00f6deme avantajlar\u0131yla LCW&#8217;de! Hemen online al\u0131\u015fveri\u015f yap, \u00fcr\u00fcn kap\u0131na gelsin! \u2013 S000494465-20024<\/p>\n<p>\u2014 Technical Details \u2014<br \/>\ngender: Kad\u0131n<br \/>\nproduct_type: Pijama Tak\u0131m<br \/>\npattern: \u00c7izgili<br \/>\nfunctional_feature: Emzirme \u00d6zellikli<br \/>\npiece_count: 3 Par\u00e7a<br \/>\nfit: Mom Fit<br \/>\nwaist_fit: Normal Bel<br \/>\nsleeve_length: Uzun Kollu<br \/>\ncollar: G\u00f6mlek Yaka<br \/>\nleg_fit: D\u00fcz Pa\u00e7a<br \/>\nlength: Uzun<br \/>\nthickness: Orta Kal\u0131nl\u0131k<br \/>\norigin: Turk\u0131ye<\/p>\n","protected":false},"excerpt":{"rendered":"<p>M\u0130SS D\u00dcNYA L\u0130SSA Pembe \u00c7izgili Sabahl\u0131kl\u0131 Emzirmeye Uygun Hamile ve Lohusa Pijama Tak\u0131m\u0131 size \u00f6zel indirim, taksit ve kap\u0131da \u00f6deme avantajlar\u0131yla LCW&#8217;de! Hemen online al\u0131\u015fveri\u015f yap, \u00fcr\u00fcn kap\u0131na gelsin! \u2013 S000494465-20024 \u2014 Technical Details \u2014 gender: Kad\u0131n product_type: Pijama Tak\u0131m pattern: \u00c7izgili functional_feature: Emzirme \u00d6zellikli piece_count: 3 Par\u00e7a fit: Mom Fit waist_fit: Normal Bel sleeve_length: [&hellip;]<\/p>\n","protected":false},"featured_media":197313,"comment_status":"open","ping_status":"closed","template":"","meta":[],"product_brand":[],"product_cat":[8763,8772],"product_tag":[7912,6771,7914,7488,6768],"class_list":{"0":"post-197321","1":"product","2":"type-product","3":"status-publish","4":"has-post-thumbnail","6":"product_cat-hamilelik-urunleri","7":"product_cat-pijama-takimlari","8":"product_tag-cizgili","9":"product_tag-gomlek-yaka","10":"product_tag-orta-kalinlik","11":"product_tag-pamuk","12":"product_tag-uzun-kol","13":"pa_brand-miss-dunya-lissa","14":"pa_color-pembe","15":"pa_size-2xl","16":"pa_size-l","17":"pa_size-m","18":"pa_size-xl","20":"first","21":"instock","22":"shipping-taxable","23":"purchasable","24":"product-type-variable"},"_links":{"self":[{"href":"https:\/\/mod.wisdar.net\/tr\/wp-json\/wp\/v2\/product\/197321","targetHints":{"allow":["GET"]}}],"collection":[{"href":"https:\/\/mod.wisdar.net\/tr\/wp-json\/wp\/v2\/product"}],"about":[{"href":"https:\/\/mod.wisdar.net\/tr\/wp-json\/wp\/v2\/types\/product"}],"replies":[{"embeddable":true,"href":"https:\/\/mod.wisdar.net\/tr\/wp-json\/wp\/v2\/comments?post=197321"}],"wp:featuredmedia":[{"embeddable":true,"href":"https:\/\/mod.wisdar.net\/tr\/wp-json\/wp\/v2\/media\/197313"}],"wp:attachment":[{"href":"https:\/\/mod.wisdar.net\/tr\/wp-json\/wp\/v2\/media?parent=197321"}],"wp:term":[{"taxonomy":"product_brand","embeddable":true,"href":"https:\/\/mod.wisdar.net\/tr\/wp-json\/wp\/v2\/product_brand?post=197321"},{"taxonomy":"product_cat","embeddable":true,"href":"https:\/\/mod.wisdar.net\/tr\/wp-json\/wp\/v2\/product_cat?post=197321"},{"taxonomy":"product_tag","embeddable":true,"href":"https:\/\/mod.wisdar.net\/tr\/wp-json\/wp\/v2\/product_tag?post=197321"}],"curies":[{"name":"wp","href":"https:\/\/api.w.org\/{rel}","templated":true}]}}