{"id":197378,"date":"2026-04-01T21:56:01","date_gmt":"2026-04-01T21:56:01","guid":{"rendered":"https:\/\/modesthanim.com\/product\/gri-kadin-uzun-kollu-esnek-pamuklu-hamile-sabahlik-pijama-takimi13300\/"},"modified":"2026-04-04T05:43:36","modified_gmt":"2026-04-04T05:43:36","slug":"gri-kadin-uzun-kollu-esnek-pamuklu-hamile-sabahlik-pijama-takimi13300","status":"publish","type":"product","link":"https:\/\/mod.wisdar.net\/tr\/urun\/gri-kadin-uzun-kollu-esnek-pamuklu-hamile-sabahlik-pijama-takimi13300\/","title":{"rendered":"Gri Kad\u0131n Uzun Kollu Esnek Pamuklu Hamile Sabahl\u0131k Pijama Tak\u0131m\u013113300"},"content":{"rendered":"<p>Art\u0131\u015f Gri Kad\u0131n Uzun Kollu Esnek Pamuklu Hamile Sabahl\u0131k Pijama Tak\u0131m\u013113300 size \u00f6zel indirim, taksit ve kap\u0131da \u00f6deme avantajlar\u0131yla LCW&#8217;de! Hemen online al\u0131\u015fveri\u015f yap, \u00fcr\u00fcn kap\u0131na gelsin! \u2013 S000192237-20600<\/p>\n<p>\u2014 Technical Details \u2014<br \/>\nDesen: D\u00fcz<br \/>\nStil: Casual\/G\u00fcnl\u00fck<br \/>\nKal\u0131p: Standart &amp; Regular<br \/>\nBel Fiti: Y\u00fcksek Bel<br \/>\nKol Boyu: Uzun Kollu<br \/>\nYaka: Kruvaze<br \/>\nPa\u00e7a Fiti: D\u00fcz Pa\u00e7a<br \/>\nKal\u0131nl\u0131k: Orta Kal\u0131nl\u0131k<\/p>\n","protected":false},"excerpt":{"rendered":"<p>Art\u0131\u015f Gri Kad\u0131n Uzun Kollu Esnek Pamuklu Hamile Sabahl\u0131k Pijama Tak\u0131m\u013113300 size \u00f6zel indirim, taksit ve kap\u0131da \u00f6deme avantajlar\u0131yla LCW&#8217;de! Hemen online al\u0131\u015fveri\u015f yap, \u00fcr\u00fcn kap\u0131na gelsin! \u2013 S000192237-20600 \u2014 Technical Details \u2014 Desen: D\u00fcz Stil: Casual\/G\u00fcnl\u00fck Kal\u0131p: Standart &amp; Regular Bel Fiti: Y\u00fcksek Bel Kol Boyu: Uzun Kollu Yaka: Kruvaze Pa\u00e7a Fiti: D\u00fcz Pa\u00e7a [&hellip;]<\/p>\n","protected":false},"featured_media":197374,"comment_status":"open","ping_status":"closed","template":"","meta":[],"product_brand":[],"product_cat":[8763,8772],"product_tag":[5011,7914,7808,8244,6768,7650],"class_list":{"0":"post-197378","1":"product","2":"type-product","3":"status-publish","4":"has-post-thumbnail","6":"product_cat-hamilelik-urunleri","7":"product_cat-pijama-takimlari","8":"product_tag-crossover","9":"product_tag-orta-kalinlik","10":"product_tag-solid","11":"product_tag-standart-normal","12":"product_tag-uzun-kol","13":"product_tag-yuksek-bel-3","14":"pa_brand-artis","15":"pa_color-gri","16":"pa_size-l","17":"pa_size-m","18":"pa_size-s","19":"pa_size-xl","21":"first","22":"instock","23":"sale","24":"shipping-taxable","25":"purchasable","26":"product-type-variable"},"_links":{"self":[{"href":"https:\/\/mod.wisdar.net\/tr\/wp-json\/wp\/v2\/product\/197378","targetHints":{"allow":["GET"]}}],"collection":[{"href":"https:\/\/mod.wisdar.net\/tr\/wp-json\/wp\/v2\/product"}],"about":[{"href":"https:\/\/mod.wisdar.net\/tr\/wp-json\/wp\/v2\/types\/product"}],"replies":[{"embeddable":true,"href":"https:\/\/mod.wisdar.net\/tr\/wp-json\/wp\/v2\/comments?post=197378"}],"wp:featuredmedia":[{"embeddable":true,"href":"https:\/\/mod.wisdar.net\/tr\/wp-json\/wp\/v2\/media\/197374"}],"wp:attachment":[{"href":"https:\/\/mod.wisdar.net\/tr\/wp-json\/wp\/v2\/media?parent=197378"}],"wp:term":[{"taxonomy":"product_brand","embeddable":true,"href":"https:\/\/mod.wisdar.net\/tr\/wp-json\/wp\/v2\/product_brand?post=197378"},{"taxonomy":"product_cat","embeddable":true,"href":"https:\/\/mod.wisdar.net\/tr\/wp-json\/wp\/v2\/product_cat?post=197378"},{"taxonomy":"product_tag","embeddable":true,"href":"https:\/\/mod.wisdar.net\/tr\/wp-json\/wp\/v2\/product_tag?post=197378"}],"curies":[{"name":"wp","href":"https:\/\/api.w.org\/{rel}","templated":true}]}}