{"id":197413,"date":"2026-04-01T21:56:36","date_gmt":"2026-04-01T21:56:36","guid":{"rendered":"https:\/\/modesthanim.com\/product\/beyaz-dantel-detayli-3lu-sabahlikli-hamile-ve-lohusa-pijama-takimi\/"},"modified":"2026-04-01T21:57:01","modified_gmt":"2026-04-01T21:57:01","slug":"beyaz-dantel-detayli-3lu-sabahlikli-hamile-ve-lohusa-pijama-takimi","status":"publish","type":"product","link":"https:\/\/mod.wisdar.net\/tr\/urun\/beyaz-dantel-detayli-3lu-sabahlikli-hamile-ve-lohusa-pijama-takimi\/","title":{"rendered":"Beyaz  Dantel Detayl\u0131 3l\u00fc Sabahl\u0131kl\u0131 Hamile Ve Lohusa Pijama Tak\u0131m\u0131"},"content":{"rendered":"<p>M\u0130SS D\u00dcNYA L\u0130SSA Beyaz  Dantel Detayl\u0131 3l\u00fc Sabahl\u0131kl\u0131 Hamile Ve Lohusa Pijama Tak\u0131m\u0131 size \u00f6zel indirim, taksit ve kap\u0131da \u00f6deme avantajlar\u0131yla LCW&#8217;de! Hemen online al\u0131\u015fveri\u015f yap, \u00fcr\u00fcn kap\u0131na gelsin! \u2013 S000366754-20063<\/p>\n<p>\u2014 Technical Details \u2014<br \/>\nDesen: D\u00fcz<br \/>\nFonksiyonel \u00d6zellik: Emzirme \u00d6zellikli<br \/>\nStil: Hamilelik D\u00f6nemi ve Sonras\u0131<br \/>\nPar\u00e7a Say\u0131s\u0131: 3 Par\u00e7a<br \/>\nKal\u0131p: Mom Fit<br \/>\nBel Fiti: Normal Bel<br \/>\nKol Boyu: K\u0131sa Kollu<br \/>\nYaka: V Yaka<br \/>\nPa\u00e7a Fiti: D\u00fcz Pa\u00e7a<br \/>\nKal\u0131nl\u0131k: \u0130nce<br \/>\nAstar Detay: Astars\u0131z<br \/>\nPatik \u00d6zelli\u011fi: Patiksiz<\/p>\n","protected":false},"excerpt":{"rendered":"<p>M\u0130SS D\u00dcNYA L\u0130SSA Beyaz Dantel Detayl\u0131 3l\u00fc Sabahl\u0131kl\u0131 Hamile Ve Lohusa Pijama Tak\u0131m\u0131 size \u00f6zel indirim, taksit ve kap\u0131da \u00f6deme avantajlar\u0131yla LCW&#8217;de! Hemen online al\u0131\u015fveri\u015f yap, \u00fcr\u00fcn kap\u0131na gelsin! \u2013 S000366754-20063 \u2014 Technical Details \u2014 Desen: D\u00fcz Fonksiyonel \u00d6zellik: Emzirme \u00d6zellikli Stil: Hamilelik D\u00f6nemi ve Sonras\u0131 Par\u00e7a Say\u0131s\u0131: 3 Par\u00e7a Kal\u0131p: Mom Fit Bel Fiti: [&hellip;]<\/p>\n","protected":false},"featured_media":197407,"comment_status":"open","ping_status":"closed","template":"","meta":[],"product_brand":[],"product_cat":[8763,8772],"product_tag":[7802,5016],"class_list":{"0":"post-197413","1":"product","2":"type-product","3":"status-publish","4":"has-post-thumbnail","6":"product_cat-hamilelik-urunleri","7":"product_cat-pijama-takimlari","8":"product_tag-duz","9":"product_tag-unlined","10":"pa_brand-miss-dunya-lissa","11":"pa_color-beyaz","12":"pa_size-2xl","13":"pa_size-l","14":"pa_size-m","15":"pa_size-xl","17":"first","18":"instock","19":"shipping-taxable","20":"purchasable","21":"product-type-variable"},"_links":{"self":[{"href":"https:\/\/mod.wisdar.net\/tr\/wp-json\/wp\/v2\/product\/197413","targetHints":{"allow":["GET"]}}],"collection":[{"href":"https:\/\/mod.wisdar.net\/tr\/wp-json\/wp\/v2\/product"}],"about":[{"href":"https:\/\/mod.wisdar.net\/tr\/wp-json\/wp\/v2\/types\/product"}],"replies":[{"embeddable":true,"href":"https:\/\/mod.wisdar.net\/tr\/wp-json\/wp\/v2\/comments?post=197413"}],"wp:featuredmedia":[{"embeddable":true,"href":"https:\/\/mod.wisdar.net\/tr\/wp-json\/wp\/v2\/media\/197407"}],"wp:attachment":[{"href":"https:\/\/mod.wisdar.net\/tr\/wp-json\/wp\/v2\/media?parent=197413"}],"wp:term":[{"taxonomy":"product_brand","embeddable":true,"href":"https:\/\/mod.wisdar.net\/tr\/wp-json\/wp\/v2\/product_brand?post=197413"},{"taxonomy":"product_cat","embeddable":true,"href":"https:\/\/mod.wisdar.net\/tr\/wp-json\/wp\/v2\/product_cat?post=197413"},{"taxonomy":"product_tag","embeddable":true,"href":"https:\/\/mod.wisdar.net\/tr\/wp-json\/wp\/v2\/product_tag?post=197413"}],"curies":[{"name":"wp","href":"https:\/\/api.w.org\/{rel}","templated":true}]}}