{"id":197459,"date":"2026-04-01T21:58:12","date_gmt":"2026-04-01T21:58:12","guid":{"rendered":"https:\/\/modesthanim.com\/product\/mavi-pure-comfort-onden-dugmeli-gomlek-yaka-cizgili-kisa-kol-hamile-ve-lohusa-pijama-takimi\/"},"modified":"2026-04-04T06:45:49","modified_gmt":"2026-04-04T06:45:49","slug":"mavi-pure-comfort-onden-dugmeli-gomlek-yaka-cizgili-kisa-kol-hamile-ve-lohusa-pijama-takimi","status":"publish","type":"product","link":"https:\/\/mod.wisdar.net\/tr\/urun\/mavi-pure-comfort-onden-dugmeli-gomlek-yaka-cizgili-kisa-kol-hamile-ve-lohusa-pijama-takimi\/","title":{"rendered":"Mavi Pure Comfort \u00d6nden D\u00fc\u011fmeli G\u00f6mlek Yaka \u00c7izgili K\u0131sa Kol Hamile ve Lohusa Pijama Tak\u0131m\u0131"},"content":{"rendered":"<p>M\u0130SS D\u00dcNYA L\u0130SSA Mavi Pure Comfort \u00d6nden D\u00fc\u011fmeli G\u00f6mlek Yaka \u00c7izgili K\u0131sa Kol Hamile ve Lohusa Pijama Tak\u0131m\u0131 size \u00f6zel indirim, taksit ve kap\u0131da \u00f6deme avantajlar\u0131yla LCW&#8217;de! Hemen online al\u0131\u015fveri\u015f yap, \u00fcr\u00fcn kap\u0131na gelsin! \u2013 S000516576-37368<\/p>\n<p>\u2014 Technical Details \u2014<br \/>\nDesen: \u00c7izgili<br \/>\nKuma\u015f: Viskon<br \/>\nFonksiyonel \u00d6zellik: Nefes Al\u0131r<br \/>\nPar\u00e7a Say\u0131s\u0131: 2 Par\u00e7a<br \/>\nKal\u0131p: Mom Fit<br \/>\nBel Fiti: Normal Bel<br \/>\nKol Boyu: K\u0131sa Kollu<br \/>\nYaka: G\u00f6mlek Yaka<br \/>\nPa\u00e7a Fiti: D\u00fcz Pa\u00e7a<br \/>\nUzunluk: Uzun<br \/>\nEk \u00d6zellik: D\u00fc\u011fmeli<br \/>\nKal\u0131nl\u0131k: \u0130nce<br \/>\nMen\u015fei: Turk\u0131ye<\/p>\n","protected":false},"excerpt":{"rendered":"<p>M\u0130SS D\u00dcNYA L\u0130SSA Mavi Pure Comfort \u00d6nden D\u00fc\u011fmeli G\u00f6mlek Yaka \u00c7izgili K\u0131sa Kol Hamile ve Lohusa Pijama Tak\u0131m\u0131 size \u00f6zel indirim, taksit ve kap\u0131da \u00f6deme avantajlar\u0131yla LCW&#8217;de! Hemen online al\u0131\u015fveri\u015f yap, \u00fcr\u00fcn kap\u0131na gelsin! \u2013 S000516576-37368 \u2014 Technical Details \u2014 Desen: \u00c7izgili Kuma\u015f: Viskon Fonksiyonel \u00d6zellik: Nefes Al\u0131r Par\u00e7a Say\u0131s\u0131: 2 Par\u00e7a Kal\u0131p: Mom Fit [&hellip;]<\/p>\n","protected":false},"featured_media":197455,"comment_status":"open","ping_status":"closed","template":"","meta":[],"product_brand":[],"product_cat":[8763,8772],"product_tag":[7912,6771],"class_list":{"0":"post-197459","1":"product","2":"type-product","3":"status-publish","4":"has-post-thumbnail","6":"product_cat-hamilelik-urunleri","7":"product_cat-pijama-takimlari","8":"product_tag-cizgili","9":"product_tag-gomlek-yaka","10":"pa_brand-miss-dunya-lissa","11":"pa_color-mavi","12":"pa_size-2xl","13":"pa_size-l","14":"pa_size-m","15":"pa_size-xl","17":"first","18":"instock","19":"shipping-taxable","20":"purchasable","21":"product-type-variable"},"_links":{"self":[{"href":"https:\/\/mod.wisdar.net\/tr\/wp-json\/wp\/v2\/product\/197459","targetHints":{"allow":["GET"]}}],"collection":[{"href":"https:\/\/mod.wisdar.net\/tr\/wp-json\/wp\/v2\/product"}],"about":[{"href":"https:\/\/mod.wisdar.net\/tr\/wp-json\/wp\/v2\/types\/product"}],"replies":[{"embeddable":true,"href":"https:\/\/mod.wisdar.net\/tr\/wp-json\/wp\/v2\/comments?post=197459"}],"wp:featuredmedia":[{"embeddable":true,"href":"https:\/\/mod.wisdar.net\/tr\/wp-json\/wp\/v2\/media\/197455"}],"wp:attachment":[{"href":"https:\/\/mod.wisdar.net\/tr\/wp-json\/wp\/v2\/media?parent=197459"}],"wp:term":[{"taxonomy":"product_brand","embeddable":true,"href":"https:\/\/mod.wisdar.net\/tr\/wp-json\/wp\/v2\/product_brand?post=197459"},{"taxonomy":"product_cat","embeddable":true,"href":"https:\/\/mod.wisdar.net\/tr\/wp-json\/wp\/v2\/product_cat?post=197459"},{"taxonomy":"product_tag","embeddable":true,"href":"https:\/\/mod.wisdar.net\/tr\/wp-json\/wp\/v2\/product_tag?post=197459"}],"curies":[{"name":"wp","href":"https:\/\/api.w.org\/{rel}","templated":true}]}}