{"id":197470,"date":"2026-04-01T21:58:25","date_gmt":"2026-04-01T21:58:25","guid":{"rendered":"https:\/\/modesthanim.com\/product\/gri-yumos-dokulu-emzirmeye-uygun-ayarlanabilir-bel-destekli-hamile-lohusa-pijama-takimi\/"},"modified":"2026-04-04T06:56:49","modified_gmt":"2026-04-04T06:56:49","slug":"gri-yumos-dokulu-emzirmeye-uygun-ayarlanabilir-bel-destekli-hamile-lohusa-pijama-takimi","status":"publish","type":"product","link":"https:\/\/mod.wisdar.net\/tr\/urun\/gri-yumos-dokulu-emzirmeye-uygun-ayarlanabilir-bel-destekli-hamile-lohusa-pijama-takimi\/","title":{"rendered":"Gri Yumo\u015f Dokulu Emzirmeye Uygun Ayarlanabilir Bel Destekli Hamile &amp; Lohusa Pijama Tak\u0131m\u0131"},"content":{"rendered":"<p>M\u0130SS D\u00dcNYA L\u0130SSA Gri Yumo\u015f Dokulu Emzirmeye Uygun Ayarlanabilir Bel Destekli Hamile &amp; Lohusa Pijama Tak\u0131m\u0131 size \u00f6zel indirim, taksit ve kap\u0131da \u00f6deme avantajlar\u0131yla LCW&#8217;de! Hemen online al\u0131\u015fveri\u015f yap, \u00fcr\u00fcn kap\u0131na gelsin! \u2013 S000494461-20600<\/p>\n<p>\u2014 Technical Details \u2014<br \/>\nDesen: D\u00fcz<br \/>\nFonksiyonel \u00d6zellik: Emzirme \u00d6zellikli<br \/>\nMalzeme: Pamuk<br \/>\nStil: Hamilelik D\u00f6nemi ve Sonras\u0131<br \/>\nPaket \u0130\u00e7eri\u011fi: Tekli<br \/>\nPar\u00e7a Say\u0131s\u0131: 2 Par\u00e7a<br \/>\nKal\u0131p: Mom Fit<br \/>\nBel Fiti: Normal Bel<br \/>\nKol Boyu: Uzun Kollu<br \/>\nYaka: Bisiklet Yaka<br \/>\nPa\u00e7a Fiti: D\u00fcz Pa\u00e7a<br \/>\nUzunluk: Uzun<br \/>\nEk \u00d6zellik: Fitilli<br \/>\nKal\u0131nl\u0131k: Kal\u0131n<br \/>\nMen\u015fei: Turk\u0131ye<\/p>\n","protected":false},"excerpt":{"rendered":"<p>M\u0130SS D\u00dcNYA L\u0130SSA Gri Yumo\u015f Dokulu Emzirmeye Uygun Ayarlanabilir Bel Destekli Hamile &amp; Lohusa Pijama Tak\u0131m\u0131 size \u00f6zel indirim, taksit ve kap\u0131da \u00f6deme avantajlar\u0131yla LCW&#8217;de! Hemen online al\u0131\u015fveri\u015f yap, \u00fcr\u00fcn kap\u0131na gelsin! \u2013 S000494461-20600 \u2014 Technical Details \u2014 Desen: D\u00fcz Fonksiyonel \u00d6zellik: Emzirme \u00d6zellikli Malzeme: Pamuk Stil: Hamilelik D\u00f6nemi ve Sonras\u0131 Paket \u0130\u00e7eri\u011fi: Tekli Par\u00e7a [&hellip;]<\/p>\n","protected":false},"featured_media":197464,"comment_status":"open","ping_status":"closed","template":"","meta":[],"product_brand":[],"product_cat":[8763,8772],"product_tag":[8110,7488,7808,6768],"class_list":{"0":"post-197470","1":"product","2":"type-product","3":"status-publish","4":"has-post-thumbnail","6":"product_cat-hamilelik-urunleri","7":"product_cat-pijama-takimlari","8":"product_tag-bisiklet-yaka-2","9":"product_tag-pamuk","10":"product_tag-solid","11":"product_tag-uzun-kol","12":"pa_brand-miss-dunya-lissa","13":"pa_color-gri","14":"pa_size-2xl","15":"pa_size-l","16":"pa_size-m","17":"pa_size-xl","19":"first","20":"instock","21":"shipping-taxable","22":"purchasable","23":"product-type-variable"},"_links":{"self":[{"href":"https:\/\/mod.wisdar.net\/tr\/wp-json\/wp\/v2\/product\/197470","targetHints":{"allow":["GET"]}}],"collection":[{"href":"https:\/\/mod.wisdar.net\/tr\/wp-json\/wp\/v2\/product"}],"about":[{"href":"https:\/\/mod.wisdar.net\/tr\/wp-json\/wp\/v2\/types\/product"}],"replies":[{"embeddable":true,"href":"https:\/\/mod.wisdar.net\/tr\/wp-json\/wp\/v2\/comments?post=197470"}],"wp:featuredmedia":[{"embeddable":true,"href":"https:\/\/mod.wisdar.net\/tr\/wp-json\/wp\/v2\/media\/197464"}],"wp:attachment":[{"href":"https:\/\/mod.wisdar.net\/tr\/wp-json\/wp\/v2\/media?parent=197470"}],"wp:term":[{"taxonomy":"product_brand","embeddable":true,"href":"https:\/\/mod.wisdar.net\/tr\/wp-json\/wp\/v2\/product_brand?post=197470"},{"taxonomy":"product_cat","embeddable":true,"href":"https:\/\/mod.wisdar.net\/tr\/wp-json\/wp\/v2\/product_cat?post=197470"},{"taxonomy":"product_tag","embeddable":true,"href":"https:\/\/mod.wisdar.net\/tr\/wp-json\/wp\/v2\/product_tag?post=197470"}],"curies":[{"name":"wp","href":"https:\/\/api.w.org\/{rel}","templated":true}]}}