{"id":197549,"date":"2026-04-01T22:14:38","date_gmt":"2026-04-01T22:14:38","guid":{"rendered":"https:\/\/modesthanim.com\/product\/mavi-kadin-hamile-denim-jile\/"},"modified":"2026-04-04T10:43:22","modified_gmt":"2026-04-04T10:43:22","slug":"mavi-kadin-hamile-denim-jile","status":"publish","type":"product","link":"https:\/\/mod.wisdar.net\/tr\/urun\/mavi-kadin-hamile-denim-jile\/","title":{"rendered":"Mavi Kad\u0131n Hamile Denim Jile"},"content":{"rendered":"<p>Luvmabelly Mavi Kad\u0131n Hamile Denim Jile size \u00f6zel indirim, taksit ve kap\u0131da \u00f6deme avantajlar\u0131yla LCW&#8217;de! Hemen online al\u0131\u015fveri\u015f yap, \u00fcr\u00fcn kap\u0131na gelsin! \u2013 S000161401-17234<\/p>\n<p>\u2014 Technical Details \u2014<br \/>\nDesen: D\u00fcz<br \/>\nFonksiyonel \u00d6zellik: T\u00fcylenme Yapmaz<br \/>\nMalzeme: Y\u00fcksek Pamuk \u0130\u00e7erir<br \/>\nSiluet: Jile<br \/>\nStil: Hamilelik D\u00f6nemi<br \/>\nYaka: Kare Yaka<br \/>\nKol Boyu: Ask\u0131l\u0131<br \/>\nKuma\u015f: Denim<br \/>\nV\u00fccut Tipi: B\u00fcy\u00fck Beden<br \/>\n\u00dcr\u00fcn Tipi: Jean Elbise<br \/>\nCinsiyet: Kad\u0131n<\/p>\n","protected":false},"excerpt":{"rendered":"<p>Luvmabelly Mavi Kad\u0131n Hamile Denim Jile size \u00f6zel indirim, taksit ve kap\u0131da \u00f6deme avantajlar\u0131yla LCW&#8217;de! Hemen online al\u0131\u015fveri\u015f yap, \u00fcr\u00fcn kap\u0131na gelsin! \u2013 S000161401-17234 \u2014 Technical Details \u2014 Desen: D\u00fcz Fonksiyonel \u00d6zellik: T\u00fcylenme Yapmaz Malzeme: Y\u00fcksek Pamuk \u0130\u00e7erir Siluet: Jile Stil: Hamilelik D\u00f6nemi Yaka: Kare Yaka Kol Boyu: Ask\u0131l\u0131 Kuma\u015f: Denim V\u00fccut Tipi: B\u00fcy\u00fck Beden [&hellip;]<\/p>\n","protected":false},"featured_media":197543,"comment_status":"open","ping_status":"closed","template":"","meta":[],"product_brand":[],"product_cat":[8766,8763],"product_tag":[7563,7426,6744,7603],"class_list":{"0":"post-197549","1":"product","2":"type-product","3":"status-publish","4":"has-post-thumbnail","6":"product_cat-hamile-elbiseleri","7":"product_cat-hamilelik-urunleri","8":"product_tag-buyuk-beden","9":"product_tag-gunluk-giyim-3","10":"product_tag-kadin-modasi","11":"product_tag-online-alisveris","12":"pa_brand-luvmabelly","13":"pa_color-mavi","14":"pa_size-l","15":"pa_size-m","16":"pa_size-s","17":"pa_size-xl","19":"first","20":"instock","21":"shipping-taxable","22":"purchasable","23":"product-type-variable"},"_links":{"self":[{"href":"https:\/\/mod.wisdar.net\/tr\/wp-json\/wp\/v2\/product\/197549","targetHints":{"allow":["GET"]}}],"collection":[{"href":"https:\/\/mod.wisdar.net\/tr\/wp-json\/wp\/v2\/product"}],"about":[{"href":"https:\/\/mod.wisdar.net\/tr\/wp-json\/wp\/v2\/types\/product"}],"replies":[{"embeddable":true,"href":"https:\/\/mod.wisdar.net\/tr\/wp-json\/wp\/v2\/comments?post=197549"}],"wp:featuredmedia":[{"embeddable":true,"href":"https:\/\/mod.wisdar.net\/tr\/wp-json\/wp\/v2\/media\/197543"}],"wp:attachment":[{"href":"https:\/\/mod.wisdar.net\/tr\/wp-json\/wp\/v2\/media?parent=197549"}],"wp:term":[{"taxonomy":"product_brand","embeddable":true,"href":"https:\/\/mod.wisdar.net\/tr\/wp-json\/wp\/v2\/product_brand?post=197549"},{"taxonomy":"product_cat","embeddable":true,"href":"https:\/\/mod.wisdar.net\/tr\/wp-json\/wp\/v2\/product_cat?post=197549"},{"taxonomy":"product_tag","embeddable":true,"href":"https:\/\/mod.wisdar.net\/tr\/wp-json\/wp\/v2\/product_tag?post=197549"}],"curies":[{"name":"wp","href":"https:\/\/api.w.org\/{rel}","templated":true}]}}