{"id":197617,"date":"2026-04-02T14:31:46","date_gmt":"2026-04-02T14:31:46","guid":{"rendered":"https:\/\/modesthanim.com\/product\/bej-kadin-yuksek-bel-cepli-hamile-jogger-esofman-alti-e02\/"},"modified":"2026-04-04T11:14:58","modified_gmt":"2026-04-04T11:14:58","slug":"bej-kadin-yuksek-bel-cepli-hamile-jogger-esofman-alti-e02","status":"publish","type":"product","link":"https:\/\/mod.wisdar.net\/tr\/urun\/bej-kadin-yuksek-bel-cepli-hamile-jogger-esofman-alti-e02\/","title":{"rendered":"Bej Kad\u0131n Y\u00fcksek Bel Cepli Hamile Jogger E\u015fofman Alt\u0131 E02"},"content":{"rendered":"<p>Art\u0131\u015f Bej Kad\u0131n Y\u00fcksek Bel Cepli Hamile Jogger E\u015fofman Alt\u0131 E02 size \u00f6zel indirim, taksit ve kap\u0131da \u00f6deme avantajlar\u0131yla LCW&#8217;de! Hemen online al\u0131\u015fveri\u015f yap, \u00fcr\u00fcn kap\u0131na gelsin! \u2013 S000165269-26429<\/p>\n<p>\u2014 Technical Details \u2014<br \/>\nBel Fiti: Y\u00fcksek Bel<br \/>\nPa\u00e7a Fiti: D\u00fcz Pa\u00e7a<br \/>\nDesen: D\u00fcz<br \/>\nKal\u0131p: Standart &amp; Regular<br \/>\nStil: Hamilelik D\u00f6nemi<br \/>\nV\u00fccut Tipi: B\u00fcy\u00fck Beden<\/p>\n","protected":false},"excerpt":{"rendered":"<p>Art\u0131\u015f Bej Kad\u0131n Y\u00fcksek Bel Cepli Hamile Jogger E\u015fofman Alt\u0131 E02 size \u00f6zel indirim, taksit ve kap\u0131da \u00f6deme avantajlar\u0131yla LCW&#8217;de! Hemen online al\u0131\u015fveri\u015f yap, \u00fcr\u00fcn kap\u0131na gelsin! \u2013 S000165269-26429 \u2014 Technical Details \u2014 Bel Fiti: Y\u00fcksek Bel Pa\u00e7a Fiti: D\u00fcz Pa\u00e7a Desen: D\u00fcz Kal\u0131p: Standart &amp; Regular Stil: Hamilelik D\u00f6nemi V\u00fccut Tipi: B\u00fcy\u00fck Beden<\/p>\n","protected":false},"featured_media":197614,"comment_status":"open","ping_status":"closed","template":"","meta":[],"product_brand":[],"product_cat":[8769,8763],"product_tag":[12446,12445,12443,9544,12444],"class_list":{"0":"post-197617","1":"product","2":"type-product","3":"status-publish","4":"has-post-thumbnail","6":"product_cat-hamile-pantolonlari-ve-taytlari","7":"product_cat-hamilelik-urunleri","8":"product_tag-beige-loungewear","9":"product_tag-comfortable-pregnancy-pants","10":"product_tag-high-waist-joggers","11":"product_tag-maternity-pants","12":"product_tag-plus-size-maternity-wear","13":"pa_brand-artis","14":"pa_color-bej","15":"pa_size-2xl","16":"pa_size-l","17":"pa_size-m","18":"pa_size-s","19":"pa_size-xl","21":"first","22":"instock","23":"shipping-taxable","24":"purchasable","25":"product-type-variable"},"_links":{"self":[{"href":"https:\/\/mod.wisdar.net\/tr\/wp-json\/wp\/v2\/product\/197617","targetHints":{"allow":["GET"]}}],"collection":[{"href":"https:\/\/mod.wisdar.net\/tr\/wp-json\/wp\/v2\/product"}],"about":[{"href":"https:\/\/mod.wisdar.net\/tr\/wp-json\/wp\/v2\/types\/product"}],"replies":[{"embeddable":true,"href":"https:\/\/mod.wisdar.net\/tr\/wp-json\/wp\/v2\/comments?post=197617"}],"wp:featuredmedia":[{"embeddable":true,"href":"https:\/\/mod.wisdar.net\/tr\/wp-json\/wp\/v2\/media\/197614"}],"wp:attachment":[{"href":"https:\/\/mod.wisdar.net\/tr\/wp-json\/wp\/v2\/media?parent=197617"}],"wp:term":[{"taxonomy":"product_brand","embeddable":true,"href":"https:\/\/mod.wisdar.net\/tr\/wp-json\/wp\/v2\/product_brand?post=197617"},{"taxonomy":"product_cat","embeddable":true,"href":"https:\/\/mod.wisdar.net\/tr\/wp-json\/wp\/v2\/product_cat?post=197617"},{"taxonomy":"product_tag","embeddable":true,"href":"https:\/\/mod.wisdar.net\/tr\/wp-json\/wp\/v2\/product_tag?post=197617"}],"curies":[{"name":"wp","href":"https:\/\/api.w.org\/{rel}","templated":true}]}}