{"id":197669,"date":"2026-04-02T18:51:48","date_gmt":"2026-04-02T18:51:48","guid":{"rendered":"https:\/\/modesthanim.com\/product\/pembe-somon-emzirmeye-uygun-onden-acilir-hamile-ve-lohusa-pijama-takimi\/"},"modified":"2026-04-15T20:34:21","modified_gmt":"2026-04-15T20:34:21","slug":"pembe-somon-emzirmeye-uygun-onden-acilir-hamile-ve-lohusa-pijama-takimi","status":"publish","type":"product","link":"https:\/\/mod.wisdar.net\/tr\/urun\/pembe-somon-emzirmeye-uygun-onden-acilir-hamile-ve-lohusa-pijama-takimi\/","title":{"rendered":"Pembe Somon Emzirmeye Uygun \u00d6nden A\u00e7\u0131l\u0131r Hamile Ve Lohusa Pijama Tak\u0131m\u0131"},"content":{"rendered":"<p>M\u0130SS D\u00dcNYA L\u0130SSA Pembe Somon Emzirmeye Uygun \u00d6nden A\u00e7\u0131l\u0131r Hamile Ve Lohusa Pijama Tak\u0131m\u0131 size \u00f6zel indirim, taksit ve kap\u0131da \u00f6deme avantajlar\u0131yla LCW&#8217;de! Hemen online al\u0131\u015fveri\u015f yap, \u00fcr\u00fcn kap\u0131na gelsin! \u2013 S000359127-24085<\/p>\n<p>\u2014 Technical Details \u2014<br \/>\nDesen: D\u00fcz<br \/>\nFonksiyonel \u00d6zellik: Emzirme \u00d6zellikli<br \/>\nStil: Hamilelik D\u00f6nemi ve Sonras\u0131<br \/>\nPar\u00e7a Say\u0131s\u0131: 2 Par\u00e7a<br \/>\nKal\u0131p: Mom Fit<br \/>\nBel Fiti: Beli Lastikli<br \/>\nKol Boyu: K\u0131sa Kollu<br \/>\nYaka: V Yaka<br \/>\nPa\u00e7a Fiti: D\u00fcz Pa\u00e7a<br \/>\nKal\u0131nl\u0131k: \u0130nce<br \/>\nV\u00fccut Tipi: B\u00fcy\u00fck Beden<br \/>\nAstar Detay: Astars\u0131z<br \/>\nPatik \u00d6zelli\u011fi: Patiksiz<\/p>\n","protected":false},"excerpt":{"rendered":"<p>M\u0130SS D\u00dcNYA L\u0130SSA Pembe Somon Emzirmeye Uygun \u00d6nden A\u00e7\u0131l\u0131r Hamile Ve Lohusa Pijama Tak\u0131m\u0131 size \u00f6zel indirim, taksit ve kap\u0131da \u00f6deme avantajlar\u0131yla LCW&#8217;de! Hemen online al\u0131\u015fveri\u015f yap, \u00fcr\u00fcn kap\u0131na gelsin! \u2013 S000359127-24085 \u2014 Technical Details \u2014 Desen: D\u00fcz Fonksiyonel \u00d6zellik: Emzirme \u00d6zellikli Stil: Hamilelik D\u00f6nemi ve Sonras\u0131 Par\u00e7a Say\u0131s\u0131: 2 Par\u00e7a Kal\u0131p: Mom Fit Bel [&hellip;]<\/p>\n","protected":false},"featured_media":197660,"comment_status":"open","ping_status":"closed","template":"","meta":[],"product_brand":[],"product_cat":[8763,8772],"product_tag":[9367,9601,9533,12449,9535,12448,12447],"class_list":{"0":"post-197669","1":"product","2":"type-product","3":"status-publish","4":"has-post-thumbnail","6":"product_cat-hamilelik-urunleri","7":"product_cat-pijama-takimlari","8":"product_tag-comfortable-sleepwear","9":"product_tag-maternity-pajamas","10":"product_tag-maternity-wear","11":"product_tag-nursing-clothes","12":"product_tag-nursing-pajamas","13":"product_tag-pink-pajama-set","14":"product_tag-postpartum-pajamas","15":"pa_brand-miss-dunya-lissa","16":"pa_color-pembe","17":"pa_size-2xl","18":"pa_size-l","19":"pa_size-m","20":"pa_size-xl","22":"first","23":"instock","24":"shipping-taxable","25":"purchasable","26":"product-type-variable"},"_links":{"self":[{"href":"https:\/\/mod.wisdar.net\/tr\/wp-json\/wp\/v2\/product\/197669","targetHints":{"allow":["GET"]}}],"collection":[{"href":"https:\/\/mod.wisdar.net\/tr\/wp-json\/wp\/v2\/product"}],"about":[{"href":"https:\/\/mod.wisdar.net\/tr\/wp-json\/wp\/v2\/types\/product"}],"replies":[{"embeddable":true,"href":"https:\/\/mod.wisdar.net\/tr\/wp-json\/wp\/v2\/comments?post=197669"}],"wp:featuredmedia":[{"embeddable":true,"href":"https:\/\/mod.wisdar.net\/tr\/wp-json\/wp\/v2\/media\/197660"}],"wp:attachment":[{"href":"https:\/\/mod.wisdar.net\/tr\/wp-json\/wp\/v2\/media?parent=197669"}],"wp:term":[{"taxonomy":"product_brand","embeddable":true,"href":"https:\/\/mod.wisdar.net\/tr\/wp-json\/wp\/v2\/product_brand?post=197669"},{"taxonomy":"product_cat","embeddable":true,"href":"https:\/\/mod.wisdar.net\/tr\/wp-json\/wp\/v2\/product_cat?post=197669"},{"taxonomy":"product_tag","embeddable":true,"href":"https:\/\/mod.wisdar.net\/tr\/wp-json\/wp\/v2\/product_tag?post=197669"}],"curies":[{"name":"wp","href":"https:\/\/api.w.org\/{rel}","templated":true}]}}