{"id":197822,"date":"2026-04-02T19:02:50","date_gmt":"2026-04-02T19:02:50","guid":{"rendered":"https:\/\/modesthanim.com\/product\/antrasit-kadin-uzun-kollu-esnek-pamuklu-kumas-hamile-pijama-takim-22112\/"},"modified":"2026-04-05T03:43:55","modified_gmt":"2026-04-05T03:43:55","slug":"antrasit-kadin-uzun-kollu-esnek-pamuklu-kumas-hamile-pijama-takim-22112","status":"publish","type":"product","link":"https:\/\/mod.wisdar.net\/tr\/urun\/antrasit-kadin-uzun-kollu-esnek-pamuklu-kumas-hamile-pijama-takim-22112\/","title":{"rendered":"Antrasit Kad\u0131n Uzun Kollu Esnek Pamuklu Kuma\u015f Hamile Pijama Tak\u0131m 22112"},"content":{"rendered":"<p>Art\u0131\u015f Antrasit Kad\u0131n Uzun Kollu Esnek Pamuklu Kuma\u015f Hamile Pijama Tak\u0131m 22112 size \u00f6zel indirim, taksit ve kap\u0131da \u00f6deme avantajlar\u0131yla LCW&#8217;de! Hemen online al\u0131\u015fveri\u015f yap, \u00fcr\u00fcn kap\u0131na gelsin! \u2013 S000304004-29666<\/p>\n<p>\u2014 Technical Details \u2014<br \/>\nDesen: D\u00fcz<br \/>\nStil: Casual\/G\u00fcnl\u00fck<br \/>\nKal\u0131p: Rahat &amp; Relax<br \/>\nBel Fiti: Y\u00fcksek Bel<br \/>\nKol Boyu: Uzun Kollu<br \/>\nYaka: V Yaka<br \/>\nPa\u00e7a Fiti: D\u00fcz Pa\u00e7a<br \/>\nKal\u0131nl\u0131k: Orta Kal\u0131nl\u0131k<br \/>\nPatik \u00d6zelli\u011fi: Patiksiz<br \/>\nCinsiyet: Kad\u0131n<br \/>\n\u00dcr\u00fcn Tipi: Pijama Tak\u0131m<\/p>\n","protected":false},"excerpt":{"rendered":"<p>Art\u0131\u015f Antrasit Kad\u0131n Uzun Kollu Esnek Pamuklu Kuma\u015f Hamile Pijama Tak\u0131m 22112 size \u00f6zel indirim, taksit ve kap\u0131da \u00f6deme avantajlar\u0131yla LCW&#8217;de! Hemen online al\u0131\u015fveri\u015f yap, \u00fcr\u00fcn kap\u0131na gelsin! \u2013 S000304004-29666 \u2014 Technical Details \u2014 Desen: D\u00fcz Stil: Casual\/G\u00fcnl\u00fck Kal\u0131p: Rahat &amp; Relax Bel Fiti: Y\u00fcksek Bel Kol Boyu: Uzun Kollu Yaka: V Yaka Pa\u00e7a Fiti: [&hellip;]<\/p>\n","protected":false},"featured_media":197815,"comment_status":"open","ping_status":"closed","template":"","meta":[],"product_brand":[],"product_cat":[8763,8772],"product_tag":[12459,12458,9367,9364,12457,9602,9565,9533,8646,12456],"class_list":{"0":"post-197822","1":"product","2":"type-product","3":"status-publish","4":"has-post-thumbnail","6":"product_cat-hamilelik-urunleri","7":"product_cat-pijama-takimlari","8":"product_tag-anthracite-color","9":"product_tag-casual-sleepwear","10":"product_tag-comfortable-sleepwear","11":"product_tag-cotton-pajamas","12":"product_tag-high-waist-pajamas","13":"product_tag-long-sleeve-pajamas","14":"product_tag-maternity-sleepwear","15":"product_tag-maternity-wear","16":"product_tag-stretch-fabric","17":"product_tag-womens-pajamas","18":"pa_brand-artis","19":"pa_color-antrasit","20":"pa_size-l","21":"pa_size-m","22":"pa_size-s","23":"pa_size-xl","25":"first","26":"instock","27":"shipping-taxable","28":"purchasable","29":"product-type-variable"},"_links":{"self":[{"href":"https:\/\/mod.wisdar.net\/tr\/wp-json\/wp\/v2\/product\/197822","targetHints":{"allow":["GET"]}}],"collection":[{"href":"https:\/\/mod.wisdar.net\/tr\/wp-json\/wp\/v2\/product"}],"about":[{"href":"https:\/\/mod.wisdar.net\/tr\/wp-json\/wp\/v2\/types\/product"}],"replies":[{"embeddable":true,"href":"https:\/\/mod.wisdar.net\/tr\/wp-json\/wp\/v2\/comments?post=197822"}],"wp:featuredmedia":[{"embeddable":true,"href":"https:\/\/mod.wisdar.net\/tr\/wp-json\/wp\/v2\/media\/197815"}],"wp:attachment":[{"href":"https:\/\/mod.wisdar.net\/tr\/wp-json\/wp\/v2\/media?parent=197822"}],"wp:term":[{"taxonomy":"product_brand","embeddable":true,"href":"https:\/\/mod.wisdar.net\/tr\/wp-json\/wp\/v2\/product_brand?post=197822"},{"taxonomy":"product_cat","embeddable":true,"href":"https:\/\/mod.wisdar.net\/tr\/wp-json\/wp\/v2\/product_cat?post=197822"},{"taxonomy":"product_tag","embeddable":true,"href":"https:\/\/mod.wisdar.net\/tr\/wp-json\/wp\/v2\/product_tag?post=197822"}],"curies":[{"name":"wp","href":"https:\/\/api.w.org\/{rel}","templated":true}]}}