{"id":197950,"date":"2026-04-02T19:16:02","date_gmt":"2026-04-02T19:16:02","guid":{"rendered":"https:\/\/modesthanim.com\/product\/gri-fume-hamile-ve-lohusa-ispanyol-paca-bel-ayarlanabilir-modal-kumas-esofman-alti\/"},"modified":"2026-04-11T08:51:02","modified_gmt":"2026-04-11T08:51:02","slug":"gri-fume-hamile-ve-lohusa-ispanyol-paca-bel-ayarlanabilir-modal-kumas-esofman-alti","status":"publish","type":"product","link":"https:\/\/mod.wisdar.net\/tr\/urun\/gri-fume-hamile-ve-lohusa-ispanyol-paca-bel-ayarlanabilir-modal-kumas-esofman-alti\/","title":{"rendered":"Gri F\u00fcme Hamile ve Lohusa \u0130spanyol Pa\u00e7a Bel Ayarlanabilir Modal Kuma\u015f E\u015fofman Alt\u0131"},"content":{"rendered":"<p>M\u0130SS D\u00dcNYA L\u0130SSA Gri F\u00fcme Hamile ve Lohusa \u0130spanyol Pa\u00e7a Bel Ayarlanabilir Modal Kuma\u015f E\u015fofman Alt\u0131 size \u00f6zel indirim, taksit ve kap\u0131da \u00f6deme avantajlar\u0131yla LCW&#8217;de! Hemen online al\u0131\u015fveri\u015f yap, \u00fcr\u00fcn kap\u0131na gelsin! \u2013 S000363931-33408<\/p>\n<p>\u2014 Technical Details \u2014<br \/>\n\u00dcr\u00fcn Tipi: E\u015fofman Alt\u0131<br \/>\nCinsiyet: Kad\u0131n<br \/>\nBel Fiti: Y\u00fcksek Bel<br \/>\nPa\u00e7a Fiti: \u0130spanyol Pa\u00e7a<br \/>\nDesen: D\u00fcz<br \/>\nKal\u0131p: Mom Fit<br \/>\nKuma\u015f: Viskon<br \/>\nMalzeme: Modal<br \/>\nSiluet: Y\u00fcksek Bel<br \/>\nStil: Hamilelik D\u00f6nemi ve Sonras\u0131<br \/>\nPaket \u0130\u00e7eri\u011fi: Tekli<br \/>\nKal\u0131nl\u0131k: Kal\u0131n<br \/>\nV\u00fccut Tipi: B\u00fcy\u00fck Beden<\/p>\n","protected":false},"excerpt":{"rendered":"<p>M\u0130SS D\u00dcNYA L\u0130SSA Gri F\u00fcme Hamile ve Lohusa \u0130spanyol Pa\u00e7a Bel Ayarlanabilir Modal Kuma\u015f E\u015fofman Alt\u0131 size \u00f6zel indirim, taksit ve kap\u0131da \u00f6deme avantajlar\u0131yla LCW&#8217;de! Hemen online al\u0131\u015fveri\u015f yap, \u00fcr\u00fcn kap\u0131na gelsin! \u2013 S000363931-33408 \u2014 Technical Details \u2014 \u00dcr\u00fcn Tipi: E\u015fofman Alt\u0131 Cinsiyet: Kad\u0131n Bel Fiti: Y\u00fcksek Bel Pa\u00e7a Fiti: \u0130spanyol Pa\u00e7a Desen: D\u00fcz Kal\u0131p: [&hellip;]<\/p>\n","protected":false},"featured_media":197944,"comment_status":"open","ping_status":"closed","template":"","meta":[],"product_brand":[],"product_cat":[8769,8763],"product_tag":[7563,7467],"class_list":{"0":"post-197950","1":"product","2":"type-product","3":"status-publish","4":"has-post-thumbnail","6":"product_cat-hamile-pantolonlari-ve-taytlari","7":"product_cat-hamilelik-urunleri","8":"product_tag-buyuk-beden","9":"product_tag-ispanyol-paca","10":"pa_brand-miss-dunya-lissa","11":"pa_color-gri","12":"pa_size-2xl","13":"pa_size-l","14":"pa_size-m","15":"pa_size-xl","17":"first","18":"instock","19":"shipping-taxable","20":"purchasable","21":"product-type-variable"},"_links":{"self":[{"href":"https:\/\/mod.wisdar.net\/tr\/wp-json\/wp\/v2\/product\/197950","targetHints":{"allow":["GET"]}}],"collection":[{"href":"https:\/\/mod.wisdar.net\/tr\/wp-json\/wp\/v2\/product"}],"about":[{"href":"https:\/\/mod.wisdar.net\/tr\/wp-json\/wp\/v2\/types\/product"}],"replies":[{"embeddable":true,"href":"https:\/\/mod.wisdar.net\/tr\/wp-json\/wp\/v2\/comments?post=197950"}],"wp:featuredmedia":[{"embeddable":true,"href":"https:\/\/mod.wisdar.net\/tr\/wp-json\/wp\/v2\/media\/197944"}],"wp:attachment":[{"href":"https:\/\/mod.wisdar.net\/tr\/wp-json\/wp\/v2\/media?parent=197950"}],"wp:term":[{"taxonomy":"product_brand","embeddable":true,"href":"https:\/\/mod.wisdar.net\/tr\/wp-json\/wp\/v2\/product_brand?post=197950"},{"taxonomy":"product_cat","embeddable":true,"href":"https:\/\/mod.wisdar.net\/tr\/wp-json\/wp\/v2\/product_cat?post=197950"},{"taxonomy":"product_tag","embeddable":true,"href":"https:\/\/mod.wisdar.net\/tr\/wp-json\/wp\/v2\/product_tag?post=197950"}],"curies":[{"name":"wp","href":"https:\/\/api.w.org\/{rel}","templated":true}]}}