{"id":198026,"date":"2026-04-02T19:17:01","date_gmt":"2026-04-02T19:17:01","guid":{"rendered":"https:\/\/modesthanim.com\/product\/siyah-pembe-onden-baglamali-genis-serit-yakali-hamile-ve-lohusa-pijama-takimi\/"},"modified":"2026-04-02T19:17:15","modified_gmt":"2026-04-02T19:17:15","slug":"siyah-pembe-onden-baglamali-genis-serit-yakali-hamile-ve-lohusa-pijama-takimi","status":"publish","type":"product","link":"https:\/\/mod.wisdar.net\/tr\/urun\/siyah-pembe-onden-baglamali-genis-serit-yakali-hamile-ve-lohusa-pijama-takimi\/","title":{"rendered":"Siyah \u2013 Pembe \u00d6nden Ba\u011flamal\u0131 Geni\u015f \u015eerit Yakal\u0131 Hamile ve Lohusa Pijama Tak\u0131m\u0131"},"content":{"rendered":"<p>M\u0130SS D\u00dcNYA L\u0130SSA Siyah \u2013 Pembe \u00d6nden Ba\u011flamal\u0131 Geni\u015f \u015eerit Yakal\u0131 Hamile ve Lohusa Pijama Tak\u0131m\u0131 size \u00f6zel indirim, taksit ve kap\u0131da \u00f6deme avantajlar\u0131yla LCW&#8217;de! Hemen online al\u0131\u015fveri\u015f yap, \u00fcr\u00fcn kap\u0131na gelsin! \u2013 S000362136-2563<\/p>\n<p>\u2014 Technical Details \u2014<br \/>\nDesen: D\u00fcz<br \/>\nStil: Hamilelik D\u00f6nemi ve Sonras\u0131<br \/>\nPar\u00e7a Say\u0131s\u0131: 2 Par\u00e7a<br \/>\nKal\u0131p: Mom Fit<br \/>\nBel Fiti: Normal Bel<br \/>\nKol Boyu: Uzun Kollu<br \/>\nYaka: G\u00f6mlek Yaka<br \/>\nPa\u00e7a Fiti: D\u00fcz Pa\u00e7a<br \/>\nUzunluk: Uzun<br \/>\nKal\u0131nl\u0131k: \u0130nce<br \/>\nV\u00fccut Tipi: B\u00fcy\u00fck Beden<br \/>\nAstar Detay: Astars\u0131z<br \/>\nPatik \u00d6zelli\u011fi: Patiksiz<br \/>\n\u00dcr\u00fcn Aksesuar\u0131: Aksesuars\u0131z<\/p>\n","protected":false},"excerpt":{"rendered":"<p>M\u0130SS D\u00dcNYA L\u0130SSA Siyah \u2013 Pembe \u00d6nden Ba\u011flamal\u0131 Geni\u015f \u015eerit Yakal\u0131 Hamile ve Lohusa Pijama Tak\u0131m\u0131 size \u00f6zel indirim, taksit ve kap\u0131da \u00f6deme avantajlar\u0131yla LCW&#8217;de! Hemen online al\u0131\u015fveri\u015f yap, \u00fcr\u00fcn kap\u0131na gelsin! \u2013 S000362136-2563 \u2014 Technical Details \u2014 Desen: D\u00fcz Stil: Hamilelik D\u00f6nemi ve Sonras\u0131 Par\u00e7a Say\u0131s\u0131: 2 Par\u00e7a Kal\u0131p: Mom Fit Bel Fiti: Normal [&hellip;]<\/p>\n","protected":false},"featured_media":198018,"comment_status":"open","ping_status":"closed","template":"","meta":[],"product_brand":[],"product_cat":[8763,8772],"product_tag":[9367,12462,9601,12464,12440,12463],"class_list":{"0":"post-198026","1":"product","2":"type-product","3":"status-publish","4":"has-post-thumbnail","6":"product_cat-hamilelik-urunleri","7":"product_cat-pijama-takimlari","8":"product_tag-comfortable-sleepwear","9":"product_tag-front-tie-pajama-set","10":"product_tag-maternity-pajamas","11":"product_tag-plus-size-maternity","12":"product_tag-postpartum-sleepwear","13":"product_tag-wide-stripe-collar","14":"pa_brand-miss-dunya-lissa","15":"pa_color-siyah-acik-pembe","16":"pa_size-2xl","17":"pa_size-l","18":"pa_size-m","19":"pa_size-xl","21":"first","22":"instock","23":"shipping-taxable","24":"purchasable","25":"product-type-variable"},"_links":{"self":[{"href":"https:\/\/mod.wisdar.net\/tr\/wp-json\/wp\/v2\/product\/198026","targetHints":{"allow":["GET"]}}],"collection":[{"href":"https:\/\/mod.wisdar.net\/tr\/wp-json\/wp\/v2\/product"}],"about":[{"href":"https:\/\/mod.wisdar.net\/tr\/wp-json\/wp\/v2\/types\/product"}],"replies":[{"embeddable":true,"href":"https:\/\/mod.wisdar.net\/tr\/wp-json\/wp\/v2\/comments?post=198026"}],"wp:featuredmedia":[{"embeddable":true,"href":"https:\/\/mod.wisdar.net\/tr\/wp-json\/wp\/v2\/media\/198018"}],"wp:attachment":[{"href":"https:\/\/mod.wisdar.net\/tr\/wp-json\/wp\/v2\/media?parent=198026"}],"wp:term":[{"taxonomy":"product_brand","embeddable":true,"href":"https:\/\/mod.wisdar.net\/tr\/wp-json\/wp\/v2\/product_brand?post=198026"},{"taxonomy":"product_cat","embeddable":true,"href":"https:\/\/mod.wisdar.net\/tr\/wp-json\/wp\/v2\/product_cat?post=198026"},{"taxonomy":"product_tag","embeddable":true,"href":"https:\/\/mod.wisdar.net\/tr\/wp-json\/wp\/v2\/product_tag?post=198026"}],"curies":[{"name":"wp","href":"https:\/\/api.w.org\/{rel}","templated":true}]}}