{"id":20011,"date":"2025-11-07T20:16:06","date_gmt":"2025-11-02T14:21:47","guid":{"rendered":"https:\/\/modesthanim.com\/product\/gri-orta-boy-kemerli-crossover-palto-3754\/"},"modified":"2026-03-26T08:02:26","modified_gmt":"2026-03-26T08:02:26","slug":"gri-orta-boy-kemerli-crossover-palto-3754","status":"publish","type":"product","link":"https:\/\/mod.wisdar.net\/tr\/urun\/gri-orta-boy-kemerli-crossover-palto-3754\/","title":{"rendered":"Gri Orta Boy Kemerli Crossover Palto 3754"},"content":{"rendered":"<p>Kuma\u015f Bilgisi: %79 Polyester, %18 Viskon, %3 Elastan<br \/>\nUzunluk: Boyun arkas\u0131ndan itibaren 120 CM<br \/>\nModel \u00d6l\u00e7\u00fcleri: Boy: 175 cm. G\u00f6\u011f\u00fcs: 85 cm, Bel: 64 cm, Kal\u00e7a: 94 cm.<br \/>\nModel \u00fczerindeki \u00fcr\u00fcn ve \u00f6l\u00e7\u00fcleri: Beden 38. G\u00f6\u011f\u00fcs: 100cm, Bel: 92 cm, Kal\u00e7a: 108cm.<br \/>\n\u00dcr\u00fcn Bilgisi: Astarl\u0131, tam beden. Bedenler aras\u0131 fark 5 cm.<\/p>\n<p>\u2014 Teknik Detaylar \u2014<br \/>\nYaka Tipi: Palto Yakas\u0131<br \/>\nCep: Uzun Palto<br \/>\nKol Tipi: Ka\u015fmir<br \/>\nKol Uzunlu\u011fu: Ka\u015fmir<br \/>\nAstar Durumu: Astarl\u0131<br \/>\nG\u00f6\u011f\u00fcs: 100<br \/>\nKal\u00e7a: 108<br \/>\nBel: 92<br \/>\nMalzeme: Polyester Kar\u0131\u015f\u0131m\u0131<br \/>\n\u0130\u00e7erik: %79 POLYESTER %18 V\u0130SKON %3 ELASTAN<br \/>\nUzunluk \/ Beden: Midi<br \/>\nKal\u0131p: Normal<br \/>\nModel: Ka\u015fmir<br \/>\nKuma\u015f Tipi: Dokuma<br \/>\nKal\u0131nl\u0131k: Kal\u0131n<br \/>\nY\u0131l Sezonu: Sonbahar\/K\u0131\u015f 2025<br \/>\nUzunluk: 120 CM<\/p>\n","protected":false},"excerpt":{"rendered":"<p>Kuma\u015f Bilgisi: %79 Polyester, %18 Viskon, %3 Elastan Uzunluk: Boyun arkas\u0131ndan itibaren 120 CM Model \u00d6l\u00e7\u00fcleri: Boy: 175 cm. G\u00f6\u011f\u00fcs: 85 cm, Bel: 64 cm, Kal\u00e7a: 94 cm. Model \u00fczerindeki \u00fcr\u00fcn ve \u00f6l\u00e7\u00fcleri: Beden 38. G\u00f6\u011f\u00fcs: 100cm, Bel: 92 cm, Kal\u00e7a: 108cm. \u00dcr\u00fcn Bilgisi: Astarl\u0131, tam beden. Bedenler aras\u0131 fark 5 cm. \u2014 Teknik Detaylar [&hellip;]<\/p>\n","protected":false},"featured_media":51956,"comment_status":"open","ping_status":"closed","template":"","meta":[],"product_brand":[],"product_cat":[2047],"product_tag":[6921,5010,5011,8173,7668,7524,7021],"class_list":{"0":"post-20011","1":"product","2":"type-product","3":"status-publish","4":"has-post-thumbnail","6":"product_cat-paltolar","7":"product_tag-astarli","8":"product_tag-coat","9":"product_tag-crossover","10":"product_tag-kasmir","11":"product_tag-kemerli","12":"product_tag-midi","13":"product_tag-polyester","14":"pa_brand-concept","15":"pa_color-gri","16":"pa_size-4701","17":"pa_size-4706","18":"pa_size-4711","19":"pa_size-4713","20":"pa_size-4751","21":"pa_size-4749","22":"pa_size-4747","24":"first","25":"instock","26":"sale","27":"shipping-taxable","28":"purchasable","29":"product-type-variable"},"_links":{"self":[{"href":"https:\/\/mod.wisdar.net\/tr\/wp-json\/wp\/v2\/product\/20011","targetHints":{"allow":["GET"]}}],"collection":[{"href":"https:\/\/mod.wisdar.net\/tr\/wp-json\/wp\/v2\/product"}],"about":[{"href":"https:\/\/mod.wisdar.net\/tr\/wp-json\/wp\/v2\/types\/product"}],"replies":[{"embeddable":true,"href":"https:\/\/mod.wisdar.net\/tr\/wp-json\/wp\/v2\/comments?post=20011"}],"wp:featuredmedia":[{"embeddable":true,"href":"https:\/\/mod.wisdar.net\/tr\/wp-json\/wp\/v2\/media\/51956"}],"wp:attachment":[{"href":"https:\/\/mod.wisdar.net\/tr\/wp-json\/wp\/v2\/media?parent=20011"}],"wp:term":[{"taxonomy":"product_brand","embeddable":true,"href":"https:\/\/mod.wisdar.net\/tr\/wp-json\/wp\/v2\/product_brand?post=20011"},{"taxonomy":"product_cat","embeddable":true,"href":"https:\/\/mod.wisdar.net\/tr\/wp-json\/wp\/v2\/product_cat?post=20011"},{"taxonomy":"product_tag","embeddable":true,"href":"https:\/\/mod.wisdar.net\/tr\/wp-json\/wp\/v2\/product_tag?post=20011"}],"curies":[{"name":"wp","href":"https:\/\/api.w.org\/{rel}","templated":true}]}}