{"id":200492,"date":"2026-04-03T13:35:03","date_gmt":"2026-04-03T13:35:03","guid":{"rendered":"https:\/\/modesthanim.com\/product\/beyaz-nakisli-kimono-ceket-takimi-2\/"},"modified":"2026-04-10T18:51:36","modified_gmt":"2026-04-10T18:51:36","slug":"beyaz-nakisli-kimono-ceket-takimi-2","status":"publish","type":"product","link":"https:\/\/mod.wisdar.net\/tr\/urun\/beyaz-nakisli-kimono-ceket-takimi-2\/","title":{"rendered":"Beyaz Nak\u0131\u015fl\u0131 Kimono Ceket Tak\u0131m\u0131"},"content":{"rendered":"<p>Beden 1 (36-38): Uzunluk: 138 cm, Omuz Geni\u015fli\u011fi: 32 cm, G\u00f6\u011f\u00fcs: 37 cm, Bel: 32 cm, Kal\u00e7a: 58 cm. Ceket Uzunlu\u011fu: 40 cm, Omuz Geni\u015fli\u011fi: 40 cm, G\u00f6\u011f\u00fcs: 50 cm, Bel: 50 cm.<br \/>\nBeden 2 (40-42): Uzunluk: 138 cm, Omuz Geni\u015fli\u011fi: 34 cm, G\u00f6\u011f\u00fcs: 39 cm, Bel: 35 cm, Kal\u00e7a: 60 cm. Ceket Uzunlu\u011fu: 40 cm, Omuz Geni\u015fli\u011fi: 43 cm, G\u00f6\u011f\u00fcs: 53 cm, Bel: 53 cm.<\/p>\n","protected":false},"excerpt":{"rendered":"<p>Beden 1 (36-38): Uzunluk: 138 cm, Omuz Geni\u015fli\u011fi: 32 cm, G\u00f6\u011f\u00fcs: 37 cm, Bel: 32 cm, Kal\u00e7a: 58 cm. Ceket Uzunlu\u011fu: 40 cm, Omuz Geni\u015fli\u011fi: 40 cm, G\u00f6\u011f\u00fcs: 50 cm, Bel: 50 cm. Beden 2 (40-42): Uzunluk: 138 cm, Omuz Geni\u015fli\u011fi: 34 cm, G\u00f6\u011f\u00fcs: 39 cm, Bel: 35 cm, Kal\u00e7a: 60 cm. Ceket Uzunlu\u011fu: 40 [&hellip;]<\/p>\n","protected":false},"featured_media":200485,"comment_status":"open","ping_status":"closed","template":"","meta":[],"product_brand":[],"product_cat":[1900],"product_tag":[7294],"class_list":{"0":"post-200492","1":"product","2":"type-product","3":"status-publish","4":"has-post-thumbnail","6":"product_cat-koordinatlar-setler","7":"product_tag-beyaz","8":"pa_brand-fahhar","9":"pa_color-beyaz","10":"pa_size-1-36-38","11":"pa_size-2-40-42","13":"first","14":"outofstock","15":"shipping-taxable","16":"product-type-variable"},"_links":{"self":[{"href":"https:\/\/mod.wisdar.net\/tr\/wp-json\/wp\/v2\/product\/200492","targetHints":{"allow":["GET"]}}],"collection":[{"href":"https:\/\/mod.wisdar.net\/tr\/wp-json\/wp\/v2\/product"}],"about":[{"href":"https:\/\/mod.wisdar.net\/tr\/wp-json\/wp\/v2\/types\/product"}],"replies":[{"embeddable":true,"href":"https:\/\/mod.wisdar.net\/tr\/wp-json\/wp\/v2\/comments?post=200492"}],"wp:featuredmedia":[{"embeddable":true,"href":"https:\/\/mod.wisdar.net\/tr\/wp-json\/wp\/v2\/media\/200485"}],"wp:attachment":[{"href":"https:\/\/mod.wisdar.net\/tr\/wp-json\/wp\/v2\/media?parent=200492"}],"wp:term":[{"taxonomy":"product_brand","embeddable":true,"href":"https:\/\/mod.wisdar.net\/tr\/wp-json\/wp\/v2\/product_brand?post=200492"},{"taxonomy":"product_cat","embeddable":true,"href":"https:\/\/mod.wisdar.net\/tr\/wp-json\/wp\/v2\/product_cat?post=200492"},{"taxonomy":"product_tag","embeddable":true,"href":"https:\/\/mod.wisdar.net\/tr\/wp-json\/wp\/v2\/product_tag?post=200492"}],"curies":[{"name":"wp","href":"https:\/\/api.w.org\/{rel}","templated":true}]}}