{"id":20054,"date":"2025-11-07T20:16:06","date_gmt":"2025-11-02T14:22:26","guid":{"rendered":"https:\/\/modesthanim.com\/product\/kruvaze-belden-baglamali-ara-boy-kaban-taba-3754\/"},"modified":"2026-01-24T18:31:33","modified_gmt":"2026-01-24T18:31:33","slug":"kruvaze-belden-baglamali-ara-boy-kaban-taba-3754","status":"publish","type":"product","link":"https:\/\/mod.wisdar.net\/tr\/urun\/kruvaze-belden-baglamali-ara-boy-kaban-taba-3754\/","title":{"rendered":"Kruvaze Belden Ba\u011flamal\u0131 Ara Boy Kaban TABA 3754"},"content":{"rendered":"<p>Kuma\u015f Bilgisi: %79 Polyester %18 Viskon %3 Elastan<br \/>\n\u00dcr\u00fcn Boyu:Enseden 120 CM<br \/>\nModelin \u00d6l\u00e7\u00fcleri: 175 cm. G\u00f6\u011f\u00fcs: 85 cm, Bel: 64 cm, Basen: 94 cm.<\/p>\n<p>Mankenin \u00fczerindeki \u00fcr\u00fcn ve \u00f6l\u00e7\u00fcleri: 38 beden. G\u00f6\u011f\u00fcs: 100cm, Bel: 92 cm, Basen: 108cm.<br \/>\n\u00dcr\u00fcn Bilgisi: Astarl\u0131 Tam kal\u0131pt\u0131r. Bedenler aras\u0131ndaki fark 5 cm\u2019 dir.<\/p>\n<p>\u2014 Technical Details \u2014<br \/>\nYaka Tipi: Ceket Yaka<br \/>\nCep: Uzun Kaban<br \/>\nKol Tipi: Ka\u015fe<br \/>\nKol Boyu: Ka\u015fe<br \/>\nAstar Durumu: Astarl\u0131<br \/>\nG\u00f6g\u00fcs: 100<br \/>\nBasen: 108<br \/>\nBel: 92<br \/>\nMateryal: Polyester Kar\u0131\u015f\u0131ml\u0131<br \/>\n\u0130\u00e7erik: %79 POLYESTER %18 V\u0130SKON %3 ELASTAN<br \/>\nBoy \/ \u00d6l\u00e7\u00fc: Midi<br \/>\nKal\u0131p: Normal<br \/>\nModel: Ka\u015fe<br \/>\nKuma\u015f Tipi: Dokuma<br \/>\nKal\u0131nl\u0131k: Kal\u0131n<br \/>\nY\u0131l Sezon: 2025 SONBAHAR\/KI\u015e<br \/>\nBoy: 120 CM<\/p>\n","protected":false},"excerpt":{"rendered":"<p>Kuma\u015f Bilgisi: %79 Polyester %18 Viskon %3 Elastan \u00dcr\u00fcn Boyu:Enseden 120 CM Modelin \u00d6l\u00e7\u00fcleri: 175 cm. G\u00f6\u011f\u00fcs: 85 cm, Bel: 64 cm, Basen: 94 cm. Mankenin \u00fczerindeki \u00fcr\u00fcn ve \u00f6l\u00e7\u00fcleri: 38 beden. G\u00f6\u011f\u00fcs: 100cm, Bel: 92 cm, Basen: 108cm. \u00dcr\u00fcn Bilgisi: Astarl\u0131 Tam kal\u0131pt\u0131r. Bedenler aras\u0131ndaki fark 5 cm\u2019 dir. \u2014 Technical Details \u2014 Yaka [&hellip;]<\/p>\n","protected":false},"featured_media":51959,"comment_status":"open","ping_status":"closed","template":"","meta":[],"product_brand":[],"product_cat":[2047],"product_tag":[5011,7668,4999],"class_list":{"0":"post-20054","1":"product","2":"type-product","3":"status-publish","4":"has-post-thumbnail","6":"product_cat-paltolar","7":"product_tag-crossover","8":"product_tag-kemerli","9":"product_tag-outerwear","10":"pa_brand-concept","11":"pa_color-taba","12":"pa_size-4701","13":"pa_size-4706","14":"pa_size-4711","15":"pa_size-4713","16":"pa_size-4751","17":"pa_size-4749","18":"pa_size-4747","20":"first","21":"instock","22":"sale","23":"shipping-taxable","24":"purchasable","25":"product-type-variable"},"_links":{"self":[{"href":"https:\/\/mod.wisdar.net\/tr\/wp-json\/wp\/v2\/product\/20054","targetHints":{"allow":["GET"]}}],"collection":[{"href":"https:\/\/mod.wisdar.net\/tr\/wp-json\/wp\/v2\/product"}],"about":[{"href":"https:\/\/mod.wisdar.net\/tr\/wp-json\/wp\/v2\/types\/product"}],"replies":[{"embeddable":true,"href":"https:\/\/mod.wisdar.net\/tr\/wp-json\/wp\/v2\/comments?post=20054"}],"wp:featuredmedia":[{"embeddable":true,"href":"https:\/\/mod.wisdar.net\/tr\/wp-json\/wp\/v2\/media\/51959"}],"wp:attachment":[{"href":"https:\/\/mod.wisdar.net\/tr\/wp-json\/wp\/v2\/media?parent=20054"}],"wp:term":[{"taxonomy":"product_brand","embeddable":true,"href":"https:\/\/mod.wisdar.net\/tr\/wp-json\/wp\/v2\/product_brand?post=20054"},{"taxonomy":"product_cat","embeddable":true,"href":"https:\/\/mod.wisdar.net\/tr\/wp-json\/wp\/v2\/product_cat?post=20054"},{"taxonomy":"product_tag","embeddable":true,"href":"https:\/\/mod.wisdar.net\/tr\/wp-json\/wp\/v2\/product_tag?post=20054"}],"curies":[{"name":"wp","href":"https:\/\/api.w.org\/{rel}","templated":true}]}}