{"id":200570,"date":"2026-04-03T13:35:33","date_gmt":"2026-04-03T13:35:33","guid":{"rendered":"https:\/\/modesthanim.com\/product\/deri-shopper-canta-siyah\/"},"modified":"2026-04-09T09:32:43","modified_gmt":"2026-04-09T09:32:43","slug":"deri-shopper-canta-siyah","status":"publish","type":"product","link":"https:\/\/mod.wisdar.net\/tr\/urun\/deri-shopper-canta-siyah\/","title":{"rendered":"Deri Shopper \u00c7anta Siyah"},"content":{"rendered":"<p>Renk: Siyah<br \/>\nMateryal: Suni deri<br \/>\nEbat:<br \/>\nBoy: 40 cm<br \/>\nEn: 34 cm<br \/>\nLaptop ve b\u00fcy\u00fck boy kitap s\u0131\u011fabilecek ebatta \u00fcretilmi\u015ftir.<br \/>\n\u0130ki adet \u00f6n cebi ve i\u00e7te \u00e7\u0131t\u00e7\u0131t bulunmaktad\u0131r.<\/p>\n<p>\u2014 Teknik Detaylar \u2014<br \/>\nSezon: KI\u015e<\/p>\n","protected":false},"excerpt":{"rendered":"<p>Renk: Siyah Materyal: Suni deri Ebat: Boy: 40 cm En: 34 cm Laptop ve b\u00fcy\u00fck boy kitap s\u0131\u011fabilecek ebatta \u00fcretilmi\u015ftir. \u0130ki adet \u00f6n cebi ve i\u00e7te \u00e7\u0131t\u00e7\u0131t bulunmaktad\u0131r. \u2014 Teknik Detaylar \u2014 Sezon: KI\u015e<\/p>\n","protected":false},"featured_media":200560,"comment_status":"open","ping_status":"closed","template":"","meta":[],"product_brand":[],"product_cat":[6960,6957],"product_tag":[8363,8364,8366],"class_list":{"0":"post-200570","1":"product","2":"type-product","3":"status-publish","4":"has-post-thumbnail","6":"product_cat-cantalar","7":"product_cat-cantalar-el-cantalari","8":"product_tag-brought-to-you-with-minik-terzi-quality-stylish-design","9":"product_tag-discover-the-privilege-of-comfortable-fit-and-affordable-price-now","10":"product_tag-leather-shopper-bag-black","11":"pa_brand-minik-terzi","12":"pa_color-siyah","14":"first","15":"outofstock","16":"shipping-taxable","17":"product-type-variable"},"_links":{"self":[{"href":"https:\/\/mod.wisdar.net\/tr\/wp-json\/wp\/v2\/product\/200570","targetHints":{"allow":["GET"]}}],"collection":[{"href":"https:\/\/mod.wisdar.net\/tr\/wp-json\/wp\/v2\/product"}],"about":[{"href":"https:\/\/mod.wisdar.net\/tr\/wp-json\/wp\/v2\/types\/product"}],"replies":[{"embeddable":true,"href":"https:\/\/mod.wisdar.net\/tr\/wp-json\/wp\/v2\/comments?post=200570"}],"wp:featuredmedia":[{"embeddable":true,"href":"https:\/\/mod.wisdar.net\/tr\/wp-json\/wp\/v2\/media\/200560"}],"wp:attachment":[{"href":"https:\/\/mod.wisdar.net\/tr\/wp-json\/wp\/v2\/media?parent=200570"}],"wp:term":[{"taxonomy":"product_brand","embeddable":true,"href":"https:\/\/mod.wisdar.net\/tr\/wp-json\/wp\/v2\/product_brand?post=200570"},{"taxonomy":"product_cat","embeddable":true,"href":"https:\/\/mod.wisdar.net\/tr\/wp-json\/wp\/v2\/product_cat?post=200570"},{"taxonomy":"product_tag","embeddable":true,"href":"https:\/\/mod.wisdar.net\/tr\/wp-json\/wp\/v2\/product_tag?post=200570"}],"curies":[{"name":"wp","href":"https:\/\/api.w.org\/{rel}","templated":true}]}}