{"id":200598,"date":"2026-04-03T13:35:44","date_gmt":"2026-04-03T13:35:44","guid":{"rendered":"https:\/\/modesthanim.com\/product\/deri-shopper-canta-lacivert\/"},"modified":"2026-04-09T09:33:02","modified_gmt":"2026-04-09T09:33:02","slug":"deri-shopper-canta-lacivert","status":"publish","type":"product","link":"https:\/\/mod.wisdar.net\/tr\/urun\/deri-shopper-canta-lacivert\/","title":{"rendered":"Deri Shopper \u00c7anta Lacivert"},"content":{"rendered":"<p>Renk: Lacivert<br \/>\nMateryal: Suni deri<br \/>\nEbat:<br \/>\nBoy: 40 cm<br \/>\nEn: 34 cm<br \/>\nLaptop ve b\u00fcy\u00fck boy kitap s\u0131\u011fabilecek ebatta \u00fcretilmi\u015ftir.<br \/>\n\u0130ki adet \u00f6n cebi ve i\u00e7te \u00e7\u0131t\u00e7\u0131t bulunmaktad\u0131r.<\/p>\n<p>\u2014 Teknik Detaylar \u2014<br \/>\nSezon: KI\u015e<\/p>\n","protected":false},"excerpt":{"rendered":"<p>Renk: Lacivert Materyal: Suni deri Ebat: Boy: 40 cm En: 34 cm Laptop ve b\u00fcy\u00fck boy kitap s\u0131\u011fabilecek ebatta \u00fcretilmi\u015ftir. \u0130ki adet \u00f6n cebi ve i\u00e7te \u00e7\u0131t\u00e7\u0131t bulunmaktad\u0131r. \u2014 Teknik Detaylar \u2014 Sezon: KI\u015e<\/p>\n","protected":false},"featured_media":200597,"comment_status":"open","ping_status":"closed","template":"","meta":[],"product_brand":[],"product_cat":[6960,6957],"product_tag":[],"class_list":{"0":"post-200598","1":"product","2":"type-product","3":"status-publish","4":"has-post-thumbnail","6":"product_cat-cantalar","7":"product_cat-cantalar-el-cantalari","8":"pa_brand-minik-terzi","9":"pa_color-lacivert","11":"first","12":"outofstock","13":"shipping-taxable","14":"product-type-variable"},"_links":{"self":[{"href":"https:\/\/mod.wisdar.net\/tr\/wp-json\/wp\/v2\/product\/200598","targetHints":{"allow":["GET"]}}],"collection":[{"href":"https:\/\/mod.wisdar.net\/tr\/wp-json\/wp\/v2\/product"}],"about":[{"href":"https:\/\/mod.wisdar.net\/tr\/wp-json\/wp\/v2\/types\/product"}],"replies":[{"embeddable":true,"href":"https:\/\/mod.wisdar.net\/tr\/wp-json\/wp\/v2\/comments?post=200598"}],"wp:featuredmedia":[{"embeddable":true,"href":"https:\/\/mod.wisdar.net\/tr\/wp-json\/wp\/v2\/media\/200597"}],"wp:attachment":[{"href":"https:\/\/mod.wisdar.net\/tr\/wp-json\/wp\/v2\/media?parent=200598"}],"wp:term":[{"taxonomy":"product_brand","embeddable":true,"href":"https:\/\/mod.wisdar.net\/tr\/wp-json\/wp\/v2\/product_brand?post=200598"},{"taxonomy":"product_cat","embeddable":true,"href":"https:\/\/mod.wisdar.net\/tr\/wp-json\/wp\/v2\/product_cat?post=200598"},{"taxonomy":"product_tag","embeddable":true,"href":"https:\/\/mod.wisdar.net\/tr\/wp-json\/wp\/v2\/product_tag?post=200598"}],"curies":[{"name":"wp","href":"https:\/\/api.w.org\/{rel}","templated":true}]}}