{"id":200645,"date":"2026-04-03T13:36:26","date_gmt":"2026-04-03T13:36:26","guid":{"rendered":"https:\/\/modesthanim.com\/product\/kemik-tokali-trenckot-haki-2\/"},"modified":"2026-04-03T13:36:39","modified_gmt":"2026-04-03T13:36:39","slug":"kemik-tokali-trenckot-haki-2","status":"publish","type":"product","link":"https:\/\/mod.wisdar.net\/tr\/urun\/kemik-tokali-trenckot-haki-2\/","title":{"rendered":"Kemik Tokal\u0131 Tren\u00e7kot Haki"},"content":{"rendered":"<p>Seyyar kemeri mevcuttur. Astarl\u0131 ve ceplidir. Beden Yard\u0131m Rehberi <\/p>\n<p>BEDEN KILAVUZU<\/p>\n<p>\u00a0<\/p>\n<p>\t\t\t\u00d6l\u00e7\u00fcler<br \/>\n\t\t\tS<br \/>\n\t\t\tM<br \/>\n\t\t\tL<\/p>\n<p>\t\t\tBoy<br \/>\n\t\t\t133 cm<br \/>\n\t\t\t135 cm<br \/>\n\t\t\t137 cm<\/p>\n<p>\t\t\tG\u00f6\u011f\u00fcs \u00c7evresi<br \/>\n\t\t\t116 cm<br \/>\n\t\t\t120 cm<br \/>\n\t\t\t124 cm<\/p>\n<p>\t\t\tKol Boyu<br \/>\n\t\t\t76 cm<br \/>\n\t\t\t76.5 cm<br \/>\n\t\t\t77 cm<\/p>\n<p>\u2014 Technical Details \u2014<br \/>\n\u00dcr\u00fcn Hakk\u0131nda: Seyyar kemeri mevcuttur.<br \/>\nMarka: Minik Terzi<br \/>\nSezon: MEVS\u0130ML\u0130K<br \/>\nCinsiyet: Kad\u0131n<br \/>\nMalzeme: Pamuk \/ Polyester<br \/>\nKuma\u015f \u0130\u00e7eri\u011fi: %50 Pamuk %50 Pes<br \/>\nKal\u0131p: Tam Kal\u0131p<br \/>\nKol Boyu: Uzun Kollu<br \/>\nYaka Tipi: Geni\u015f Yaka<br \/>\nManken \u00d6l\u00e7\u00fcleri: 1,76<br \/>\nMankenin Giydi\u011fi Beden: S Beden<br \/>\nA\u00e7\u0131klama: Astarl\u0131 ve ceplidir.<\/p>\n","protected":false},"excerpt":{"rendered":"<p>Seyyar kemeri mevcuttur. Astarl\u0131 ve ceplidir. Beden Yard\u0131m Rehberi BEDEN KILAVUZU \u00a0 \u00d6l\u00e7\u00fcler S M L Boy 133 cm 135 cm 137 cm G\u00f6\u011f\u00fcs \u00c7evresi 116 cm 120 cm 124 cm Kol Boyu 76 cm 76.5 cm 77 cm \u2014 Technical Details \u2014 \u00dcr\u00fcn Hakk\u0131nda: Seyyar kemeri mevcuttur. Marka: Minik Terzi Sezon: MEVS\u0130ML\u0130K Cinsiyet: Kad\u0131n [&hellip;]<\/p>\n","protected":false},"featured_media":200629,"comment_status":"open","ping_status":"closed","template":"","meta":[],"product_brand":[],"product_cat":[2047],"product_tag":[7960],"class_list":{"0":"post-200645","1":"product","2":"type-product","3":"status-publish","4":"has-post-thumbnail","6":"product_cat-paltolar","7":"product_tag-kadin-dis-giyim","8":"pa_brand-minik-terzi","9":"pa_color-haki","10":"pa_size-l","11":"pa_size-m","12":"pa_size-s","14":"first","15":"outofstock","16":"shipping-taxable","17":"product-type-variable"},"_links":{"self":[{"href":"https:\/\/mod.wisdar.net\/tr\/wp-json\/wp\/v2\/product\/200645","targetHints":{"allow":["GET"]}}],"collection":[{"href":"https:\/\/mod.wisdar.net\/tr\/wp-json\/wp\/v2\/product"}],"about":[{"href":"https:\/\/mod.wisdar.net\/tr\/wp-json\/wp\/v2\/types\/product"}],"replies":[{"embeddable":true,"href":"https:\/\/mod.wisdar.net\/tr\/wp-json\/wp\/v2\/comments?post=200645"}],"wp:featuredmedia":[{"embeddable":true,"href":"https:\/\/mod.wisdar.net\/tr\/wp-json\/wp\/v2\/media\/200629"}],"wp:attachment":[{"href":"https:\/\/mod.wisdar.net\/tr\/wp-json\/wp\/v2\/media?parent=200645"}],"wp:term":[{"taxonomy":"product_brand","embeddable":true,"href":"https:\/\/mod.wisdar.net\/tr\/wp-json\/wp\/v2\/product_brand?post=200645"},{"taxonomy":"product_cat","embeddable":true,"href":"https:\/\/mod.wisdar.net\/tr\/wp-json\/wp\/v2\/product_cat?post=200645"},{"taxonomy":"product_tag","embeddable":true,"href":"https:\/\/mod.wisdar.net\/tr\/wp-json\/wp\/v2\/product_tag?post=200645"}],"curies":[{"name":"wp","href":"https:\/\/api.w.org\/{rel}","templated":true}]}}