{"id":200731,"date":"2026-04-03T13:37:10","date_gmt":"2026-04-03T13:37:10","guid":{"rendered":"https:\/\/modesthanim.com\/product\/mixray-baklava-desen-hirka-lacivert\/"},"modified":"2026-04-10T02:52:13","modified_gmt":"2026-04-10T02:52:13","slug":"mixray-baklava-desen-hirka-lacivert","status":"publish","type":"product","link":"https:\/\/mod.wisdar.net\/tr\/urun\/mixray-baklava-desen-hirka-lacivert\/","title":{"rendered":"M\u0130XRAY BAKLAVA DESEN HIRKA Lacivert"},"content":{"rendered":"<p>HIRKA BOY: 70 CM<\/p>\n<p>KOL BOY: 55 CM<\/p>\n<p>G\u00d6\u011e\u00dcS: 58 CM<\/p>\n<p>KUMA\u015e \u0130\u00c7ER\u0130\u011e\u0130: %70 AKR\u0130L\u0130K %30 POLYESTER TR\u0130KO KUMA\u015eTIR.<\/p>\n<p>YUKARDA BEL\u0130RT\u0130LEN \u00d6L\u00c7\u00dcLER STANDART BEDENE A\u0130TT\u0130R.<\/p>\n<p>YIKAMA TAL\u0130MATI<\/p>\n<p>\u00c7ama\u015f\u0131r suyu kullan\u0131lmaz.<\/p>\n<p>Hafif \u0131s\u0131 ile \u00fct\u00fclenebilir<\/p>\n<p>Kuru temizleme yap\u0131labilir.<\/p>\n<p>\u0130ADE ve DE\u011e\u0130\u015e\u0130M<\/p>\n<p>Faturas\u0131z iade ve de\u011fi\u015fim yoktur.<\/p>\n<p>\u00dcr\u00fcn\u00fc teslim ald\u0131ktan sonra herhangi bir nedenden dolay\u0131 iade veya de\u011fi\u015fime g\u00f6ndermek isterseniz teslim ald\u0131\u011f\u0131n\u0131z tarih itibariyle 14 g\u00fcn i\u00e7erisinde iade\/de\u011fi\u015fim ger\u00e7ekle\u015ftirebilirsiniz.<\/p>\n<p>Hasarl\u0131 ve eksik \u00fcr\u00fcnler i\u00e7in 24 saat i\u00e7erisinde online ma\u011fazam\u0131z \u00fczerinden iade talebi olu\u015fturulabilir.<\/p>\n<p>\u2014 Teknik Detaylar \u2014<br \/>\nTedarik\u00e7i Mam\u00fcl Kodu: 6937<\/p>\n","protected":false},"excerpt":{"rendered":"<p>HIRKA BOY: 70 CM KOL BOY: 55 CM G\u00d6\u011e\u00dcS: 58 CM KUMA\u015e \u0130\u00c7ER\u0130\u011e\u0130: %70 AKR\u0130L\u0130K %30 POLYESTER TR\u0130KO KUMA\u015eTIR. YUKARDA BEL\u0130RT\u0130LEN \u00d6L\u00c7\u00dcLER STANDART BEDENE A\u0130TT\u0130R. YIKAMA TAL\u0130MATI \u00c7ama\u015f\u0131r suyu kullan\u0131lmaz. Hafif \u0131s\u0131 ile \u00fct\u00fclenebilir Kuru temizleme yap\u0131labilir. \u0130ADE ve DE\u011e\u0130\u015e\u0130M Faturas\u0131z iade ve de\u011fi\u015fim yoktur. \u00dcr\u00fcn\u00fc teslim ald\u0131ktan sonra herhangi bir nedenden dolay\u0131 iade veya [&hellip;]<\/p>\n","protected":false},"featured_media":200726,"comment_status":"open","ping_status":"closed","template":"","meta":[],"product_brand":[],"product_cat":[1927],"product_tag":[],"class_list":{"0":"post-200731","1":"product","2":"type-product","3":"status-publish","4":"has-post-thumbnail","6":"product_cat-hoodies-sweatshirtler","7":"pa_brand-markasiz","8":"pa_color-lacivert","9":"pa_size-std","11":"first","12":"outofstock","13":"shipping-taxable","14":"product-type-variable"},"_links":{"self":[{"href":"https:\/\/mod.wisdar.net\/tr\/wp-json\/wp\/v2\/product\/200731","targetHints":{"allow":["GET"]}}],"collection":[{"href":"https:\/\/mod.wisdar.net\/tr\/wp-json\/wp\/v2\/product"}],"about":[{"href":"https:\/\/mod.wisdar.net\/tr\/wp-json\/wp\/v2\/types\/product"}],"replies":[{"embeddable":true,"href":"https:\/\/mod.wisdar.net\/tr\/wp-json\/wp\/v2\/comments?post=200731"}],"wp:featuredmedia":[{"embeddable":true,"href":"https:\/\/mod.wisdar.net\/tr\/wp-json\/wp\/v2\/media\/200726"}],"wp:attachment":[{"href":"https:\/\/mod.wisdar.net\/tr\/wp-json\/wp\/v2\/media?parent=200731"}],"wp:term":[{"taxonomy":"product_brand","embeddable":true,"href":"https:\/\/mod.wisdar.net\/tr\/wp-json\/wp\/v2\/product_brand?post=200731"},{"taxonomy":"product_cat","embeddable":true,"href":"https:\/\/mod.wisdar.net\/tr\/wp-json\/wp\/v2\/product_cat?post=200731"},{"taxonomy":"product_tag","embeddable":true,"href":"https:\/\/mod.wisdar.net\/tr\/wp-json\/wp\/v2\/product_tag?post=200731"}],"curies":[{"name":"wp","href":"https:\/\/api.w.org\/{rel}","templated":true}]}}