{"id":200870,"date":"2026-04-03T13:39:02","date_gmt":"2026-04-03T13:39:02","guid":{"rendered":"https:\/\/modesthanim.com\/product\/yirtmacli-kruvaze-pardesu-olive\/"},"modified":"2026-04-03T13:39:35","modified_gmt":"2026-04-03T13:39:35","slug":"yirtmacli-kruvaze-pardesu-olive","status":"publish","type":"product","link":"https:\/\/mod.wisdar.net\/tr\/urun\/yirtmacli-kruvaze-pardesu-olive\/","title":{"rendered":"Y\u0131rtma\u00e7l\u0131 Kruvaze Pardes\u00fc \u2013 Olive"},"content":{"rendered":"<p>Zarif kruvaze kesimi ve y\u0131rtma\u00e7 detay\u0131yla modern bir siluet sunan bu pardes\u00fc, klasik \u015f\u0131kl\u0131\u011f\u0131 dinamizmle bulu\u015fturur. Ak\u0131c\u0131 yap\u0131s\u0131 sayesinde hem g\u00fcnl\u00fck hem \u00f6zel anlarda rahatl\u0131kla kullan\u0131labilir. \u015e\u0131kl\u0131\u011f\u0131ndan \u00f6d\u00fcn vermeyenler i\u00e7in g\u00fc\u00e7l\u00fc bir tamamlay\u0131c\u0131d\u0131r.<\/p>\n<p>\u2014 Technical Details \u2014<br \/>\nDesen: D\u00fcz<br \/>\nYaka Tipi: Kruvaze Yaka<br \/>\nKol Tipi: Reglan Kol<br \/>\nCep: Fleto Cep<br \/>\nAstar: Astars\u0131z<br \/>\n\u00dcr\u00fcn Boyu: 140 cm<br \/>\nKal\u0131p Tipi: Normal Kal\u0131p<br \/>\nMankenin Giydi\u011fi Beden: 38<br \/>\nManken \u00d6l\u00e7\u00fcleri: {&#8216;Boy&#8217;: &#8216;179 cm&#8217;, &#8216;G\u00f6\u011f\u00fcs&#8217;: &#8217;84 cm&#8217;, &#8216;Bel&#8217;: &#8217;62 cm&#8217;, &#8216;Basen&#8217;: &#8217;90 cm&#8217;}<br \/>\nBeden \u00d6l\u00e7\u00fc Tablosu: {&#8217;38&#8217;: {&#8216;G\u00f6\u011f\u00fcs&#8217;: 104, &#8216;Bel&#8217;: 96, &#8216;Basen&#8217;: 120, &#8216;Boy&#8217;: 140, &#8216;Kol Boyu&#8217;: 76}, &#8217;40&#8217;: {&#8216;G\u00f6\u011f\u00fcs&#8217;: 108, &#8216;Bel&#8217;: 100, &#8216;Basen&#8217;: 124, &#8216;Boy&#8217;: 140.5, &#8216;Kol Boyu&#8217;: 76.5}, &#8217;42&#8217;: {&#8216;G\u00f6\u011f\u00fcs&#8217;: 112, &#8216;Bel&#8217;: 104, &#8216;Basen&#8217;: 128, &#8216;Boy&#8217;: 141, &#8216;Kol Boyu&#8217;: 77}, &#8217;44&#8217;: {&#8216;G\u00f6\u011f\u00fcs&#8217;: 116, &#8216;Bel&#8217;: 108, &#8216;Basen&#8217;: 132, &#8216;Boy&#8217;: 141.5, &#8216;Kol Boyu&#8217;: 77.5}, &#8217;46&#8217;: {&#8216;G\u00f6\u011f\u00fcs&#8217;: 122, &#8216;Bel&#8217;: 114, &#8216;Basen&#8217;: 138, &#8216;Boy&#8217;: 142, &#8216;Kol Boyu&#8217;: 78}, &#8217;48&#8217;: {&#8216;G\u00f6\u011f\u00fcs&#8217;: 126, &#8216;Bel&#8217;: 118, &#8216;Basen&#8217;: 142, &#8216;Boy&#8217;: 143, &#8216;Kol Boyu&#8217;: 78.5}}<\/p>\n","protected":false},"excerpt":{"rendered":"<p>Zarif kruvaze kesimi ve y\u0131rtma\u00e7 detay\u0131yla modern bir siluet sunan bu pardes\u00fc, klasik \u015f\u0131kl\u0131\u011f\u0131 dinamizmle bulu\u015fturur. Ak\u0131c\u0131 yap\u0131s\u0131 sayesinde hem g\u00fcnl\u00fck hem \u00f6zel anlarda rahatl\u0131kla kullan\u0131labilir. \u015e\u0131kl\u0131\u011f\u0131ndan \u00f6d\u00fcn vermeyenler i\u00e7in g\u00fc\u00e7l\u00fc bir tamamlay\u0131c\u0131d\u0131r. \u2014 Technical Details \u2014 Desen: D\u00fcz Yaka Tipi: Kruvaze Yaka Kol Tipi: Reglan Kol Cep: Fleto Cep Astar: Astars\u0131z \u00dcr\u00fcn Boyu: 140 [&hellip;]<\/p>\n","protected":false},"featured_media":200859,"comment_status":"open","ping_status":"closed","template":"","meta":[],"product_brand":[],"product_cat":[2047],"product_tag":[5010,5011,5012,5013,5014,5015,5016],"class_list":{"0":"post-200870","1":"product","2":"type-product","3":"status-publish","4":"has-post-thumbnail","6":"product_cat-paltolar","7":"product_tag-coat","8":"product_tag-crossover","9":"product_tag-elegant","10":"product_tag-modern","11":"product_tag-olive","12":"product_tag-raglan","13":"product_tag-unlined","14":"pa_brand-tugba","15":"pa_color-olive","16":"pa_size-4706","17":"pa_size-4711","18":"pa_size-4713","19":"pa_size-4751","20":"pa_size-4749","21":"pa_size-4747","23":"first","24":"instock","25":"sale","26":"shipping-taxable","27":"purchasable","28":"product-type-variable"},"_links":{"self":[{"href":"https:\/\/mod.wisdar.net\/tr\/wp-json\/wp\/v2\/product\/200870","targetHints":{"allow":["GET"]}}],"collection":[{"href":"https:\/\/mod.wisdar.net\/tr\/wp-json\/wp\/v2\/product"}],"about":[{"href":"https:\/\/mod.wisdar.net\/tr\/wp-json\/wp\/v2\/types\/product"}],"replies":[{"embeddable":true,"href":"https:\/\/mod.wisdar.net\/tr\/wp-json\/wp\/v2\/comments?post=200870"}],"wp:featuredmedia":[{"embeddable":true,"href":"https:\/\/mod.wisdar.net\/tr\/wp-json\/wp\/v2\/media\/200859"}],"wp:attachment":[{"href":"https:\/\/mod.wisdar.net\/tr\/wp-json\/wp\/v2\/media?parent=200870"}],"wp:term":[{"taxonomy":"product_brand","embeddable":true,"href":"https:\/\/mod.wisdar.net\/tr\/wp-json\/wp\/v2\/product_brand?post=200870"},{"taxonomy":"product_cat","embeddable":true,"href":"https:\/\/mod.wisdar.net\/tr\/wp-json\/wp\/v2\/product_cat?post=200870"},{"taxonomy":"product_tag","embeddable":true,"href":"https:\/\/mod.wisdar.net\/tr\/wp-json\/wp\/v2\/product_tag?post=200870"}],"curies":[{"name":"wp","href":"https:\/\/api.w.org\/{rel}","templated":true}]}}