{"id":200939,"date":"2026-04-03T13:40:23","date_gmt":"2026-04-03T13:40:23","guid":{"rendered":"https:\/\/modesthanim.com\/product\/kruvaze-kaban-kiremit\/"},"modified":"2026-04-03T13:40:38","modified_gmt":"2026-04-03T13:40:38","slug":"kruvaze-kaban-kiremit","status":"publish","type":"product","link":"https:\/\/mod.wisdar.net\/tr\/urun\/kruvaze-kaban-kiremit\/","title":{"rendered":"Kruvaze Kaban Kiremit"},"content":{"rendered":"<p>S beden (34-36 uyumlu, g\u00f6\u011f\u00fcs: 114 cm)    M beden (38-40 uyumlu)    L beden (42-44 uyumlu)<\/p>\n<p>\u2014 Technical Details \u2014<br \/>\nSezon: KI\u015e<br \/>\nCinsiyet: Kad\u0131n<br \/>\nMalzeme: Pes<br \/>\nKal\u0131p: Bol Kal\u0131p<br \/>\nKol Boyu: Uzun Kollu<br \/>\nYaka Tipi: V Yaka<br \/>\nManken \u00d6l\u00e7\u00fcleri: 1,75<br \/>\nMankenin Giydi\u011fi Beden: S Beden<br \/>\nA\u00e7\u0131klama: Astarl\u0131d\u0131r<\/p>\n","protected":false},"excerpt":{"rendered":"<p>S beden (34-36 uyumlu, g\u00f6\u011f\u00fcs: 114 cm) M beden (38-40 uyumlu) L beden (42-44 uyumlu) \u2014 Technical Details \u2014 Sezon: KI\u015e Cinsiyet: Kad\u0131n Malzeme: Pes Kal\u0131p: Bol Kal\u0131p Kol Boyu: Uzun Kollu Yaka Tipi: V Yaka Manken \u00d6l\u00e7\u00fcleri: 1,75 Mankenin Giydi\u011fi Beden: S Beden A\u00e7\u0131klama: Astarl\u0131d\u0131r<\/p>\n","protected":false},"featured_media":200922,"comment_status":"open","ping_status":"closed","template":"","meta":[],"product_brand":[],"product_cat":[2047],"product_tag":[5010,7758],"class_list":{"0":"post-200939","1":"product","2":"type-product","3":"status-publish","4":"has-post-thumbnail","6":"product_cat-paltolar","7":"product_tag-coat","8":"product_tag-kis-giyim","9":"pa_brand-minik-terzi","10":"pa_color-kiremit","11":"pa_size-l","12":"pa_size-m","13":"pa_size-s","15":"first","16":"instock","17":"sale","18":"shipping-taxable","19":"purchasable","20":"product-type-variable"},"_links":{"self":[{"href":"https:\/\/mod.wisdar.net\/tr\/wp-json\/wp\/v2\/product\/200939","targetHints":{"allow":["GET"]}}],"collection":[{"href":"https:\/\/mod.wisdar.net\/tr\/wp-json\/wp\/v2\/product"}],"about":[{"href":"https:\/\/mod.wisdar.net\/tr\/wp-json\/wp\/v2\/types\/product"}],"replies":[{"embeddable":true,"href":"https:\/\/mod.wisdar.net\/tr\/wp-json\/wp\/v2\/comments?post=200939"}],"wp:featuredmedia":[{"embeddable":true,"href":"https:\/\/mod.wisdar.net\/tr\/wp-json\/wp\/v2\/media\/200922"}],"wp:attachment":[{"href":"https:\/\/mod.wisdar.net\/tr\/wp-json\/wp\/v2\/media?parent=200939"}],"wp:term":[{"taxonomy":"product_brand","embeddable":true,"href":"https:\/\/mod.wisdar.net\/tr\/wp-json\/wp\/v2\/product_brand?post=200939"},{"taxonomy":"product_cat","embeddable":true,"href":"https:\/\/mod.wisdar.net\/tr\/wp-json\/wp\/v2\/product_cat?post=200939"},{"taxonomy":"product_tag","embeddable":true,"href":"https:\/\/mod.wisdar.net\/tr\/wp-json\/wp\/v2\/product_tag?post=200939"}],"curies":[{"name":"wp","href":"https:\/\/api.w.org\/{rel}","templated":true}]}}