{"id":201006,"date":"2026-04-03T13:41:07","date_gmt":"2026-04-03T13:41:07","guid":{"rendered":"https:\/\/modesthanim.com\/product\/kahverengi-kruvaze-yaka-kadin-trenckot-2\/"},"modified":"2026-04-09T10:32:57","modified_gmt":"2026-04-09T10:32:57","slug":"kahverengi-kruvaze-yaka-kadin-trenckot-2","status":"publish","type":"product","link":"https:\/\/mod.wisdar.net\/tr\/urun\/kahverengi-kruvaze-yaka-kadin-trenckot-2\/","title":{"rendered":"Kahverengi Kruvaze Yaka Kad\u0131n Tren\u00e7kot"},"content":{"rendered":"<p>LCW Vision Kahverengi Kruvaze Yaka Kad\u0131n Tren\u00e7kot size \u00f6zel indirim, taksit ve kap\u0131da \u00f6deme avantajlar\u0131yla LCW&#8217;de! Hemen online al\u0131\u015fveri\u015f yap, \u00fcr\u00fcn kap\u0131na gelsin! \u2013 S66011Z8-DJ7<\/p>\n<p>\u2014 Technical Details \u2014<br \/>\nMen\u015fei: Myanmar<br \/>\nSat\u0131c\u0131: LC Waikiki<br \/>\nMarka: LCW Vision<br \/>\n\u00dcr\u00fcn Tipi: Tren\u00e7kot<br \/>\nCinsiyet: Kad\u0131n<br \/>\nKal\u0131p: Loose &amp; Bol<br \/>\nKuma\u015f: Gabardin<br \/>\nDesen: D\u00fcz<br \/>\nYaka: Kruvaze<br \/>\nKap\u00fc\u015fon Detay: Kap\u00fc\u015fonsuz<br \/>\nKol Boyu: Uzun Kollu<br \/>\nAstar Detay: Polyester<br \/>\nUzunluk: Uzun<br \/>\n\u00dcr\u00fcn Aksesuar\u0131: Ku\u015fak<br \/>\nPar\u00e7a Say\u0131s\u0131: 2 Par\u00e7a<br \/>\nEk \u00d6zellik: D\u00fc\u011fmeli<\/p>\n","protected":false},"excerpt":{"rendered":"<p>LCW Vision Kahverengi Kruvaze Yaka Kad\u0131n Tren\u00e7kot size \u00f6zel indirim, taksit ve kap\u0131da \u00f6deme avantajlar\u0131yla LCW&#8217;de! Hemen online al\u0131\u015fveri\u015f yap, \u00fcr\u00fcn kap\u0131na gelsin! \u2013 S66011Z8-DJ7 \u2014 Technical Details \u2014 Men\u015fei: Myanmar Sat\u0131c\u0131: LC Waikiki Marka: LCW Vision \u00dcr\u00fcn Tipi: Tren\u00e7kot Cinsiyet: Kad\u0131n Kal\u0131p: Loose &amp; Bol Kuma\u015f: Gabardin Desen: D\u00fcz Yaka: Kruvaze Kap\u00fc\u015fon Detay: Kap\u00fc\u015fonsuz [&hellip;]<\/p>\n","protected":false},"featured_media":200996,"comment_status":"open","ping_status":"closed","template":"","meta":[],"product_brand":[],"product_cat":[2047],"product_tag":[7702,7703,7701,7704,6312,6776,6313],"class_list":{"0":"post-201006","1":"product","2":"type-product","3":"status-publish","4":"has-post-thumbnail","6":"product_cat-paltolar","7":"product_tag-capraz-yaka","8":"product_tag-gabardin-kaban","9":"product_tag-kahverengi-kaban","10":"product_tag-kemerli-kaban","11":"product_tag-long-coat","12":"product_tag-trenckot","13":"product_tag-womens-coat","14":"pa_brand-lcw-vision","15":"pa_color-kahverengi","16":"pa_size-4698","17":"pa_size-4701","18":"pa_size-4706","19":"pa_size-4711","21":"first","22":"instock","23":"sale","24":"shipping-taxable","25":"purchasable","26":"product-type-variable"},"_links":{"self":[{"href":"https:\/\/mod.wisdar.net\/tr\/wp-json\/wp\/v2\/product\/201006","targetHints":{"allow":["GET"]}}],"collection":[{"href":"https:\/\/mod.wisdar.net\/tr\/wp-json\/wp\/v2\/product"}],"about":[{"href":"https:\/\/mod.wisdar.net\/tr\/wp-json\/wp\/v2\/types\/product"}],"replies":[{"embeddable":true,"href":"https:\/\/mod.wisdar.net\/tr\/wp-json\/wp\/v2\/comments?post=201006"}],"wp:featuredmedia":[{"embeddable":true,"href":"https:\/\/mod.wisdar.net\/tr\/wp-json\/wp\/v2\/media\/200996"}],"wp:attachment":[{"href":"https:\/\/mod.wisdar.net\/tr\/wp-json\/wp\/v2\/media?parent=201006"}],"wp:term":[{"taxonomy":"product_brand","embeddable":true,"href":"https:\/\/mod.wisdar.net\/tr\/wp-json\/wp\/v2\/product_brand?post=201006"},{"taxonomy":"product_cat","embeddable":true,"href":"https:\/\/mod.wisdar.net\/tr\/wp-json\/wp\/v2\/product_cat?post=201006"},{"taxonomy":"product_tag","embeddable":true,"href":"https:\/\/mod.wisdar.net\/tr\/wp-json\/wp\/v2\/product_tag?post=201006"}],"curies":[{"name":"wp","href":"https:\/\/api.w.org\/{rel}","templated":true}]}}