{"id":201027,"date":"2026-04-03T13:40:53","date_gmt":"2026-04-03T13:40:53","guid":{"rendered":"https:\/\/modesthanim.com\/product\/nakis-detayli-trenckot-haki\/"},"modified":"2026-04-03T15:11:37","modified_gmt":"2026-04-03T15:11:37","slug":"nakis-detayli-trenckot-haki","status":"publish","type":"product","link":"https:\/\/mod.wisdar.net\/tr\/urun\/nakis-detayli-trenckot-haki\/","title":{"rendered":"Nak\u0131\u015f Detayl\u0131 Tren\u00e7kot \u2013 Haki"},"content":{"rendered":"<p>\u015e\u0131k nak\u0131\u015flar\u0131 ve modern r\u00fczgarl\u0131k detaylar\u0131 ile dikkat \u00e7eken bu tren\u00e7kot, klasik tasar\u0131m\u0131 modern dokunu\u015flarla harmanlamaktad\u0131r. Hafif ve ak\u0131c\u0131 yap\u0131s\u0131 rahat bir kullan\u0131m sa\u011flarken, nak\u0131\u015f detaylar\u0131 sofistike bir hava katmaktad\u0131r.<\/p>\n<p>Kuma\u015f \u0130\u00e7eri\u011fi: %58 Pamuk, %42 Rayon<br \/>\nDesen: D\u00fcz \u2013 Nak\u0131\u015f Detayl\u0131<br \/>\nYaka Tipi: Blazer Yaka<br \/>\nKol Tipi: Uzun Kol<br \/>\nCep: D\u00fcnya Cebi<br \/>\nAstar: Astar\u0131z<br \/>\n\u00dcr\u00fcn Uzunlu\u011fu: 120 cm<br \/>\nKal\u0131p: Normal Kal\u0131p<br \/>\nModelin Giydi\u011fi Beden: 38<\/p>\n<p>Model \u00d6l\u00e7\u00fcleri: Boy: 176 cm, G\u00f6\u011f\u00fcs: 82 cm, Bel: 61 cm, Kal\u00e7a: 88 cm<\/p>\n<p>\u2014 Teknik Detaylar \u2014<br \/>\nDesen: D\u00fcz \u2013 Nak\u0131\u015f Detayl\u0131<br \/>\nYaka Tipi: Blazer Yaka<br \/>\nKol Tipi: Uzun Kol<br \/>\nCep: D\u00fcnya Cebi<br \/>\nAstar: Astar\u0131z<br \/>\n\u00dcr\u00fcn Uzunlu\u011fu: 120 cm<br \/>\nKal\u0131p: Normal Kal\u0131p<br \/>\nModelin Giydi\u011fi Beden: 38<br \/>\nModel \u00d6l\u00e7\u00fcleri: Boy: 176 cm, G\u00f6\u011f\u00fcs: 82 cm, Bel: 61 cm, Kal\u00e7a: 88 cm<\/p>\n","protected":false},"excerpt":{"rendered":"<p>\u015e\u0131k nak\u0131\u015flar\u0131 ve modern r\u00fczgarl\u0131k detaylar\u0131 ile dikkat \u00e7eken bu tren\u00e7kot, klasik tasar\u0131m\u0131 modern dokunu\u015flarla harmanlamaktad\u0131r. Hafif ve ak\u0131c\u0131 yap\u0131s\u0131 rahat bir kullan\u0131m sa\u011flarken, nak\u0131\u015f detaylar\u0131 sofistike bir hava katmaktad\u0131r. Kuma\u015f \u0130\u00e7eri\u011fi: %58 Pamuk, %42 Rayon Desen: D\u00fcz \u2013 Nak\u0131\u015f Detayl\u0131 Yaka Tipi: Blazer Yaka Kol Tipi: Uzun Kol Cep: D\u00fcnya Cebi Astar: Astar\u0131z \u00dcr\u00fcn [&hellip;]<\/p>\n","protected":false},"featured_media":200989,"comment_status":"open","ping_status":"closed","template":"","meta":[],"product_brand":[],"product_cat":[2047],"product_tag":[4999,6776],"class_list":{"0":"post-201027","1":"product","2":"type-product","3":"status-publish","4":"has-post-thumbnail","6":"product_cat-paltolar","7":"product_tag-outerwear","8":"product_tag-trenckot","9":"pa_brand-tugba","10":"pa_color-haki","11":"pa_size-4706","12":"pa_size-4711","13":"pa_size-4713","14":"pa_size-4751","16":"first","17":"instock","18":"sale","19":"shipping-taxable","20":"purchasable","21":"product-type-variable"},"_links":{"self":[{"href":"https:\/\/mod.wisdar.net\/tr\/wp-json\/wp\/v2\/product\/201027","targetHints":{"allow":["GET"]}}],"collection":[{"href":"https:\/\/mod.wisdar.net\/tr\/wp-json\/wp\/v2\/product"}],"about":[{"href":"https:\/\/mod.wisdar.net\/tr\/wp-json\/wp\/v2\/types\/product"}],"replies":[{"embeddable":true,"href":"https:\/\/mod.wisdar.net\/tr\/wp-json\/wp\/v2\/comments?post=201027"}],"wp:featuredmedia":[{"embeddable":true,"href":"https:\/\/mod.wisdar.net\/tr\/wp-json\/wp\/v2\/media\/200989"}],"wp:attachment":[{"href":"https:\/\/mod.wisdar.net\/tr\/wp-json\/wp\/v2\/media?parent=201027"}],"wp:term":[{"taxonomy":"product_brand","embeddable":true,"href":"https:\/\/mod.wisdar.net\/tr\/wp-json\/wp\/v2\/product_brand?post=201027"},{"taxonomy":"product_cat","embeddable":true,"href":"https:\/\/mod.wisdar.net\/tr\/wp-json\/wp\/v2\/product_cat?post=201027"},{"taxonomy":"product_tag","embeddable":true,"href":"https:\/\/mod.wisdar.net\/tr\/wp-json\/wp\/v2\/product_tag?post=201027"}],"curies":[{"name":"wp","href":"https:\/\/api.w.org\/{rel}","templated":true}]}}