{"id":201119,"date":"2026-04-03T13:42:12","date_gmt":"2026-04-03T13:42:12","guid":{"rendered":"https:\/\/modesthanim.com\/product\/midimod-erkek-bebek-welsoft-patiksiz-tulum-hayvan-baskili-fermuarli-kapusonlu-uzun-paca-uzun-kol-2\/"},"modified":"2026-04-03T20:51:00","modified_gmt":"2026-04-03T20:51:00","slug":"midimod-erkek-bebek-welsoft-patiksiz-tulum-hayvan-baskili-fermuarli-kapusonlu-uzun-paca-uzun-kol-2","status":"publish","type":"product","link":"https:\/\/mod.wisdar.net\/tr\/urun\/midimod-erkek-bebek-welsoft-patiksiz-tulum-hayvan-baskili-fermuarli-kapusonlu-uzun-paca-uzun-kol-2\/","title":{"rendered":"Midimod Erkek Bebek Welsoft Patiksiz Tulum Hayvan Bask\u0131l\u0131 Fermuarl\u0131 Kap\u00fc\u015fonlu Uzun Pa\u00e7a Uzun Kol"},"content":{"rendered":"<p>Midimod yenido\u011fan erkek bebek welsoft tulum, ilk aylardan itibaren bebeklerin hassas cildi d\u00fc\u015f\u00fcn\u00fclerek tasarlanm\u0131\u015ft\u0131r. Patikli ve uzun kollu yap\u0131s\u0131 sayesinde so\u011fuk g\u00fcnlerde tam koruma sa\u011flar. \u00c7\u0131t\u00e7\u0131tl\u0131 kapan\u0131\u015f\u0131 ise bebe\u011fin giydirilmesini ve alt de\u011fi\u015ftirme i\u015flemlerini kolayla\u015ft\u0131r\u0131r.<br \/>\nAna kuma\u015f\u0131 %100 polyester olan bu modelin i\u00e7 astar\u0131 %100 pamuk, d\u0131\u015f astar\u0131 ise %100 polyesterden olu\u015fur. Bu kombinasyon, hem s\u0131cak tutar hem de ciltle uyumlu yumu\u015fakl\u0131k sa\u011flar. 3. aydan 1 ya\u015f\u0131na kadar olan bebekler i\u00e7in uygun beden se\u00e7enekleri mevcuttur. Sevimli d\u00fc\u011fme detaylar\u0131 ve yumu\u015fac\u0131k dokusuyla bu tulum, hem pratik hem \u015f\u0131k bir k\u0131\u015f par\u00e7as\u0131d\u0131r.<br \/>\nSitemizdeki t\u00fcm yenido\u011fan patikli tulum buradan ula\u015fabilirsiniz.<br \/>\nMidimod Yenido\u011fan Erkek Bebek Welsoft Patiksiz Tulum \u00c7\u0131t\u00e7\u0131tl\u0131 Uzun Kol Patikli \u00d6zellikler:<br \/>\n\u2013 \u00dcr\u00fcn Grubu: Bebek Welsoft Patiksiz Tulum<br \/>\n\u2013 Kol Tipi: Uzun Kol<br \/>\n\u2013 Pa\u00e7a Tipi: Patikli<br \/>\n\u2013 Kal\u0131p: Normal Kal\u0131p<br \/>\n\u2013 Ana Kuma\u015f: Ana Kuma\u015f: %100 Polyester, Astar1: %100Pamuk, Astar2: %100 Polyester<br \/>\n\u2013 Yumu\u015fak kuma\u015f dokusu ve rahat kal\u0131ba sahiptir.<br \/>\n\u2013 30 derecede y\u0131kanabilir.<br \/>\nG\u00dcVENLE G\u0130YD\u0130R\u0130N! ebebek tekstil \u00fcr\u00fcnleri bebe\u011finizin g\u00fcvenli\u011fi i\u00e7in kimyasal i\u00e7eriklere kar\u015f\u0131 test edilmi\u015ftir. Bebe\u011finiz i\u00e7in risk olu\u015fturabilecek yutulabilir k\u00fc\u00e7\u00fck par\u00e7alar ve keskin kenarl\u0131 materyaller kullan\u0131lmamaktad\u0131r. Kullan\u0131m s\u0131ras\u0131nda tehlikeli olabilecek uzunlukta ba\u011fc\u0131k ve kordonlar kullan\u0131lmamaktad\u0131r.<\/p>\n<p>\u2014 Technical Details \u2014<br \/>\n\u00dcr\u00fcn Grubu: TLM-Welsoft Patiksiz Tulum<br \/>\nCinsiyet: E<br \/>\nTak\u0131m \/ Tekil: Tekil<br \/>\nFit: Standart<br \/>\nMalzeme T\u00fcr\u00fc: \u00d6rme<br \/>\nAstar: Astar<br \/>\nBa\u011flama Tipi: Fermuarl\u0131<br \/>\nYaka Tipi: Kap\u00fc\u015fonlu<br \/>\nGrafik Temas\u0131: Hayvan Bask\u0131l\u0131<br \/>\nMen\u015fei: T\u00fcrkiye<br \/>\nGrafik Detay: Nak\u0131\u015f<\/p>\n","protected":false},"excerpt":{"rendered":"<p>Midimod yenido\u011fan erkek bebek welsoft tulum, ilk aylardan itibaren bebeklerin hassas cildi d\u00fc\u015f\u00fcn\u00fclerek tasarlanm\u0131\u015ft\u0131r. Patikli ve uzun kollu yap\u0131s\u0131 sayesinde so\u011fuk g\u00fcnlerde tam koruma sa\u011flar. \u00c7\u0131t\u00e7\u0131tl\u0131 kapan\u0131\u015f\u0131 ise bebe\u011fin giydirilmesini ve alt de\u011fi\u015ftirme i\u015flemlerini kolayla\u015ft\u0131r\u0131r. Ana kuma\u015f\u0131 %100 polyester olan bu modelin i\u00e7 astar\u0131 %100 pamuk, d\u0131\u015f astar\u0131 ise %100 polyesterden olu\u015fur. Bu kombinasyon, hem [&hellip;]<\/p>\n","protected":false},"featured_media":201112,"comment_status":"open","ping_status":"closed","template":"","meta":[],"product_brand":[],"product_cat":[8694,8706,8697],"product_tag":[7244,7421,6768],"class_list":{"0":"post-201119","1":"product","2":"type-product","3":"status-publish","4":"has-post-thumbnail","6":"product_cat-cocuklar","7":"product_cat-tulum","8":"product_cat-yenidogan-0-12-ay","9":"product_tag-citcit-kapama","10":"product_tag-kapusonlu","11":"product_tag-uzun-kol","12":"pa_brand-midimod","13":"pa_color-ekru","14":"pa_size-6-ay","16":"first","17":"outofstock","18":"shipping-taxable","19":"product-type-variable"},"_links":{"self":[{"href":"https:\/\/mod.wisdar.net\/tr\/wp-json\/wp\/v2\/product\/201119","targetHints":{"allow":["GET"]}}],"collection":[{"href":"https:\/\/mod.wisdar.net\/tr\/wp-json\/wp\/v2\/product"}],"about":[{"href":"https:\/\/mod.wisdar.net\/tr\/wp-json\/wp\/v2\/types\/product"}],"replies":[{"embeddable":true,"href":"https:\/\/mod.wisdar.net\/tr\/wp-json\/wp\/v2\/comments?post=201119"}],"wp:featuredmedia":[{"embeddable":true,"href":"https:\/\/mod.wisdar.net\/tr\/wp-json\/wp\/v2\/media\/201112"}],"wp:attachment":[{"href":"https:\/\/mod.wisdar.net\/tr\/wp-json\/wp\/v2\/media?parent=201119"}],"wp:term":[{"taxonomy":"product_brand","embeddable":true,"href":"https:\/\/mod.wisdar.net\/tr\/wp-json\/wp\/v2\/product_brand?post=201119"},{"taxonomy":"product_cat","embeddable":true,"href":"https:\/\/mod.wisdar.net\/tr\/wp-json\/wp\/v2\/product_cat?post=201119"},{"taxonomy":"product_tag","embeddable":true,"href":"https:\/\/mod.wisdar.net\/tr\/wp-json\/wp\/v2\/product_tag?post=201119"}],"curies":[{"name":"wp","href":"https:\/\/api.w.org\/{rel}","templated":true}]}}