{"id":201169,"date":"2026-04-03T13:43:12","date_gmt":"2026-04-03T13:43:12","guid":{"rendered":"https:\/\/modesthanim.com\/product\/yirtmacli-capraz-kaban-bej\/"},"modified":"2026-04-03T13:43:35","modified_gmt":"2026-04-03T13:43:35","slug":"yirtmacli-capraz-kaban-bej","status":"publish","type":"product","link":"https:\/\/mod.wisdar.net\/tr\/urun\/yirtmacli-capraz-kaban-bej\/","title":{"rendered":"Y\u0131rtma\u00e7l\u0131 \u00c7apraz Kaban \u2013 Bej"},"content":{"rendered":"<p>Bu kaban, zarif \u00e7apraz kesimi ve y\u0131rtma\u00e7 detay\u0131 ile modern bir siluet sunar, klasik zarafeti dinamizmle harmanlar. Ak\u0131c\u0131 yap\u0131s\u0131, g\u00fcnl\u00fck kullan\u0131m ve \u00f6zel g\u00fcnler i\u00e7in rahat bir kullan\u0131m sa\u011flar. Zarafetten \u00f6d\u00fcn vermeyenler i\u00e7in kuvvetli bir tamamlay\u0131c\u0131d\u0131r.<\/p>\n<p>Kuma\u015f \u0130\u00e7eri\u011fi: %58 Pamuk, %42 Rayon<br \/>\nDesen: D\u00fcz<br \/>\nYaka Tipi: \u00c7apraz Yaka<br \/>\nKol Tipi: Raglan Kollar<br \/>\nCep: D\u00fcnya Cebi<br \/>\nAstar: Astars\u0131z<br \/>\n\u00dcr\u00fcn Uzunlu\u011fu: 140 cm<br \/>\nKal\u0131p: Normal Kal\u0131p<br \/>\nModelin Giydi\u011fi Beden: 38<br \/>\nModel \u00d6l\u00e7\u00fcleri: Boy: 175 cm, G\u00f6\u011f\u00fcs: 80 cm, Bel: 62 cm, Kal\u00e7a: 90 cm<\/p>\n","protected":false},"excerpt":{"rendered":"<p>Bu kaban, zarif \u00e7apraz kesimi ve y\u0131rtma\u00e7 detay\u0131 ile modern bir siluet sunar, klasik zarafeti dinamizmle harmanlar. Ak\u0131c\u0131 yap\u0131s\u0131, g\u00fcnl\u00fck kullan\u0131m ve \u00f6zel g\u00fcnler i\u00e7in rahat bir kullan\u0131m sa\u011flar. Zarafetten \u00f6d\u00fcn vermeyenler i\u00e7in kuvvetli bir tamamlay\u0131c\u0131d\u0131r. Kuma\u015f \u0130\u00e7eri\u011fi: %58 Pamuk, %42 Rayon Desen: D\u00fcz Yaka Tipi: \u00c7apraz Yaka Kol Tipi: Raglan Kollar Cep: D\u00fcnya Cebi [&hellip;]<\/p>\n","protected":false},"featured_media":201157,"comment_status":"open","ping_status":"closed","template":"","meta":[],"product_brand":[],"product_cat":[2047],"product_tag":[5010,6759,5013],"class_list":{"0":"post-201169","1":"product","2":"type-product","3":"status-publish","4":"has-post-thumbnail","6":"product_cat-paltolar","7":"product_tag-coat","8":"product_tag-konfor","9":"product_tag-modern","10":"pa_brand-tugba","11":"pa_color-bej","12":"pa_size-4706","13":"pa_size-4711","14":"pa_size-4713","15":"pa_size-4751","16":"pa_size-4749","17":"pa_size-4747","19":"first","20":"outofstock","21":"shipping-taxable","22":"product-type-variable"},"_links":{"self":[{"href":"https:\/\/mod.wisdar.net\/tr\/wp-json\/wp\/v2\/product\/201169","targetHints":{"allow":["GET"]}}],"collection":[{"href":"https:\/\/mod.wisdar.net\/tr\/wp-json\/wp\/v2\/product"}],"about":[{"href":"https:\/\/mod.wisdar.net\/tr\/wp-json\/wp\/v2\/types\/product"}],"replies":[{"embeddable":true,"href":"https:\/\/mod.wisdar.net\/tr\/wp-json\/wp\/v2\/comments?post=201169"}],"wp:featuredmedia":[{"embeddable":true,"href":"https:\/\/mod.wisdar.net\/tr\/wp-json\/wp\/v2\/media\/201157"}],"wp:attachment":[{"href":"https:\/\/mod.wisdar.net\/tr\/wp-json\/wp\/v2\/media?parent=201169"}],"wp:term":[{"taxonomy":"product_brand","embeddable":true,"href":"https:\/\/mod.wisdar.net\/tr\/wp-json\/wp\/v2\/product_brand?post=201169"},{"taxonomy":"product_cat","embeddable":true,"href":"https:\/\/mod.wisdar.net\/tr\/wp-json\/wp\/v2\/product_cat?post=201169"},{"taxonomy":"product_tag","embeddable":true,"href":"https:\/\/mod.wisdar.net\/tr\/wp-json\/wp\/v2\/product_tag?post=201169"}],"curies":[{"name":"wp","href":"https:\/\/api.w.org\/{rel}","templated":true}]}}