{"id":201206,"date":"2026-04-03T13:44:09","date_gmt":"2026-04-03T13:44:09","guid":{"rendered":"https:\/\/modesthanim.com\/product\/gc-0373-soleni-giycik-1-3-siyah-giy-cik-0373-2\/"},"modified":"2026-04-13T00:50:51","modified_gmt":"2026-04-13T00:50:51","slug":"gc-0373-soleni-giycik-1-3-siyah-giy-cik-0373-2","status":"publish","type":"product","link":"https:\/\/mod.wisdar.net\/tr\/urun\/gc-0373-soleni-giycik-1-3-siyah-giy-cik-0373-2\/","title":{"rendered":"G\u00c7-0373 SOLEN\u0130 G\u0130Y\u00c7IK 1-3 Siyah Giy \u00c7\u0131k 0373"},"content":{"rendered":"<p>\u015e\u0131k ve rahat modelimiz G\u00c7-0373 SOLEN\u0130 G\u0130Y\u00c7IK 1-3 Siyah Giy \u00c7\u0131k 0373 zuhre.com.tr&#8217;de sizleri bekliyor! \u00dcr\u00fcn\u00fcm\u00fcz\u00fc incelemek ve sat\u0131n almak i\u00e7in t\u0131klay\u0131n!<\/p>\n","protected":false},"excerpt":{"rendered":"<p>\u015e\u0131k ve rahat modelimiz G\u00c7-0373 SOLEN\u0130 G\u0130Y\u00c7IK 1-3 Siyah Giy \u00c7\u0131k 0373 zuhre.com.tr&#8217;de sizleri bekliyor! \u00dcr\u00fcn\u00fcm\u00fcz\u00fc incelemek ve sat\u0131n almak i\u00e7in t\u0131klay\u0131n!<\/p>\n","protected":false},"featured_media":201200,"comment_status":"open","ping_status":"closed","template":"","meta":[],"product_brand":[],"product_cat":[4028],"product_tag":[],"class_list":{"0":"post-201206","1":"product","2":"type-product","3":"status-publish","4":"has-post-thumbnail","6":"product_cat-abaya","7":"pa_brand-zuhre-com-tr","8":"pa_color-siyah","9":"pa_size-4446","10":"pa_size-4463","11":"pa_size-4680","13":"first","14":"outofstock","15":"shipping-taxable","16":"product-type-variable"},"_links":{"self":[{"href":"https:\/\/mod.wisdar.net\/tr\/wp-json\/wp\/v2\/product\/201206","targetHints":{"allow":["GET"]}}],"collection":[{"href":"https:\/\/mod.wisdar.net\/tr\/wp-json\/wp\/v2\/product"}],"about":[{"href":"https:\/\/mod.wisdar.net\/tr\/wp-json\/wp\/v2\/types\/product"}],"replies":[{"embeddable":true,"href":"https:\/\/mod.wisdar.net\/tr\/wp-json\/wp\/v2\/comments?post=201206"}],"wp:featuredmedia":[{"embeddable":true,"href":"https:\/\/mod.wisdar.net\/tr\/wp-json\/wp\/v2\/media\/201200"}],"wp:attachment":[{"href":"https:\/\/mod.wisdar.net\/tr\/wp-json\/wp\/v2\/media?parent=201206"}],"wp:term":[{"taxonomy":"product_brand","embeddable":true,"href":"https:\/\/mod.wisdar.net\/tr\/wp-json\/wp\/v2\/product_brand?post=201206"},{"taxonomy":"product_cat","embeddable":true,"href":"https:\/\/mod.wisdar.net\/tr\/wp-json\/wp\/v2\/product_cat?post=201206"},{"taxonomy":"product_tag","embeddable":true,"href":"https:\/\/mod.wisdar.net\/tr\/wp-json\/wp\/v2\/product_tag?post=201206"}],"curies":[{"name":"wp","href":"https:\/\/api.w.org\/{rel}","templated":true}]}}