{"id":201363,"date":"2026-04-03T13:49:47","date_gmt":"2026-04-03T13:49:47","guid":{"rendered":"https:\/\/modesthanim.com\/product\/simli-triko-tunik-altin\/"},"modified":"2026-04-10T07:51:37","modified_gmt":"2026-04-10T07:51:37","slug":"simli-triko-tunik-altin","status":"publish","type":"product","link":"https:\/\/mod.wisdar.net\/tr\/urun\/simli-triko-tunik-altin\/","title":{"rendered":"Simli Triko Tunik Alt\u0131n"},"content":{"rendered":"<p>Bu alt\u0131n rengi simli triko tunik, \u015f\u0131kl\u0131k ve konforu bir araya getiriyor. G\u00fcnl\u00fck kullan\u0131ma uygun olan bu \u00fcr\u00fcn, hem i\u015f hem de sosyal ortamlarda rahatl\u0131kla tercih edilebilir. Kaliteli kuma\u015f\u0131 ve \u00f6zenli i\u015f\u00e7ili\u011fi ile gard\u0131robunuzun vazge\u00e7ilmez par\u00e7alar\u0131ndan biri olacak.<\/p>\n","protected":false},"excerpt":{"rendered":"<p>Bu alt\u0131n rengi simli triko tunik, \u015f\u0131kl\u0131k ve konforu bir araya getiriyor. G\u00fcnl\u00fck kullan\u0131ma uygun olan bu \u00fcr\u00fcn, hem i\u015f hem de sosyal ortamlarda rahatl\u0131kla tercih edilebilir. Kaliteli kuma\u015f\u0131 ve \u00f6zenli i\u015f\u00e7ili\u011fi ile gard\u0131robunuzun vazge\u00e7ilmez par\u00e7alar\u0131ndan biri olacak.<\/p>\n","protected":false},"featured_media":201347,"comment_status":"open","ping_status":"closed","template":"","meta":[],"product_brand":[],"product_cat":[2050,1909],"product_tag":[],"class_list":{"0":"post-201363","1":"product","2":"type-product","3":"status-publish","4":"has-post-thumbnail","6":"product_cat-blazer-ceketler","7":"product_cat-bluzlar-ve-gomlekler","8":"pa_brand-markasiz","9":"pa_color-gold","10":"pa_size-std","12":"first","13":"outofstock","14":"shipping-taxable","15":"product-type-variable"},"_links":{"self":[{"href":"https:\/\/mod.wisdar.net\/tr\/wp-json\/wp\/v2\/product\/201363","targetHints":{"allow":["GET"]}}],"collection":[{"href":"https:\/\/mod.wisdar.net\/tr\/wp-json\/wp\/v2\/product"}],"about":[{"href":"https:\/\/mod.wisdar.net\/tr\/wp-json\/wp\/v2\/types\/product"}],"replies":[{"embeddable":true,"href":"https:\/\/mod.wisdar.net\/tr\/wp-json\/wp\/v2\/comments?post=201363"}],"wp:featuredmedia":[{"embeddable":true,"href":"https:\/\/mod.wisdar.net\/tr\/wp-json\/wp\/v2\/media\/201347"}],"wp:attachment":[{"href":"https:\/\/mod.wisdar.net\/tr\/wp-json\/wp\/v2\/media?parent=201363"}],"wp:term":[{"taxonomy":"product_brand","embeddable":true,"href":"https:\/\/mod.wisdar.net\/tr\/wp-json\/wp\/v2\/product_brand?post=201363"},{"taxonomy":"product_cat","embeddable":true,"href":"https:\/\/mod.wisdar.net\/tr\/wp-json\/wp\/v2\/product_cat?post=201363"},{"taxonomy":"product_tag","embeddable":true,"href":"https:\/\/mod.wisdar.net\/tr\/wp-json\/wp\/v2\/product_tag?post=201363"}],"curies":[{"name":"wp","href":"https:\/\/api.w.org\/{rel}","templated":true}]}}