{"id":201374,"date":"2026-04-03T13:50:06","date_gmt":"2026-04-03T13:50:06","guid":{"rendered":"https:\/\/modesthanim.com\/product\/city-fermuarli-hirka-bordo\/"},"modified":"2026-04-10T08:01:42","modified_gmt":"2026-04-10T08:01:42","slug":"city-fermuarli-hirka-bordo","status":"publish","type":"product","link":"https:\/\/mod.wisdar.net\/tr\/urun\/city-fermuarli-hirka-bordo\/","title":{"rendered":"C\u0130TY FERMUARLI HIRKA Bordo"},"content":{"rendered":"<p>\u015e\u0131k ve modern tasar\u0131m\u0131yla \u015fehir hayat\u0131na uygun bu fermuarl\u0131 h\u0131rka, g\u00fcnl\u00fck kombinlerinizde rahatl\u0131k ve tarz\u0131 bir araya getiriyor. Kaliteli kuma\u015f\u0131 ve zarif bordo rengi ile her mevsim favoriniz olacak.<\/p>\n","protected":false},"excerpt":{"rendered":"<p>\u015e\u0131k ve modern tasar\u0131m\u0131yla \u015fehir hayat\u0131na uygun bu fermuarl\u0131 h\u0131rka, g\u00fcnl\u00fck kombinlerinizde rahatl\u0131k ve tarz\u0131 bir araya getiriyor. Kaliteli kuma\u015f\u0131 ve zarif bordo rengi ile her mevsim favoriniz olacak.<\/p>\n","protected":false},"featured_media":201371,"comment_status":"open","ping_status":"closed","template":"","meta":[],"product_brand":[],"product_cat":[1909],"product_tag":[],"class_list":{"0":"post-201374","1":"product","2":"type-product","3":"status-publish","4":"has-post-thumbnail","6":"product_cat-bluzlar-ve-gomlekler","7":"pa_brand-markasiz","8":"pa_color-bordo","9":"pa_size-std","11":"first","12":"outofstock","13":"shipping-taxable","14":"product-type-variable"},"_links":{"self":[{"href":"https:\/\/mod.wisdar.net\/tr\/wp-json\/wp\/v2\/product\/201374","targetHints":{"allow":["GET"]}}],"collection":[{"href":"https:\/\/mod.wisdar.net\/tr\/wp-json\/wp\/v2\/product"}],"about":[{"href":"https:\/\/mod.wisdar.net\/tr\/wp-json\/wp\/v2\/types\/product"}],"replies":[{"embeddable":true,"href":"https:\/\/mod.wisdar.net\/tr\/wp-json\/wp\/v2\/comments?post=201374"}],"wp:featuredmedia":[{"embeddable":true,"href":"https:\/\/mod.wisdar.net\/tr\/wp-json\/wp\/v2\/media\/201371"}],"wp:attachment":[{"href":"https:\/\/mod.wisdar.net\/tr\/wp-json\/wp\/v2\/media?parent=201374"}],"wp:term":[{"taxonomy":"product_brand","embeddable":true,"href":"https:\/\/mod.wisdar.net\/tr\/wp-json\/wp\/v2\/product_brand?post=201374"},{"taxonomy":"product_cat","embeddable":true,"href":"https:\/\/mod.wisdar.net\/tr\/wp-json\/wp\/v2\/product_cat?post=201374"},{"taxonomy":"product_tag","embeddable":true,"href":"https:\/\/mod.wisdar.net\/tr\/wp-json\/wp\/v2\/product_tag?post=201374"}],"curies":[{"name":"wp","href":"https:\/\/api.w.org\/{rel}","templated":true}]}}