{"id":201424,"date":"2026-04-03T13:50:44","date_gmt":"2026-04-03T13:50:44","guid":{"rendered":"https:\/\/modesthanim.com\/product\/denim-bol-kesim-yuksek-bel-lacivert-pantolon-2\/"},"modified":"2026-04-15T22:01:01","modified_gmt":"2026-04-15T22:01:01","slug":"denim-bol-kesim-yuksek-bel-lacivert-pantolon-2","status":"publish","type":"product","link":"https:\/\/mod.wisdar.net\/tr\/urun\/denim-bol-kesim-yuksek-bel-lacivert-pantolon-2\/","title":{"rendered":"Denim Bol Kesim Y\u00fcksek Bel Lacivert Pantolon"},"content":{"rendered":"<p>DEN\u0130M BOL KES\u0130M Y\u00dcKSEL BEL LAC\u0130VERT PANTOLON \u00d6ZELL\u0130KLER\u0130 Pamuklu denim kuma\u015ftan \u00fcretilmi\u015f, y\u00fcksel bel, \u00f6nden pile detayl\u0131, cepli, d\u00fc\u011fme ve fermuar kapamal\u0131, arkas\u0131 lastikli, kemer k\u00f6pr\u00fcl\u00fc, geni\u015f pa\u00e7al\u0131, normal kal\u0131p, denim bol kesim y\u00fcksek bel pantolon. \u0130\u00c7ER\u0130\u011e\u0130 VE YIKANMASI %100 Pamuk 30 derecede hassas, sentetik ve narin programlar\u0131 ile y\u0131kanmal\u0131d\u0131r. El ile \u00f6l\u00e7\u00fcmlerde 2-3 cm farkl\u0131l\u0131k g\u00f6sterebilir. Manken Bedeni: 36 Manken \u00d6l\u00e7\u00fcs\u00fc: Boy: 1.74 cm, G\u00f6\u011f\u00fcs: 78 cm, Bel: 58 cm, Basen: 87 cm<\/p>\n","protected":false},"excerpt":{"rendered":"<p>DEN\u0130M BOL KES\u0130M Y\u00dcKSEL BEL LAC\u0130VERT PANTOLON \u00d6ZELL\u0130KLER\u0130 Pamuklu denim kuma\u015ftan \u00fcretilmi\u015f, y\u00fcksel bel, \u00f6nden pile detayl\u0131, cepli, d\u00fc\u011fme ve fermuar kapamal\u0131, arkas\u0131 lastikli, kemer k\u00f6pr\u00fcl\u00fc, geni\u015f pa\u00e7al\u0131, normal kal\u0131p, denim bol kesim y\u00fcksek bel pantolon. \u0130\u00c7ER\u0130\u011e\u0130 VE YIKANMASI %100 Pamuk 30 derecede hassas, sentetik ve narin programlar\u0131 ile y\u0131kanmal\u0131d\u0131r. El ile \u00f6l\u00e7\u00fcmlerde 2-3 cm [&hellip;]<\/p>\n","protected":false},"featured_media":201415,"comment_status":"open","ping_status":"closed","template":"","meta":[],"product_brand":[],"product_cat":[1882],"product_tag":[7490,7844,7419,7489],"class_list":{"0":"post-201424","1":"product","2":"type-product","3":"status-publish","4":"has-post-thumbnail","6":"product_cat-alt-giyim","7":"product_tag-bol-paca-2","8":"product_tag-denim","9":"product_tag-gunluk","10":"product_tag-yuksek-bel-2","11":"pa_brand-hooopstore","12":"pa_color-lacivert","13":"pa_size-large","14":"pa_size-medium","15":"pa_size-small","16":"pa_size-xlarge","17":"pa_size-xxlarge","19":"first","20":"outofstock","21":"shipping-taxable","22":"product-type-variable"},"_links":{"self":[{"href":"https:\/\/mod.wisdar.net\/tr\/wp-json\/wp\/v2\/product\/201424","targetHints":{"allow":["GET"]}}],"collection":[{"href":"https:\/\/mod.wisdar.net\/tr\/wp-json\/wp\/v2\/product"}],"about":[{"href":"https:\/\/mod.wisdar.net\/tr\/wp-json\/wp\/v2\/types\/product"}],"replies":[{"embeddable":true,"href":"https:\/\/mod.wisdar.net\/tr\/wp-json\/wp\/v2\/comments?post=201424"}],"wp:featuredmedia":[{"embeddable":true,"href":"https:\/\/mod.wisdar.net\/tr\/wp-json\/wp\/v2\/media\/201415"}],"wp:attachment":[{"href":"https:\/\/mod.wisdar.net\/tr\/wp-json\/wp\/v2\/media?parent=201424"}],"wp:term":[{"taxonomy":"product_brand","embeddable":true,"href":"https:\/\/mod.wisdar.net\/tr\/wp-json\/wp\/v2\/product_brand?post=201424"},{"taxonomy":"product_cat","embeddable":true,"href":"https:\/\/mod.wisdar.net\/tr\/wp-json\/wp\/v2\/product_cat?post=201424"},{"taxonomy":"product_tag","embeddable":true,"href":"https:\/\/mod.wisdar.net\/tr\/wp-json\/wp\/v2\/product_tag?post=201424"}],"curies":[{"name":"wp","href":"https:\/\/api.w.org\/{rel}","templated":true}]}}