{"id":201427,"date":"2026-04-03T13:50:47","date_gmt":"2026-04-03T13:50:47","guid":{"rendered":"https:\/\/modesthanim.com\/product\/kiz-cocuk-pamuklu-slim-fit-kisa-kollu-bisiklet-yaka-yandan-buzgu-detayli-cizgili-crop-tisort-2\/"},"modified":"2026-04-15T20:48:15","modified_gmt":"2026-04-15T20:48:15","slug":"kiz-cocuk-pamuklu-slim-fit-kisa-kollu-bisiklet-yaka-yandan-buzgu-detayli-cizgili-crop-tisort-2","status":"publish","type":"product","link":"https:\/\/mod.wisdar.net\/tr\/urun\/kiz-cocuk-pamuklu-slim-fit-kisa-kollu-bisiklet-yaka-yandan-buzgu-detayli-cizgili-crop-tisort-2\/","title":{"rendered":"K\u0131z \u00c7ocuk Pamuklu Slim Fit K\u0131sa Kollu Bisiklet Yaka Yandan B\u00fczg\u00fc Detayl\u0131 \u00c7izgili Crop Ti\u015f\u00f6rt"},"content":{"rendered":"<p>K\u0131z \u00e7ocuklar i\u00e7in tasarlanan pamuklu ti\u015f\u00f6rt, yumu\u015fak dokusuyla g\u00fcn boyu rahatl\u0131k sunuyor. K\u0131sa kollu ve bisiklet yaka tasar\u0131m\u0131yla s\u0131cak havalarda serin tutuyor. Yan k\u0131s\u0131mda b\u00fczg\u00fc detay\u0131 ile hareketlilik kazanan ti\u015f\u00f6rt, e\u011flenceli ve enerjik bir g\u00f6r\u00fcn\u00fcm sa\u011fl\u0131yor.<\/p>\n<p>\u00dcr\u00fcn \u00d6zellikleri<br \/>\nKol Tipi: K\u0131sa Kol<br \/>\nYaka Tipi: Bisiklet Yaka<br \/>\nFit: Slim Fit<br \/>\nBoy: Crop<br \/>\nDetay: B\u00fczg\u00fcl\u00fc<br \/>\nKuma\u015f: %100 Pamuk<br \/>\nKullan\u0131m Alan\u0131: G\u00fcnl\u00fck Giyim<\/p>\n<p>Koton k\u0131z \u00e7ocuk giyim koleksiyonu, enerjik ve e\u011flenceli tasar\u0131mlar\u0131yla miniklerin d\u00fcnyas\u0131n\u0131 renklendiriyor! Koton Kids koleksiyonuyla her an rahat ve tarz olun!<\/p>\n","protected":false},"excerpt":{"rendered":"<p>K\u0131z \u00e7ocuklar i\u00e7in tasarlanan pamuklu ti\u015f\u00f6rt, yumu\u015fak dokusuyla g\u00fcn boyu rahatl\u0131k sunuyor. K\u0131sa kollu ve bisiklet yaka tasar\u0131m\u0131yla s\u0131cak havalarda serin tutuyor. Yan k\u0131s\u0131mda b\u00fczg\u00fc detay\u0131 ile hareketlilik kazanan ti\u015f\u00f6rt, e\u011flenceli ve enerjik bir g\u00f6r\u00fcn\u00fcm sa\u011fl\u0131yor. \u00dcr\u00fcn \u00d6zellikleri Kol Tipi: K\u0131sa Kol Yaka Tipi: Bisiklet Yaka Fit: Slim Fit Boy: Crop Detay: B\u00fczg\u00fcl\u00fc Kuma\u015f: %100 [&hellip;]<\/p>\n","protected":false},"featured_media":201418,"comment_status":"open","ping_status":"closed","template":"","meta":[],"product_brand":[],"product_cat":[8715,8694,8724],"product_tag":[7396,7354,7310],"class_list":{"0":"post-201427","1":"product","2":"type-product","3":"status-publish","4":"has-post-thumbnail","6":"product_cat-kiz-cocuklari-2-14-yas","7":"product_cat-cocuklar","8":"product_cat-tisortler-bluzlar","9":"product_tag-crop-top","10":"product_tag-gunluk-giyim-2","11":"product_tag-slim-fit","12":"pa_brand-koton","13":"pa_color-bej-cizgili","14":"pa_size-11-12-yas-2","15":"pa_size-13-14-yas-2","16":"pa_size-5-6-yas-2","17":"pa_size-6-7-yas-2","18":"pa_size-7-8-yas-2","19":"pa_size-9-10-yas-2","21":"first","22":"outofstock","23":"shipping-taxable","24":"product-type-variable"},"_links":{"self":[{"href":"https:\/\/mod.wisdar.net\/tr\/wp-json\/wp\/v2\/product\/201427","targetHints":{"allow":["GET"]}}],"collection":[{"href":"https:\/\/mod.wisdar.net\/tr\/wp-json\/wp\/v2\/product"}],"about":[{"href":"https:\/\/mod.wisdar.net\/tr\/wp-json\/wp\/v2\/types\/product"}],"replies":[{"embeddable":true,"href":"https:\/\/mod.wisdar.net\/tr\/wp-json\/wp\/v2\/comments?post=201427"}],"wp:featuredmedia":[{"embeddable":true,"href":"https:\/\/mod.wisdar.net\/tr\/wp-json\/wp\/v2\/media\/201418"}],"wp:attachment":[{"href":"https:\/\/mod.wisdar.net\/tr\/wp-json\/wp\/v2\/media?parent=201427"}],"wp:term":[{"taxonomy":"product_brand","embeddable":true,"href":"https:\/\/mod.wisdar.net\/tr\/wp-json\/wp\/v2\/product_brand?post=201427"},{"taxonomy":"product_cat","embeddable":true,"href":"https:\/\/mod.wisdar.net\/tr\/wp-json\/wp\/v2\/product_cat?post=201427"},{"taxonomy":"product_tag","embeddable":true,"href":"https:\/\/mod.wisdar.net\/tr\/wp-json\/wp\/v2\/product_tag?post=201427"}],"curies":[{"name":"wp","href":"https:\/\/api.w.org\/{rel}","templated":true}]}}