{"id":201447,"date":"2026-04-03T13:51:25","date_gmt":"2026-04-03T13:51:25","guid":{"rendered":"https:\/\/modesthanim.com\/product\/wide-leg-pamuklu-pantolon-kiz-bebek-2\/"},"modified":"2026-04-03T13:51:35","modified_gmt":"2026-04-03T13:51:35","slug":"wide-leg-pamuklu-pantolon-kiz-bebek-2","status":"publish","type":"product","link":"https:\/\/mod.wisdar.net\/tr\/urun\/wide-leg-pamuklu-pantolon-kiz-bebek-2\/","title":{"rendered":"W\u0131de Leg Pamuklu Pantolon K\u0131z Bebek"},"content":{"rendered":"<p>K\u0131z bebek wide leg pamuklu pantolon, yumu\u015fak ve nefes alabilen pamuklu kuma\u015f\u0131yla g\u00fcn boyu rahatl\u0131k sa\u011flar. Geni\u015f pa\u00e7a tasar\u0131m\u0131, miniklere modern ve \u015f\u0131k bir g\u00f6r\u00fcn\u00fcm kazand\u0131r\u0131r.<\/p>\n<p>\u2014 Technical Details \u2014<br \/>\nRenk: Mavi<br \/>\nKuma\u015f: Pamuklu<br \/>\nCinsiyet: K\u0131z Bebek<br \/>\nKal\u0131p: W\u0131de Leg<br \/>\nCep ve Fermuar Detay\u0131: Cepli<br \/>\nMen\u015fei: TR<br \/>\n\u00dcr\u00fcn Grubu: K\u0131z Bebek Jean<\/p>\n","protected":false},"excerpt":{"rendered":"<p>K\u0131z bebek wide leg pamuklu pantolon, yumu\u015fak ve nefes alabilen pamuklu kuma\u015f\u0131yla g\u00fcn boyu rahatl\u0131k sa\u011flar. Geni\u015f pa\u00e7a tasar\u0131m\u0131, miniklere modern ve \u015f\u0131k bir g\u00f6r\u00fcn\u00fcm kazand\u0131r\u0131r. \u2014 Technical Details \u2014 Renk: Mavi Kuma\u015f: Pamuklu Cinsiyet: K\u0131z Bebek Kal\u0131p: W\u0131de Leg Cep ve Fermuar Detay\u0131: Cepli Men\u015fei: TR \u00dcr\u00fcn Grubu: K\u0131z Bebek Jean<\/p>\n","protected":false},"featured_media":201443,"comment_status":"open","ping_status":"closed","template":"","meta":[],"product_brand":[],"product_cat":[8715,8694,8727,8697,8700],"product_tag":[4905,6761,7352,7488],"class_list":{"0":"post-201447","1":"product","2":"type-product","3":"status-publish","4":"has-post-thumbnail","6":"product_cat-kiz-cocuklari-2-14-yas","7":"product_cat-cocuklar","8":"product_cat-pantolon","9":"product_cat-yenidogan-0-12-ay","10":"product_cat-yenidogan-giyim","11":"product_tag-blue","12":"product_tag-bol-paca","13":"product_tag-cepli","14":"product_tag-pamuk","15":"pa_brand-defacto","16":"pa_color-koyu-mavi","17":"pa_size-12-18-ay-86cm","18":"pa_size-18-24-ay-92cm","19":"pa_size-2-3-yas-98cm","20":"pa_size-3-4-yas-104-cm","21":"pa_size-4-5-yas-110cm","22":"pa_size-5-6-yas-116cm","24":"first","25":"outofstock","26":"shipping-taxable","27":"product-type-variable"},"_links":{"self":[{"href":"https:\/\/mod.wisdar.net\/tr\/wp-json\/wp\/v2\/product\/201447","targetHints":{"allow":["GET"]}}],"collection":[{"href":"https:\/\/mod.wisdar.net\/tr\/wp-json\/wp\/v2\/product"}],"about":[{"href":"https:\/\/mod.wisdar.net\/tr\/wp-json\/wp\/v2\/types\/product"}],"replies":[{"embeddable":true,"href":"https:\/\/mod.wisdar.net\/tr\/wp-json\/wp\/v2\/comments?post=201447"}],"wp:featuredmedia":[{"embeddable":true,"href":"https:\/\/mod.wisdar.net\/tr\/wp-json\/wp\/v2\/media\/201443"}],"wp:attachment":[{"href":"https:\/\/mod.wisdar.net\/tr\/wp-json\/wp\/v2\/media?parent=201447"}],"wp:term":[{"taxonomy":"product_brand","embeddable":true,"href":"https:\/\/mod.wisdar.net\/tr\/wp-json\/wp\/v2\/product_brand?post=201447"},{"taxonomy":"product_cat","embeddable":true,"href":"https:\/\/mod.wisdar.net\/tr\/wp-json\/wp\/v2\/product_cat?post=201447"},{"taxonomy":"product_tag","embeddable":true,"href":"https:\/\/mod.wisdar.net\/tr\/wp-json\/wp\/v2\/product_tag?post=201447"}],"curies":[{"name":"wp","href":"https:\/\/api.w.org\/{rel}","templated":true}]}}