{"id":201471,"date":"2026-04-03T13:51:42","date_gmt":"2026-04-03T13:51:42","guid":{"rendered":"https:\/\/modesthanim.com\/product\/hayvan-desenli-7li-boxer-erkek-cocuk\/"},"modified":"2026-04-13T05:41:45","modified_gmt":"2026-04-13T05:41:45","slug":"hayvan-desenli-7li-boxer-erkek-cocuk","status":"publish","type":"product","link":"https:\/\/mod.wisdar.net\/tr\/urun\/hayvan-desenli-7li-boxer-erkek-cocuk\/","title":{"rendered":"Hayvan Desenli 7&#8217;li Boxer Erkek \u00c7ocuk"},"content":{"rendered":"<p>Renkli hayvan desenleriyle e\u011flenceli bir tarz sunan Erkek \u00c7ocuk Hayvan Desenli 7\u2019li Boxer, yumu\u015fak ve esnek kuma\u015f\u0131yla g\u00fcn boyu rahat bir kullan\u0131m sa\u011flar.<\/p>\n<p>\u2014 Technical Details \u2014<br \/>\nKal\u0131p: Regular F\u0131t<br \/>\nRenk: Beyaz<br \/>\nCinsiyet: Erkek \u00c7ocuk<br \/>\nDesen: Hayvan Desenli<br \/>\nTak\u0131m \u0130\u00e7eri\u011fi: 7&#8217;li<br \/>\n\u0130\u00e7 Giyim Kategori: Boxer<br \/>\nMarka: Defacto<br \/>\nMen\u015fei: TR<br \/>\n\u00dcr\u00fcn Grubu: Erkek \u00c7ocuk \u2013 Gen\u00e7 Erkek \u0130\u00e7 Giyim<\/p>\n","protected":false},"excerpt":{"rendered":"<p>Renkli hayvan desenleriyle e\u011flenceli bir tarz sunan Erkek \u00c7ocuk Hayvan Desenli 7\u2019li Boxer, yumu\u015fak ve esnek kuma\u015f\u0131yla g\u00fcn boyu rahat bir kullan\u0131m sa\u011flar. \u2014 Technical Details \u2014 Kal\u0131p: Regular F\u0131t Renk: Beyaz Cinsiyet: Erkek \u00c7ocuk Desen: Hayvan Desenli Tak\u0131m \u0130\u00e7eri\u011fi: 7&#8217;li \u0130\u00e7 Giyim Kategori: Boxer Marka: Defacto Men\u015fei: TR \u00dcr\u00fcn Grubu: Erkek \u00c7ocuk \u2013 Gen\u00e7 [&hellip;]<\/p>\n","protected":false},"featured_media":201466,"comment_status":"open","ping_status":"closed","template":"","meta":[],"product_brand":[],"product_cat":[8739,8757,8694],"product_tag":[10479,10478,10477,10476],"class_list":{"0":"post-201471","1":"product","2":"type-product","3":"status-publish","4":"has-post-thumbnail","6":"product_cat-erkek-cocuklar-2-14-yas","7":"product_cat-ic-giyim","8":"product_cat-cocuklar","9":"product_tag-animal-print-7-pack-boxers-boys","10":"product_tag-boys-young-men-animal-print-7-pack-boxers-boys","11":"product_tag-white-animal-print-7-pack-boxers-boys","12":"product_tag-white-boys-young-men-animal-print-7-pack-boxers-boys","13":"pa_brand-defacto","14":"pa_color-beyaz","15":"pa_size-2-3-yas-98cm","16":"pa_size-3-4-yas-104-cm","17":"pa_size-4-5-yas-110cm","18":"pa_size-5-6-yas-116cm","19":"pa_size-7-8-yas-128cm","21":"first","22":"instock","23":"sale","24":"shipping-taxable","25":"purchasable","26":"product-type-variable"},"_links":{"self":[{"href":"https:\/\/mod.wisdar.net\/tr\/wp-json\/wp\/v2\/product\/201471","targetHints":{"allow":["GET"]}}],"collection":[{"href":"https:\/\/mod.wisdar.net\/tr\/wp-json\/wp\/v2\/product"}],"about":[{"href":"https:\/\/mod.wisdar.net\/tr\/wp-json\/wp\/v2\/types\/product"}],"replies":[{"embeddable":true,"href":"https:\/\/mod.wisdar.net\/tr\/wp-json\/wp\/v2\/comments?post=201471"}],"wp:featuredmedia":[{"embeddable":true,"href":"https:\/\/mod.wisdar.net\/tr\/wp-json\/wp\/v2\/media\/201466"}],"wp:attachment":[{"href":"https:\/\/mod.wisdar.net\/tr\/wp-json\/wp\/v2\/media?parent=201471"}],"wp:term":[{"taxonomy":"product_brand","embeddable":true,"href":"https:\/\/mod.wisdar.net\/tr\/wp-json\/wp\/v2\/product_brand?post=201471"},{"taxonomy":"product_cat","embeddable":true,"href":"https:\/\/mod.wisdar.net\/tr\/wp-json\/wp\/v2\/product_cat?post=201471"},{"taxonomy":"product_tag","embeddable":true,"href":"https:\/\/mod.wisdar.net\/tr\/wp-json\/wp\/v2\/product_tag?post=201471"}],"curies":[{"name":"wp","href":"https:\/\/api.w.org\/{rel}","templated":true}]}}