{"id":201508,"date":"2026-04-03T13:52:16","date_gmt":"2026-04-03T13:52:16","guid":{"rendered":"https:\/\/modesthanim.com\/product\/serap-pileli-etek-takimi-erik-rengi\/"},"modified":"2026-04-03T13:52:31","modified_gmt":"2026-04-03T13:52:31","slug":"serap-pileli-etek-takimi-erik-rengi","status":"publish","type":"product","link":"https:\/\/mod.wisdar.net\/tr\/urun\/serap-pileli-etek-takimi-erik-rengi\/","title":{"rendered":"Serap Pileli Etek Tak\u0131m\u0131, Erik Rengi"},"content":{"rendered":"<p>Tak\u0131m, birinci s\u0131n\u0131f \u00e7ift krep kuma\u015ftan yap\u0131lm\u0131\u015ft\u0131r. Yelek tam boy d\u00fc\u011fme detaylar\u0131na sahiptir. Yelekte cepler bulunmaktad\u0131r. Etek elastik bel band\u0131na sahiptir ve pile detaylar\u0131 ile detayland\u0131r\u0131lm\u0131\u015ft\u0131r. Yelek uzunlu\u011fu: 65 cm, Omuz: 51 cm, G\u00f6\u011f\u00fcs: 47 cm, Bel: 44 cm. Etek uzunlu\u011fu: 90 cm, Bel: 33 cm.<\/p>\n","protected":false},"excerpt":{"rendered":"<p>Tak\u0131m, birinci s\u0131n\u0131f \u00e7ift krep kuma\u015ftan yap\u0131lm\u0131\u015ft\u0131r. Yelek tam boy d\u00fc\u011fme detaylar\u0131na sahiptir. Yelekte cepler bulunmaktad\u0131r. Etek elastik bel band\u0131na<\/p>\n","protected":false},"featured_media":201503,"comment_status":"open","ping_status":"closed","template":"","meta":[],"product_brand":[],"product_cat":[12977],"product_tag":[],"class_list":{"0":"post-201508","1":"product","2":"type-product","3":"status-publish","4":"has-post-thumbnail","6":"product_cat-accessories-men","8":"first","9":"instock","10":"sale","11":"shipping-taxable","12":"purchasable","13":"product-type-variable"},"_links":{"self":[{"href":"https:\/\/mod.wisdar.net\/tr\/wp-json\/wp\/v2\/product\/201508","targetHints":{"allow":["GET"]}}],"collection":[{"href":"https:\/\/mod.wisdar.net\/tr\/wp-json\/wp\/v2\/product"}],"about":[{"href":"https:\/\/mod.wisdar.net\/tr\/wp-json\/wp\/v2\/types\/product"}],"replies":[{"embeddable":true,"href":"https:\/\/mod.wisdar.net\/tr\/wp-json\/wp\/v2\/comments?post=201508"}],"version-history":[{"count":0,"href":"https:\/\/mod.wisdar.net\/tr\/wp-json\/wp\/v2\/product\/201508\/revisions"}],"wp:featuredmedia":[{"embeddable":true,"href":"https:\/\/mod.wisdar.net\/tr\/wp-json\/wp\/v2\/media\/201503"}],"wp:attachment":[{"href":"https:\/\/mod.wisdar.net\/tr\/wp-json\/wp\/v2\/media?parent=201508"}],"wp:term":[{"taxonomy":"product_brand","embeddable":true,"href":"https:\/\/mod.wisdar.net\/tr\/wp-json\/wp\/v2\/product_brand?post=201508"},{"taxonomy":"product_cat","embeddable":true,"href":"https:\/\/mod.wisdar.net\/tr\/wp-json\/wp\/v2\/product_cat?post=201508"},{"taxonomy":"product_tag","embeddable":true,"href":"https:\/\/mod.wisdar.net\/tr\/wp-json\/wp\/v2\/product_tag?post=201508"}],"curies":[{"name":"wp","href":"https:\/\/api.w.org\/{rel}","templated":true}]}}