{"id":201538,"date":"2026-04-03T13:52:30","date_gmt":"2026-04-03T13:52:30","guid":{"rendered":"https:\/\/modesthanim.com\/product\/asil-elbise-aci-kahve\/"},"modified":"2026-04-03T13:52:47","modified_gmt":"2026-04-03T13:52:47","slug":"asil-elbise-aci-kahve","status":"publish","type":"product","link":"https:\/\/mod.wisdar.net\/tr\/urun\/asil-elbise-aci-kahve\/","title":{"rendered":"Asil Elbise Ac\u0131 kahve"},"content":{"rendered":"<p>Elbise 1. S\u0131n\u0131f Dantel Kuma\u015ft\u0131r.<br \/>\nElbise Yaka Arkas\u0131ndan Fermuarl\u0131d\u0131r.<br \/>\nElbise Bisiklet Yakal\u0131d\u0131r.<br \/>\nElbise \u00c7\u0131kar\u0131labilir Seyyar Kemer Detayl\u0131d\u0131r.<br \/>\nElbise Dar Kal\u0131p Esnek Yap\u0131l\u0131d\u0131r 1 Beden B\u00fcy\u00fck Tercih Edilebilir.<br \/>\nElbise Boy: 139cm Omuz: 40 cm<br \/>\nG\u00f6\u011f\u00fcs: 45cm  Bel: 35cm<\/p>\n","protected":false},"excerpt":{"rendered":"<p>Elbise 1. S\u0131n\u0131f Dantel Kuma\u015ft\u0131r. Elbise Yaka Arkas\u0131ndan Fermuarl\u0131d\u0131r. Elbise Bisiklet Yakal\u0131d\u0131r. Elbise \u00c7\u0131kar\u0131labilir Seyyar Kemer Detayl\u0131d\u0131r. Elbise Dar Kal\u0131p Esnek Yap\u0131l\u0131d\u0131r 1 Beden B\u00fcy\u00fck Tercih Edilebilir. Elbise Boy: 139cm Omuz: 40 cm G\u00f6\u011f\u00fcs: 45cm Bel: 35cm<\/p>\n","protected":false},"featured_media":201535,"comment_status":"open","ping_status":"closed","template":"","meta":[],"product_brand":[],"product_cat":[6249,1933],"product_tag":[7250,5012,7310],"class_list":{"0":"post-201538","1":"product","2":"type-product","3":"status-publish","4":"has-post-thumbnail","6":"product_cat-elbiseler","7":"product_cat-gunluk-ve-gunduz-elbiseleri","8":"product_tag-aci-kahve-rengi","9":"product_tag-elegant","10":"product_tag-slim-fit","11":"pa_brand-butikkolik","12":"pa_color-aci-kahve-1","13":"pa_size-4701","14":"pa_size-4706","15":"pa_size-4711","16":"pa_size-4713","17":"pa_size-4751","18":"pa_size-4749","20":"first","21":"instock","22":"sale","23":"shipping-taxable","24":"purchasable","25":"product-type-variable"},"_links":{"self":[{"href":"https:\/\/mod.wisdar.net\/tr\/wp-json\/wp\/v2\/product\/201538","targetHints":{"allow":["GET"]}}],"collection":[{"href":"https:\/\/mod.wisdar.net\/tr\/wp-json\/wp\/v2\/product"}],"about":[{"href":"https:\/\/mod.wisdar.net\/tr\/wp-json\/wp\/v2\/types\/product"}],"replies":[{"embeddable":true,"href":"https:\/\/mod.wisdar.net\/tr\/wp-json\/wp\/v2\/comments?post=201538"}],"wp:featuredmedia":[{"embeddable":true,"href":"https:\/\/mod.wisdar.net\/tr\/wp-json\/wp\/v2\/media\/201535"}],"wp:attachment":[{"href":"https:\/\/mod.wisdar.net\/tr\/wp-json\/wp\/v2\/media?parent=201538"}],"wp:term":[{"taxonomy":"product_brand","embeddable":true,"href":"https:\/\/mod.wisdar.net\/tr\/wp-json\/wp\/v2\/product_brand?post=201538"},{"taxonomy":"product_cat","embeddable":true,"href":"https:\/\/mod.wisdar.net\/tr\/wp-json\/wp\/v2\/product_cat?post=201538"},{"taxonomy":"product_tag","embeddable":true,"href":"https:\/\/mod.wisdar.net\/tr\/wp-json\/wp\/v2\/product_tag?post=201538"}],"curies":[{"name":"wp","href":"https:\/\/api.w.org\/{rel}","templated":true}]}}